{"id":10708,"date":"2026-02-24T11:14:09","date_gmt":"2026-02-24T10:14:09","guid":{"rendered":"https:\/\/dev.hifu-prostate.fr\/fr\/?page_id=10708"},"modified":"2026-02-24T11:47:43","modified_gmt":"2026-02-24T10:47:43","slug":"donnez-votre-avis","status":"publish","type":"page","link":"https:\/\/dev.hifu-prostate.fr\/fr\/donnez-votre-avis\/","title":{"rendered":"Donnez votre avis"},"content":{"rendered":"\t\t<div data-elementor-type=\"wp-page\" data-elementor-id=\"10708\" class=\"elementor elementor-10708\" data-elementor-post-type=\"page\">\n\t\t\t\t<div class=\"elementor-element elementor-element-1b23e5d e-flex e-con-boxed e-con e-parent\" data-id=\"1b23e5d\" data-element_type=\"container\">\n\t\t\t\t\t<div class=\"e-con-inner\">\n\t\t\t\t<div class=\"elementor-element elementor-element-9239c40 elementor-align-left elementor-widget elementor-widget-breadcrumbs\" data-id=\"9239c40\" data-element_type=\"widget\" data-widget_type=\"breadcrumbs.default\">\n\t\t\t\t<div class=\"elementor-widget-container\">\n\t\t\t\t\t<p id=\"breadcrumbs\"><span><span><a href=\"https:\/\/dev.hifu-prostate.fr\/fr\/\">Accueil<\/a><\/span><\/span><\/p>\t\t\t\t<\/div>\n\t\t\t\t<\/div>\n\t\t\t\t\t<\/div>\n\t\t\t\t<\/div>\n\t\t<div class=\"elementor-element elementor-element-fc9420b e-flex e-con-boxed e-con e-parent\" data-id=\"fc9420b\" data-element_type=\"container\">\n\t\t\t\t\t<div class=\"e-con-inner\">\n\t\t<div class=\"elementor-element elementor-element-00f6fb8 e-con-full hp-leadline e-flex e-con e-child\" data-id=\"00f6fb8\" data-element_type=\"container\">\n\t\t\t\t<div class=\"elementor-element elementor-element-a859f60 elementor-widget elementor-widget-html\" data-id=\"a859f60\" data-element_type=\"widget\" data-widget_type=\"html.default\">\n\t\t\t\t<div class=\"elementor-widget-container\">\n\t\t\t\t\t<h1 class=\"hp-lead-title\">\n  <strong>Donnez votre avis<\/strong>\n<\/h1>\t\t\t\t<\/div>\n\t\t\t\t<\/div>\n\t\t\t\t<\/div>\n\t\t\t\t\t<\/div>\n\t\t\t\t<\/div>\n\t\t<div class=\"elementor-element elementor-element-6242896 e-flex e-con-boxed e-con e-parent\" data-id=\"6242896\" data-element_type=\"container\">\n\t\t\t\t\t<div class=\"e-con-inner\">\n\t\t<div class=\"elementor-element elementor-element-6780eac e-con-full e-flex e-con e-child\" data-id=\"6780eac\" data-element_type=\"container\">\n\t\t\t\t<div class=\"elementor-element elementor-element-7b74f50 elementor-widget elementor-widget-text-editor\" data-id=\"7b74f50\" data-element_type=\"widget\" data-widget_type=\"text-editor.default\">\n\t\t\t\t<div class=\"elementor-widget-container\">\n\t\t\t\t\t\t\t\t\t<p><strong>Introduction<\/strong><\/p><p>Votre avis nous aide \u00e0 am\u00e9liorer notre site et les informations propos\u00e9es. Merci de r\u00e9pondre \u00e0 ces quelques questions.<\/p>\t\t\t\t\t\t\t\t<\/div>\n\t\t\t\t<\/div>\n\t\t\t\t<\/div>\n\t\t\t\t\t<\/div>\n\t\t\t\t<\/div>\n\t\t<div class=\"elementor-element elementor-element-c46ba5f e-flex e-con-boxed e-con e-parent\" data-id=\"c46ba5f\" data-element_type=\"container\">\n\t\t\t\t\t<div class=\"e-con-inner\">\n\t\t<div class=\"elementor-element elementor-element-c62b562 e-con-full e-flex e-con e-child\" data-id=\"c62b562\" data-element_type=\"container\">\n\t\t\t\t<div class=\"elementor-element elementor-element-07866d3 elementor-button-align-stretch elementor-widget elementor-widget-form\" data-id=\"07866d3\" data-element_type=\"widget\" data-settings=\"{&quot;button_width&quot;:&quot;20&quot;,&quot;step_next_label&quot;:&quot;Suivant&quot;,&quot;step_previous_label&quot;:&quot;Pr\\u00e9c\\u00e9dent&quot;,&quot;step_type&quot;:&quot;number_text&quot;,&quot;step_icon_shape&quot;:&quot;circle&quot;}\" data-widget_type=\"form.default\">\n\t\t\t\t<div class=\"elementor-widget-container\">\n\t\t\t\t\t\t\t<form class=\"elementor-form\" method=\"post\" name=\"Nouveau formulaire\" aria-label=\"Nouveau formulaire\">\n\t\t\t<input type=\"hidden\" name=\"post_id\" value=\"10708\"\/>\n\t\t\t<input type=\"hidden\" name=\"form_id\" value=\"07866d3\"\/>\n\t\t\t<input type=\"hidden\" name=\"referer_title\" value=\"Donnez votre avis | HIFU-PROSTATE FR\" \/>\n\n\t\t\t\t\t\t\t<input type=\"hidden\" name=\"queried_id\" value=\"10708\"\/>\n\t\t\t\n\t\t\t<div class=\"elementor-form-fields-wrapper elementor-labels-above\">\n\t\t\t\t\t\t\t\t<div class=\"elementor-field-type-radio elementor-field-group elementor-column elementor-field-group-infos elementor-col-60 elementor-field-required\">\n\t\t\t\t\t\t\t\t\t\t\t\t<label for=\"form-field-infos\" class=\"elementor-field-label\">\n\t\t\t\t\t\t\t\tLes informations \u00e9taient-elles claires et compr\u00e9hensibles ?\t\t\t\t\t\t\t<\/label>\n\t\t\t\t\t\t<div class=\"elementor-field-subgroup  elementor-subgroup-inline\"><span class=\"elementor-field-option\"><input type=\"radio\" value=\"Tout \u00e0 fait\" id=\"form-field-infos-0\" name=\"form_fields[infos]\" required=\"required\"> <label for=\"form-field-infos-0\">Tout \u00e0 fait<\/label><\/span><span class=\"elementor-field-option\"><input type=\"radio\" value=\"Plut\u00f4t\" id=\"form-field-infos-1\" name=\"form_fields[infos]\" required=\"required\"> <label for=\"form-field-infos-1\">Plut\u00f4t<\/label><\/span><span class=\"elementor-field-option\"><input type=\"radio\" value=\"Moyennement\" id=\"form-field-infos-2\" name=\"form_fields[infos]\" required=\"required\"> <label for=\"form-field-infos-2\">Moyennement<\/label><\/span><span class=\"elementor-field-option\"><input type=\"radio\" value=\"Peu\" id=\"form-field-infos-3\" name=\"form_fields[infos]\" required=\"required\"> <label for=\"form-field-infos-3\">Peu<\/label><\/span><\/div>\t\t\t\t<\/div>\n\t\t\t\t\t\t\t\t<div class=\"elementor-field-type-radio elementor-field-group elementor-column elementor-field-group-fiable elementor-col-60 elementor-field-required\">\n\t\t\t\t\t\t\t\t\t\t\t\t<label for=\"form-field-fiable\" class=\"elementor-field-label\">\n\t\t\t\t\t\t\t\tLes informations vous ont-elles sembl\u00e9 fiables et cr\u00e9dibles ?\t\t\t\t\t\t\t<\/label>\n\t\t\t\t\t\t<div class=\"elementor-field-subgroup  elementor-subgroup-inline\"><span class=\"elementor-field-option\"><input type=\"radio\" value=\"Tout \u00e0 fait\" id=\"form-field-fiable-0\" name=\"form_fields[fiable]\" required=\"required\"> <label for=\"form-field-fiable-0\">Tout \u00e0 fait<\/label><\/span><span class=\"elementor-field-option\"><input type=\"radio\" value=\"Plut\u00f4t\" id=\"form-field-fiable-1\" name=\"form_fields[fiable]\" required=\"required\"> <label for=\"form-field-fiable-1\">Plut\u00f4t<\/label><\/span><span class=\"elementor-field-option\"><input type=\"radio\" value=\"Moyennement\" id=\"form-field-fiable-2\" name=\"form_fields[fiable]\" required=\"required\"> <label for=\"form-field-fiable-2\">Moyennement<\/label><\/span><span class=\"elementor-field-option\"><input type=\"radio\" value=\"Peu\" id=\"form-field-fiable-3\" name=\"form_fields[fiable]\" required=\"required\"> <label for=\"form-field-fiable-3\">Peu<\/label><\/span><\/div>\t\t\t\t<\/div>\n\t\t\t\t\t\t\t\t<div class=\"elementor-field-type-radio elementor-field-group elementor-column elementor-field-group-navigation elementor-col-70 elementor-field-required\">\n\t\t\t\t\t\t\t\t\t\t\t\t<label for=\"form-field-navigation\" class=\"elementor-field-label\">\n\t\t\t\t\t\t\t\tLa mise en page et la navigation vous ont-elles permis de trouver facilement ce que vous cherchiez ?\t\t\t\t\t\t\t<\/label>\n\t\t\t\t\t\t<div class=\"elementor-field-subgroup  elementor-subgroup-inline\"><span class=\"elementor-field-option\"><input type=\"radio\" value=\"Tout \u00e0 fait\" id=\"form-field-navigation-0\" name=\"form_fields[navigation]\" required=\"required\"> <label for=\"form-field-navigation-0\">Tout \u00e0 fait<\/label><\/span><span class=\"elementor-field-option\"><input type=\"radio\" value=\"Plut\u00f4t\" id=\"form-field-navigation-1\" name=\"form_fields[navigation]\" required=\"required\"> <label for=\"form-field-navigation-1\">Plut\u00f4t<\/label><\/span><span class=\"elementor-field-option\"><input type=\"radio\" value=\"Moyennement\" id=\"form-field-navigation-2\" name=\"form_fields[navigation]\" required=\"required\"> <label for=\"form-field-navigation-2\">Moyennement<\/label><\/span><span class=\"elementor-field-option\"><input type=\"radio\" value=\"Peu\" id=\"form-field-navigation-3\" name=\"form_fields[navigation]\" required=\"required\"> <label for=\"form-field-navigation-3\">Peu<\/label><\/span><\/div>\t\t\t\t<\/div>\n\t\t\t\t\t\t\t\t<div class=\"elementor-field-type-textarea elementor-field-group elementor-column elementor-field-group-suggestions elementor-col-60\">\n\t\t\t\t\t\t\t\t\t\t\t\t<label for=\"form-field-suggestions\" class=\"elementor-field-label\">\n\t\t\t\t\t\t\t\tQue pourrions-nous am\u00e9liorer ?\t\t\t\t\t\t\t<\/label>\n\t\t\t\t\t\t<textarea class=\"elementor-field-textual elementor-field  elementor-size-sm\" name=\"form_fields[suggestions]\" id=\"form-field-suggestions\" rows=\"4\" placeholder=\"Que pourrions-nous am\u00e9liorer ?\"><\/textarea>\t\t\t\t<\/div>\n\t\t\t\t\t\t\t\t<div class=\"elementor-field-type-textarea elementor-field-group elementor-column elementor-field-group-suggestioninfo elementor-col-100\">\n\t\t\t\t\t\t\t\t\t\t\t\t<label for=\"form-field-suggestioninfo\" class=\"elementor-field-label\">\n\t\t\t\t\t\t\t\tY a-t-il une information que vous auriez aim\u00e9 trouver ?\t\t\t\t\t\t\t<\/label>\n\t\t\t\t\t\t<textarea class=\"elementor-field-textual elementor-field  elementor-size-sm\" name=\"form_fields[suggestioninfo]\" id=\"form-field-suggestioninfo\" rows=\"4\" placeholder=\"Y a-t-il une information que vous auriez aim\u00e9 trouver ?\"><\/textarea>\t\t\t\t<\/div>\n\t\t\t\t\t\t\t\t<div class=\"elementor-field-type-recaptcha_v3 elementor-field-group elementor-column elementor-field-group-field_d18fbce elementor-col-100 recaptcha_v3-bottomleft\">\n\t\t\t\t\t<div class=\"elementor-field\" id=\"form-field-field_d18fbce\"><div class=\"elementor-g-recaptcha\" data-sitekey=\"6LdaNXYsAAAAALR6EKRl3GeNIMZzf_wQqMMPWu2R\" data-type=\"v3\" data-action=\"Form\" data-badge=\"bottomleft\" data-size=\"invisible\"><\/div><\/div>\t\t\t\t<\/div>\n\t\t\t\t\t\t\t\t<div class=\"elementor-field-group elementor-column elementor-field-type-submit elementor-col-20 e-form__buttons\">\n\t\t\t\t\t<button class=\"elementor-button elementor-size-sm\" type=\"submit\">\n\t\t\t\t\t\t<span class=\"elementor-button-content-wrapper\">\n\t\t\t\t\t\t\t\t\t\t\t\t\t\t\t\t\t\t\t\t\t\t<span class=\"elementor-button-text\">Envoyer<\/span>\n\t\t\t\t\t\t\t\t\t\t\t\t\t<\/span>\n\t\t\t\t\t<\/button>\n\t\t\t\t<\/div>\n\t\t\t<\/div>\n\t\t<\/form>\n\t\t\t\t\t\t<\/div>\n\t\t\t\t<\/div>\n\t\t\t\t<div class=\"elementor-element elementor-element-3b28c49 elementor-widget elementor-widget-text-editor\" data-id=\"3b28c49\" data-element_type=\"widget\" data-widget_type=\"text-editor.default\">\n\t\t\t\t<div class=\"elementor-widget-container\">\n\t\t\t\t\t\t\t\t\t<p><em>\u00ab\u00a0<\/em><em>Les informations recueillies via ce formulaire sont destin\u00e9es \u00e0 am\u00e9liorer la qualit\u00e9 des contenus propos\u00e9s sur le site HIFU Prostate.<br data-start=\"1147\" data-end=\"1150\" \/>Les r\u00e9ponses sont trait\u00e9es de mani\u00e8re confidentielle et ne sont pas utilis\u00e9es \u00e0 des fins commerciales.<br data-start=\"1254\" data-end=\"1257\" \/>Pour en savoir plus sur la gestion de vos donn\u00e9es et vos droits, consultez notre politique de protection des donn\u00e9es.\u00bb.<\/em><\/p>\t\t\t\t\t\t\t\t<\/div>\n\t\t\t\t<\/div>\n\t\t\t\t<\/div>\n\t\t\t\t\t<\/div>\n\t\t\t\t<\/div>\n\t\t\t\t<\/div>\n\t\t","protected":false},"excerpt":{"rendered":"<p>Donnez votre avis Introduction Votre avis nous aide \u00e0 am\u00e9liorer notre site et les informations propos\u00e9es. Merci de r\u00e9pondre \u00e0 ces quelques questions. \u00ab\u00a0Les informations recueillies via ce formulaire sont destin\u00e9es \u00e0 am\u00e9liorer la qualit\u00e9 des contenus propos\u00e9s sur le site HIFU Prostate.Les r\u00e9ponses sont trait\u00e9es de mani\u00e8re confidentielle et ne sont pas utilis\u00e9es \u00e0 [&hellip;]<\/p>\n","protected":false},"author":566,"featured_media":0,"parent":0,"menu_order":0,"comment_status":"closed","ping_status":"closed","template":"","meta":{"footnotes":""},"class_list":["post-10708","page","type-page","status-publish","hentry"],"yoast_head":"<!-- This site is optimized with the Yoast SEO plugin v26.3 - https:\/\/yoast.com\/wordpress\/plugins\/seo\/ -->\n<title>Donnez votre avis | HIFU-PROSTATE FR<\/title>\n<meta name=\"robots\" content=\"noindex, follow, max-snippet:-1, max-image-preview:large, max-video-preview:-1\" \/>\n<meta property=\"og:locale\" content=\"fr_FR\" \/>\n<meta property=\"og:type\" content=\"article\" \/>\n<meta property=\"og:title\" content=\"Donnez votre avis | HIFU-PROSTATE FR\" \/>\n<meta property=\"og:description\" content=\"Donnez votre avis Introduction Votre avis nous aide \u00e0 am\u00e9liorer notre site et les informations propos\u00e9es. Merci de r\u00e9pondre \u00e0 ces quelques questions. \u00ab\u00a0Les informations recueillies via ce formulaire sont destin\u00e9es \u00e0 am\u00e9liorer la qualit\u00e9 des contenus propos\u00e9s sur le site HIFU Prostate.Les r\u00e9ponses sont trait\u00e9es de mani\u00e8re confidentielle et ne sont pas utilis\u00e9es \u00e0 [&hellip;]\" \/>\n<meta property=\"og:url\" content=\"https:\/\/dev.hifu-prostate.fr\/fr\/donnez-votre-avis\/\" \/>\n<meta property=\"og:site_name\" content=\"HIFU-PROSTATE FR\" \/>\n<meta property=\"article:modified_time\" content=\"2026-02-24T10:47:43+00:00\" \/>\n<meta name=\"twitter:card\" content=\"summary_large_image\" \/>\n<meta name=\"twitter:label1\" content=\"Dur\u00e9e de lecture estim\u00e9e\" \/>\n\t<meta name=\"twitter:data1\" content=\"1 minute\" \/>\n<script type=\"application\/ld+json\" class=\"yoast-schema-graph\">{\"@context\":\"https:\/\/schema.org\",\"@graph\":[{\"@type\":\"WebPage\",\"@id\":\"https:\/\/dev.hifu-prostate.fr\/fr\/donnez-votre-avis\/\",\"url\":\"https:\/\/dev.hifu-prostate.fr\/fr\/donnez-votre-avis\/\",\"name\":\"Donnez votre avis | HIFU-PROSTATE FR\",\"isPartOf\":{\"@id\":\"https:\/\/dev.hifu-prostate.fr\/fr\/#website\"},\"datePublished\":\"2026-02-24T10:14:09+00:00\",\"dateModified\":\"2026-02-24T10:47:43+00:00\",\"breadcrumb\":{\"@id\":\"https:\/\/dev.hifu-prostate.fr\/fr\/donnez-votre-avis\/#breadcrumb\"},\"inLanguage\":\"fr-FR\",\"potentialAction\":[{\"@type\":\"ReadAction\",\"target\":[\"https:\/\/dev.hifu-prostate.fr\/fr\/donnez-votre-avis\/\"]}]},{\"@type\":\"BreadcrumbList\",\"@id\":\"https:\/\/dev.hifu-prostate.fr\/fr\/donnez-votre-avis\/#breadcrumb\",\"itemListElement\":[{\"@type\":\"ListItem\",\"position\":1,\"name\":\"Accueil\",\"item\":\"https:\/\/dev.hifu-prostate.fr\/fr\/\"},{\"@type\":\"ListItem\",\"position\":2,\"name\":\"Donnez votre avis\"}]},{\"@type\":\"WebSite\",\"@id\":\"https:\/\/dev.hifu-prostate.fr\/fr\/#website\",\"url\":\"https:\/\/dev.hifu-prostate.fr\/fr\/\",\"name\":\"HIFU-PROSTATE FR\",\"description\":\"HIFU-Prostate, votre expert du traitement du cancer de la prostate.\",\"publisher\":{\"@id\":\"https:\/\/dev.hifu-prostate.fr\/fr\/#organization\"},\"potentialAction\":[{\"@type\":\"SearchAction\",\"target\":{\"@type\":\"EntryPoint\",\"urlTemplate\":\"https:\/\/dev.hifu-prostate.fr\/fr\/?s={search_term_string}\"},\"query-input\":{\"@type\":\"PropertyValueSpecification\",\"valueRequired\":true,\"valueName\":\"search_term_string\"}}],\"inLanguage\":\"fr-FR\"},{\"@type\":\"Organization\",\"@id\":\"https:\/\/dev.hifu-prostate.fr\/fr\/#organization\",\"name\":\"HIFU-PROSTATE FR\",\"url\":\"https:\/\/dev.hifu-prostate.fr\/fr\/\",\"logo\":{\"@type\":\"ImageObject\",\"inLanguage\":\"fr-FR\",\"@id\":\"https:\/\/dev.hifu-prostate.fr\/fr\/#\/schema\/logo\/image\/\",\"url\":\"https:\/\/dev.hifu-prostate.fr\/fr\/wp-content\/uploads\/sites\/2\/2025\/11\/Logo-hifu-prostate-CMJN.svg\",\"contentUrl\":\"https:\/\/dev.hifu-prostate.fr\/fr\/wp-content\/uploads\/sites\/2\/2025\/11\/Logo-hifu-prostate-CMJN.svg\",\"width\":211,\"height\":69,\"caption\":\"HIFU-PROSTATE FR\"},\"image\":{\"@id\":\"https:\/\/dev.hifu-prostate.fr\/fr\/#\/schema\/logo\/image\/\"}}]}<\/script>\n<!-- \/ Yoast SEO plugin. -->","yoast_head_json":{"title":"Donnez votre avis | HIFU-PROSTATE FR","robots":{"index":"noindex","follow":"follow","max-snippet":"max-snippet:-1","max-image-preview":"max-image-preview:large","max-video-preview":"max-video-preview:-1"},"og_locale":"fr_FR","og_type":"article","og_title":"Donnez votre avis | HIFU-PROSTATE FR","og_description":"Donnez votre avis Introduction Votre avis nous aide \u00e0 am\u00e9liorer notre site et les informations propos\u00e9es. Merci de r\u00e9pondre \u00e0 ces quelques questions. \u00ab\u00a0Les informations recueillies via ce formulaire sont destin\u00e9es \u00e0 am\u00e9liorer la qualit\u00e9 des contenus propos\u00e9s sur le site HIFU Prostate.Les r\u00e9ponses sont trait\u00e9es de mani\u00e8re confidentielle et ne sont pas utilis\u00e9es \u00e0 [&hellip;]","og_url":"https:\/\/dev.hifu-prostate.fr\/fr\/donnez-votre-avis\/","og_site_name":"HIFU-PROSTATE FR","article_modified_time":"2026-02-24T10:47:43+00:00","twitter_card":"summary_large_image","twitter_misc":{"Dur\u00e9e de lecture estim\u00e9e":"1 minute"},"schema":{"@context":"https:\/\/schema.org","@graph":[{"@type":"WebPage","@id":"https:\/\/dev.hifu-prostate.fr\/fr\/donnez-votre-avis\/","url":"https:\/\/dev.hifu-prostate.fr\/fr\/donnez-votre-avis\/","name":"Donnez votre avis | HIFU-PROSTATE FR","isPartOf":{"@id":"https:\/\/dev.hifu-prostate.fr\/fr\/#website"},"datePublished":"2026-02-24T10:14:09+00:00","dateModified":"2026-02-24T10:47:43+00:00","breadcrumb":{"@id":"https:\/\/dev.hifu-prostate.fr\/fr\/donnez-votre-avis\/#breadcrumb"},"inLanguage":"fr-FR","potentialAction":[{"@type":"ReadAction","target":["https:\/\/dev.hifu-prostate.fr\/fr\/donnez-votre-avis\/"]}]},{"@type":"BreadcrumbList","@id":"https:\/\/dev.hifu-prostate.fr\/fr\/donnez-votre-avis\/#breadcrumb","itemListElement":[{"@type":"ListItem","position":1,"name":"Accueil","item":"https:\/\/dev.hifu-prostate.fr\/fr\/"},{"@type":"ListItem","position":2,"name":"Donnez votre avis"}]},{"@type":"WebSite","@id":"https:\/\/dev.hifu-prostate.fr\/fr\/#website","url":"https:\/\/dev.hifu-prostate.fr\/fr\/","name":"HIFU-PROSTATE FR","description":"HIFU-Prostate, votre expert du traitement du cancer de la prostate.","publisher":{"@id":"https:\/\/dev.hifu-prostate.fr\/fr\/#organization"},"potentialAction":[{"@type":"SearchAction","target":{"@type":"EntryPoint","urlTemplate":"https:\/\/dev.hifu-prostate.fr\/fr\/?s={search_term_string}"},"query-input":{"@type":"PropertyValueSpecification","valueRequired":true,"valueName":"search_term_string"}}],"inLanguage":"fr-FR"},{"@type":"Organization","@id":"https:\/\/dev.hifu-prostate.fr\/fr\/#organization","name":"HIFU-PROSTATE FR","url":"https:\/\/dev.hifu-prostate.fr\/fr\/","logo":{"@type":"ImageObject","inLanguage":"fr-FR","@id":"https:\/\/dev.hifu-prostate.fr\/fr\/#\/schema\/logo\/image\/","url":"https:\/\/dev.hifu-prostate.fr\/fr\/wp-content\/uploads\/sites\/2\/2025\/11\/Logo-hifu-prostate-CMJN.svg","contentUrl":"https:\/\/dev.hifu-prostate.fr\/fr\/wp-content\/uploads\/sites\/2\/2025\/11\/Logo-hifu-prostate-CMJN.svg","width":211,"height":69,"caption":"HIFU-PROSTATE FR"},"image":{"@id":"https:\/\/dev.hifu-prostate.fr\/fr\/#\/schema\/logo\/image\/"}}]}},"_links":{"self":[{"href":"https:\/\/dev.hifu-prostate.fr\/fr\/wp-json\/wp\/v2\/pages\/10708","targetHints":{"allow":["GET"]}}],"collection":[{"href":"https:\/\/dev.hifu-prostate.fr\/fr\/wp-json\/wp\/v2\/pages"}],"about":[{"href":"https:\/\/dev.hifu-prostate.fr\/fr\/wp-json\/wp\/v2\/types\/page"}],"author":[{"embeddable":true,"href":"https:\/\/dev.hifu-prostate.fr\/fr\/wp-json\/wp\/v2\/users\/566"}],"replies":[{"embeddable":true,"href":"https:\/\/dev.hifu-prostate.fr\/fr\/wp-json\/wp\/v2\/comments?post=10708"}],"version-history":[{"count":16,"href":"https:\/\/dev.hifu-prostate.fr\/fr\/wp-json\/wp\/v2\/pages\/10708\/revisions"}],"predecessor-version":[{"id":10727,"href":"https:\/\/dev.hifu-prostate.fr\/fr\/wp-json\/wp\/v2\/pages\/10708\/revisions\/10727"}],"wp:attachment":[{"href":"https:\/\/dev.hifu-prostate.fr\/fr\/wp-json\/wp\/v2\/media?parent=10708"}],"curies":[{"name":"wp","href":"https:\/\/api.w.org\/{rel}","templated":true}]}}