{"id":8944,"date":"2025-11-12T15:35:13","date_gmt":"2025-11-12T14:35:13","guid":{"rendered":"https:\/\/dev.hifu-prostate.fr\/fr\/?page_id=8944"},"modified":"2026-01-09T15:27:24","modified_gmt":"2026-01-09T14:27:24","slug":"tumeur-prostate","status":"publish","type":"page","link":"https:\/\/dev.hifu-prostate.fr\/fr\/en-savoir-plus-sur-le-cancer-de-la-prostate\/tumeur-prostate\/","title":{"rendered":"Tumeur prostate"},"content":{"rendered":"\t\t<div data-elementor-type=\"wp-page\" data-elementor-id=\"8944\" class=\"elementor elementor-8944\" data-elementor-post-type=\"page\">\n\t\t\t\t<div class=\"elementor-element elementor-element-6a6b504 e-flex e-con-boxed e-con e-parent\" data-id=\"6a6b504\" data-element_type=\"container\">\n\t\t\t\t\t<div class=\"e-con-inner\">\n\t\t<div class=\"elementor-element elementor-element-5efce9d8 e-con-full hp-leadline e-flex e-con e-child\" data-id=\"5efce9d8\" data-element_type=\"container\">\n\t\t\t\t<div class=\"elementor-element elementor-element-4398733f elementor-widget elementor-widget-html\" data-id=\"4398733f\" data-element_type=\"widget\" data-widget_type=\"html.default\">\n\t\t\t\t<div class=\"elementor-widget-container\">\n\t\t\t\t\t<h1 class=\"hp-lead-title\">\n  <strong>Tumeur prostate<\/strong>\n<\/h1>\t\t\t\t<\/div>\n\t\t\t\t<\/div>\n\t\t\t\t<\/div>\n\t\t\t\t\t<\/div>\n\t\t\t\t<\/div>\n\t\t<div class=\"elementor-element elementor-element-536d2a76 e-flex e-con-boxed e-con e-parent\" data-id=\"536d2a76\" data-element_type=\"container\">\n\t\t\t\t\t<div class=\"e-con-inner\">\n\t\t<div class=\"elementor-element elementor-element-426cb91e e-con-full e-flex e-con e-child\" data-id=\"426cb91e\" data-element_type=\"container\">\n\t\t\t\t<div class=\"elementor-element elementor-element-7a335462 elementor-widget elementor-widget-text-editor\" data-id=\"7a335462\" data-element_type=\"widget\" data-widget_type=\"text-editor.default\">\n\t\t\t\t<div class=\"elementor-widget-container\">\n\t\t\t\t\t\t\t\t\t<p>Type de\u00a0cancer\u00a0le plus r\u00e9pandu chez l\u2019homme (environ 1 homme sur 7 \u00e9tant atteint par cette maladie), le\u00a0<a href=\"https:\/\/www.ameli.fr\/assure\/sante\/themes\/cancer-prostate\/comprendre-cancer-prostate\">cancer de la\u00a0prostate<\/a>\u00a0se doit d\u2019\u00eatre pris en charge le plus t\u00f4t possible afin d\u2019acc\u00e9l\u00e9rer la gu\u00e9rison.<\/p><p>D\u00e9couvrez davantage d\u2019informations sur les techniques m\u00e9dicales utilis\u00e9es pour soigner une\u00a0<strong>tumeur de la prostate<\/strong> ci-dessous.<\/p>\t\t\t\t\t\t\t\t<\/div>\n\t\t\t\t<\/div>\n\t\t<div class=\"elementor-element elementor-element-5fe91d2 e-con-full e-flex e-con e-child\" data-id=\"5fe91d2\" data-element_type=\"container\">\n\t\t\t\t<div class=\"elementor-element elementor-element-57acb656 elementor-widget elementor-widget-heading\" data-id=\"57acb656\" data-element_type=\"widget\" data-widget_type=\"heading.default\">\n\t\t\t\t<div class=\"elementor-widget-container\">\n\t\t\t\t\t<h2 class=\"elementor-heading-title elementor-size-default\">La m\u00e9thode\u00a0HIFU\u00a0pour soigner le cancer de la prostate<\/h2>\t\t\t\t<\/div>\n\t\t\t\t<\/div>\n\t\t\t\t<\/div>\n\t\t\t\t<div class=\"elementor-element elementor-element-14bcafed elementor-widget elementor-widget-heading\" data-id=\"14bcafed\" data-element_type=\"widget\" data-widget_type=\"heading.default\">\n\t\t\t\t<div class=\"elementor-widget-container\">\n\t\t\t\t\t<h3 class=\"elementor-heading-title elementor-size-default\">Soigner une tumeur de la prostate avec l\u2019HIFU<\/h3>\t\t\t\t<\/div>\n\t\t\t\t<\/div>\n\t\t\t\t<div class=\"elementor-element elementor-element-1c6ccd2 elementor-widget elementor-widget-text-editor\" data-id=\"1c6ccd2\" data-element_type=\"widget\" data-widget_type=\"text-editor.default\">\n\t\t\t\t<div class=\"elementor-widget-container\">\n\t\t\t\t\t\t\t\t\t<p>Une<strong>\u00a0tumeur de la prostate<\/strong>\u00a0peut \u00eatre gu\u00e9rie par le biais de plusieurs techniques m\u00e9dicales et notamment l\u2019HIFU. Ces\u00a0Ultrasons\u00a0Focalis\u00e9s de Haute Densit\u00e9 permettent de d\u00e9truire la tumeur en profondeur, \u00e9vitant ainsi toute op\u00e9ration chirurgicale.<\/p><p>A noter que la technologie HIFU s\u2019av\u00e8re efficace pour la plupart des patients trait\u00e9s, le taux de survie \u00e9tant situ\u00e9 entre 92 et 99%, jusqu\u2019\u00e0 10 ans apr\u00e8s le traitement.<\/p><p>Vous pouvez retrouver davantage d\u2019informations sur le diagnostic d\u2019une tumeur de la prostate via le lien pr\u00e9sent ci-dessus.<\/p>\t\t\t\t\t\t\t\t<\/div>\n\t\t\t\t<\/div>\n\t\t\t\t<div class=\"elementor-element elementor-element-35ce531 elementor-widget elementor-widget-heading\" data-id=\"35ce531\" data-element_type=\"widget\" data-widget_type=\"heading.default\">\n\t\t\t\t<div class=\"elementor-widget-container\">\n\t\t\t\t\t<h3 class=\"elementor-heading-title elementor-size-default\">Tumeur de la prostate : quels autres traitements pour gu\u00e9rir le cancer de la prostate ?<\/h3>\t\t\t\t<\/div>\n\t\t\t\t<\/div>\n\t\t\t\t<div class=\"elementor-element elementor-element-99eedf6 elementor-widget elementor-widget-text-editor\" data-id=\"99eedf6\" data-element_type=\"widget\" data-widget_type=\"text-editor.default\">\n\t\t\t\t<div class=\"elementor-widget-container\">\n\t\t\t\t\t\t\t\t\t<p>Outre la m\u00e9thode HIFU, d\u2019autres <a href=\"https:\/\/dev.hifu-prostate.fr\/fr\/accueil\/le-cancer-de-la-prostate\/les-traitements-du-cancer-de-la-prostate\/\">traitements permettent \u00e9galement de gu\u00e9rir le cancer de la prostate<\/a>. La radioth\u00e9rapie externe est ainsi pratiqu\u00e9e dans de nombreux cas, les cellules canc\u00e9reuses \u00e9tant d\u00e9truites gr\u00e2ce \u00e0 des rayons puissants. Une dur\u00e9e pouvant aller jusqu\u2019\u00e0 deux mois est n\u00e9cessaire afin que ce traitement contre le cancer de la prostate soit pleinement efficace.<\/p><p>Les autres m\u00e9thodes pour \u00e9liminer une\u00a0<strong>tumeur de la prostate<\/strong>\u00a0incluent la brachyth\u00e9rapie, la curieth\u00e9rapie ou encore la cryoth\u00e9rapie (davantage d\u2019informations sur le sujet sont disponibles via le lien ci-dessus). Vous pouvez \u00e9galement retrouver les \u00e9l\u00e9ments de\u00a0<a href=\"https:\/\/dev.hifu-prostate.fr\/fr\/accueil\/le-cancer-de-la-prostate\/diagnostic-et-depistage\/\">diagnostic du cancer de la prostate <\/a>via le lien ci-contre.<\/p>\t\t\t\t\t\t\t\t<\/div>\n\t\t\t\t<\/div>\n\t\t\t\t<\/div>\n\t\t\t\t\t<\/div>\n\t\t\t\t<\/div>\n\t\t\t\t<\/div>\n\t\t","protected":false},"excerpt":{"rendered":"<p>Tumeur prostate Type de\u00a0cancer\u00a0le plus r\u00e9pandu chez l\u2019homme (environ 1 homme sur 7 \u00e9tant atteint par cette maladie), le\u00a0cancer de la\u00a0prostate\u00a0se doit d\u2019\u00eatre pris en charge le plus t\u00f4t possible afin d\u2019acc\u00e9l\u00e9rer la gu\u00e9rison. D\u00e9couvrez davantage d\u2019informations sur les techniques m\u00e9dicales utilis\u00e9es pour soigner une\u00a0tumeur de la prostate ci-dessous. La m\u00e9thode\u00a0HIFU\u00a0pour soigner le cancer de [&hellip;]<\/p>\n","protected":false},"author":566,"featured_media":0,"parent":8932,"menu_order":0,"comment_status":"closed","ping_status":"closed","template":"","meta":{"footnotes":""},"class_list":["post-8944","page","type-page","status-publish","hentry"],"yoast_head":"<!-- This site is optimized with the Yoast SEO plugin v26.3 - https:\/\/yoast.com\/wordpress\/plugins\/seo\/ -->\n<title>Tumeur prostate | HIFU-PROSTATE FR<\/title>\n<meta name=\"robots\" content=\"noindex, follow, max-snippet:-1, max-image-preview:large, max-video-preview:-1\" \/>\n<meta property=\"og:locale\" content=\"fr_FR\" \/>\n<meta property=\"og:type\" content=\"article\" \/>\n<meta property=\"og:title\" content=\"Tumeur prostate | HIFU-PROSTATE FR\" \/>\n<meta property=\"og:description\" content=\"Tumeur prostate Type de\u00a0cancer\u00a0le plus r\u00e9pandu chez l\u2019homme (environ 1 homme sur 7 \u00e9tant atteint par cette maladie), le\u00a0cancer de la\u00a0prostate\u00a0se doit d\u2019\u00eatre pris en charge le plus t\u00f4t possible afin d\u2019acc\u00e9l\u00e9rer la gu\u00e9rison. D\u00e9couvrez davantage d\u2019informations sur les techniques m\u00e9dicales utilis\u00e9es pour soigner une\u00a0tumeur de la prostate ci-dessous. La m\u00e9thode\u00a0HIFU\u00a0pour soigner le cancer de [&hellip;]\" \/>\n<meta property=\"og:url\" content=\"https:\/\/dev.hifu-prostate.fr\/fr\/en-savoir-plus-sur-le-cancer-de-la-prostate\/tumeur-prostate\/\" \/>\n<meta property=\"og:site_name\" content=\"HIFU-PROSTATE FR\" \/>\n<meta property=\"article:modified_time\" content=\"2026-01-09T14:27:24+00:00\" \/>\n<meta name=\"twitter:card\" content=\"summary_large_image\" \/>\n<meta name=\"twitter:label1\" content=\"Dur\u00e9e de lecture estim\u00e9e\" \/>\n\t<meta name=\"twitter:data1\" content=\"2 minutes\" \/>\n<script type=\"application\/ld+json\" class=\"yoast-schema-graph\">{\"@context\":\"https:\/\/schema.org\",\"@graph\":[{\"@type\":\"WebPage\",\"@id\":\"https:\/\/dev.hifu-prostate.fr\/fr\/en-savoir-plus-sur-le-cancer-de-la-prostate\/tumeur-prostate\/\",\"url\":\"https:\/\/dev.hifu-prostate.fr\/fr\/en-savoir-plus-sur-le-cancer-de-la-prostate\/tumeur-prostate\/\",\"name\":\"Tumeur prostate | HIFU-PROSTATE FR\",\"isPartOf\":{\"@id\":\"https:\/\/dev.hifu-prostate.fr\/fr\/#website\"},\"datePublished\":\"2025-11-12T14:35:13+00:00\",\"dateModified\":\"2026-01-09T14:27:24+00:00\",\"breadcrumb\":{\"@id\":\"https:\/\/dev.hifu-prostate.fr\/fr\/en-savoir-plus-sur-le-cancer-de-la-prostate\/tumeur-prostate\/#breadcrumb\"},\"inLanguage\":\"fr-FR\",\"potentialAction\":[{\"@type\":\"ReadAction\",\"target\":[\"https:\/\/dev.hifu-prostate.fr\/fr\/en-savoir-plus-sur-le-cancer-de-la-prostate\/tumeur-prostate\/\"]}]},{\"@type\":\"BreadcrumbList\",\"@id\":\"https:\/\/dev.hifu-prostate.fr\/fr\/en-savoir-plus-sur-le-cancer-de-la-prostate\/tumeur-prostate\/#breadcrumb\",\"itemListElement\":[{\"@type\":\"ListItem\",\"position\":1,\"name\":\"Accueil\",\"item\":\"https:\/\/dev.hifu-prostate.fr\/fr\/\"},{\"@type\":\"ListItem\",\"position\":2,\"name\":\"En savoir plus sur le cancer de la prostate\",\"item\":\"https:\/\/dev.hifu-prostate.fr\/fr\/en-savoir-plus-sur-le-cancer-de-la-prostate\/\"},{\"@type\":\"ListItem\",\"position\":3,\"name\":\"Tumeur prostate\"}]},{\"@type\":\"WebSite\",\"@id\":\"https:\/\/dev.hifu-prostate.fr\/fr\/#website\",\"url\":\"https:\/\/dev.hifu-prostate.fr\/fr\/\",\"name\":\"HIFU-PROSTATE FR\",\"description\":\"HIFU-Prostate, votre expert du traitement du cancer de la prostate.\",\"publisher\":{\"@id\":\"https:\/\/dev.hifu-prostate.fr\/fr\/#organization\"},\"potentialAction\":[{\"@type\":\"SearchAction\",\"target\":{\"@type\":\"EntryPoint\",\"urlTemplate\":\"https:\/\/dev.hifu-prostate.fr\/fr\/?s={search_term_string}\"},\"query-input\":{\"@type\":\"PropertyValueSpecification\",\"valueRequired\":true,\"valueName\":\"search_term_string\"}}],\"inLanguage\":\"fr-FR\"},{\"@type\":\"Organization\",\"@id\":\"https:\/\/dev.hifu-prostate.fr\/fr\/#organization\",\"name\":\"HIFU-PROSTATE FR\",\"url\":\"https:\/\/dev.hifu-prostate.fr\/fr\/\",\"logo\":{\"@type\":\"ImageObject\",\"inLanguage\":\"fr-FR\",\"@id\":\"https:\/\/dev.hifu-prostate.fr\/fr\/#\/schema\/logo\/image\/\",\"url\":\"https:\/\/dev.hifu-prostate.fr\/fr\/wp-content\/uploads\/sites\/2\/2025\/11\/Logo-hifu-prostate-CMJN.svg\",\"contentUrl\":\"https:\/\/dev.hifu-prostate.fr\/fr\/wp-content\/uploads\/sites\/2\/2025\/11\/Logo-hifu-prostate-CMJN.svg\",\"width\":211,\"height\":69,\"caption\":\"HIFU-PROSTATE FR\"},\"image\":{\"@id\":\"https:\/\/dev.hifu-prostate.fr\/fr\/#\/schema\/logo\/image\/\"}}]}<\/script>\n<!-- \/ Yoast SEO plugin. -->","yoast_head_json":{"title":"Tumeur prostate | HIFU-PROSTATE FR","robots":{"index":"noindex","follow":"follow","max-snippet":"max-snippet:-1","max-image-preview":"max-image-preview:large","max-video-preview":"max-video-preview:-1"},"og_locale":"fr_FR","og_type":"article","og_title":"Tumeur prostate | HIFU-PROSTATE FR","og_description":"Tumeur prostate Type de\u00a0cancer\u00a0le plus r\u00e9pandu chez l\u2019homme (environ 1 homme sur 7 \u00e9tant atteint par cette maladie), le\u00a0cancer de la\u00a0prostate\u00a0se doit d\u2019\u00eatre pris en charge le plus t\u00f4t possible afin d\u2019acc\u00e9l\u00e9rer la gu\u00e9rison. D\u00e9couvrez davantage d\u2019informations sur les techniques m\u00e9dicales utilis\u00e9es pour soigner une\u00a0tumeur de la prostate ci-dessous. La m\u00e9thode\u00a0HIFU\u00a0pour soigner le cancer de [&hellip;]","og_url":"https:\/\/dev.hifu-prostate.fr\/fr\/en-savoir-plus-sur-le-cancer-de-la-prostate\/tumeur-prostate\/","og_site_name":"HIFU-PROSTATE FR","article_modified_time":"2026-01-09T14:27:24+00:00","twitter_card":"summary_large_image","twitter_misc":{"Dur\u00e9e de lecture estim\u00e9e":"2 minutes"},"schema":{"@context":"https:\/\/schema.org","@graph":[{"@type":"WebPage","@id":"https:\/\/dev.hifu-prostate.fr\/fr\/en-savoir-plus-sur-le-cancer-de-la-prostate\/tumeur-prostate\/","url":"https:\/\/dev.hifu-prostate.fr\/fr\/en-savoir-plus-sur-le-cancer-de-la-prostate\/tumeur-prostate\/","name":"Tumeur prostate | HIFU-PROSTATE FR","isPartOf":{"@id":"https:\/\/dev.hifu-prostate.fr\/fr\/#website"},"datePublished":"2025-11-12T14:35:13+00:00","dateModified":"2026-01-09T14:27:24+00:00","breadcrumb":{"@id":"https:\/\/dev.hifu-prostate.fr\/fr\/en-savoir-plus-sur-le-cancer-de-la-prostate\/tumeur-prostate\/#breadcrumb"},"inLanguage":"fr-FR","potentialAction":[{"@type":"ReadAction","target":["https:\/\/dev.hifu-prostate.fr\/fr\/en-savoir-plus-sur-le-cancer-de-la-prostate\/tumeur-prostate\/"]}]},{"@type":"BreadcrumbList","@id":"https:\/\/dev.hifu-prostate.fr\/fr\/en-savoir-plus-sur-le-cancer-de-la-prostate\/tumeur-prostate\/#breadcrumb","itemListElement":[{"@type":"ListItem","position":1,"name":"Accueil","item":"https:\/\/dev.hifu-prostate.fr\/fr\/"},{"@type":"ListItem","position":2,"name":"En savoir plus sur le cancer de la prostate","item":"https:\/\/dev.hifu-prostate.fr\/fr\/en-savoir-plus-sur-le-cancer-de-la-prostate\/"},{"@type":"ListItem","position":3,"name":"Tumeur prostate"}]},{"@type":"WebSite","@id":"https:\/\/dev.hifu-prostate.fr\/fr\/#website","url":"https:\/\/dev.hifu-prostate.fr\/fr\/","name":"HIFU-PROSTATE FR","description":"HIFU-Prostate, votre expert du traitement du cancer de la prostate.","publisher":{"@id":"https:\/\/dev.hifu-prostate.fr\/fr\/#organization"},"potentialAction":[{"@type":"SearchAction","target":{"@type":"EntryPoint","urlTemplate":"https:\/\/dev.hifu-prostate.fr\/fr\/?s={search_term_string}"},"query-input":{"@type":"PropertyValueSpecification","valueRequired":true,"valueName":"search_term_string"}}],"inLanguage":"fr-FR"},{"@type":"Organization","@id":"https:\/\/dev.hifu-prostate.fr\/fr\/#organization","name":"HIFU-PROSTATE FR","url":"https:\/\/dev.hifu-prostate.fr\/fr\/","logo":{"@type":"ImageObject","inLanguage":"fr-FR","@id":"https:\/\/dev.hifu-prostate.fr\/fr\/#\/schema\/logo\/image\/","url":"https:\/\/dev.hifu-prostate.fr\/fr\/wp-content\/uploads\/sites\/2\/2025\/11\/Logo-hifu-prostate-CMJN.svg","contentUrl":"https:\/\/dev.hifu-prostate.fr\/fr\/wp-content\/uploads\/sites\/2\/2025\/11\/Logo-hifu-prostate-CMJN.svg","width":211,"height":69,"caption":"HIFU-PROSTATE FR"},"image":{"@id":"https:\/\/dev.hifu-prostate.fr\/fr\/#\/schema\/logo\/image\/"}}]}},"_links":{"self":[{"href":"https:\/\/dev.hifu-prostate.fr\/fr\/wp-json\/wp\/v2\/pages\/8944","targetHints":{"allow":["GET"]}}],"collection":[{"href":"https:\/\/dev.hifu-prostate.fr\/fr\/wp-json\/wp\/v2\/pages"}],"about":[{"href":"https:\/\/dev.hifu-prostate.fr\/fr\/wp-json\/wp\/v2\/types\/page"}],"author":[{"embeddable":true,"href":"https:\/\/dev.hifu-prostate.fr\/fr\/wp-json\/wp\/v2\/users\/566"}],"replies":[{"embeddable":true,"href":"https:\/\/dev.hifu-prostate.fr\/fr\/wp-json\/wp\/v2\/comments?post=8944"}],"version-history":[{"count":25,"href":"https:\/\/dev.hifu-prostate.fr\/fr\/wp-json\/wp\/v2\/pages\/8944\/revisions"}],"predecessor-version":[{"id":10519,"href":"https:\/\/dev.hifu-prostate.fr\/fr\/wp-json\/wp\/v2\/pages\/8944\/revisions\/10519"}],"up":[{"embeddable":true,"href":"https:\/\/dev.hifu-prostate.fr\/fr\/wp-json\/wp\/v2\/pages\/8932"}],"wp:attachment":[{"href":"https:\/\/dev.hifu-prostate.fr\/fr\/wp-json\/wp\/v2\/media?parent=8944"}],"curies":[{"name":"wp","href":"https:\/\/api.w.org\/{rel}","templated":true}]}}