{"id":8978,"date":"2025-11-12T15:50:07","date_gmt":"2025-11-12T14:50:07","guid":{"rendered":"https:\/\/dev.hifu-prostate.fr\/fr\/?page_id=8978"},"modified":"2026-01-23T12:04:24","modified_gmt":"2026-01-23T11:04:24","slug":"irm-prostate","status":"publish","type":"page","link":"https:\/\/dev.hifu-prostate.fr\/fr\/en-savoir-plus-sur-le-cancer-de-la-prostate\/irm-prostate\/","title":{"rendered":"IRM prostate"},"content":{"rendered":"\t\t<div data-elementor-type=\"wp-page\" data-elementor-id=\"8978\" class=\"elementor elementor-8978\" data-elementor-post-type=\"page\">\n\t\t\t\t<div class=\"elementor-element elementor-element-24c7557 e-flex e-con-boxed e-con e-parent\" data-id=\"24c7557\" data-element_type=\"container\">\n\t\t\t\t\t<div class=\"e-con-inner\">\n\t\t<div class=\"elementor-element elementor-element-2d99f29 e-con-full hp-leadline e-flex e-con e-child\" data-id=\"2d99f29\" data-element_type=\"container\">\n\t\t\t\t<div class=\"elementor-element elementor-element-c97f369 elementor-widget elementor-widget-html\" data-id=\"c97f369\" data-element_type=\"widget\" data-widget_type=\"html.default\">\n\t\t\t\t<div class=\"elementor-widget-container\">\n\t\t\t\t\t<h1 class=\"hp-lead-title\">\n  <strong>IRM prostate<\/strong>\n<\/h1>\t\t\t\t<\/div>\n\t\t\t\t<\/div>\n\t\t\t\t<\/div>\n\t\t\t\t\t<\/div>\n\t\t\t\t<\/div>\n\t\t<div class=\"elementor-element elementor-element-ae6efde e-flex e-con-boxed e-con e-parent\" data-id=\"ae6efde\" data-element_type=\"container\">\n\t\t\t\t\t<div class=\"e-con-inner\">\n\t\t<div class=\"elementor-element elementor-element-5393685 e-con-full e-flex e-con e-child\" data-id=\"5393685\" data-element_type=\"container\">\n\t\t\t\t<div class=\"elementor-element elementor-element-98f6b9d elementor-widget elementor-widget-text-editor\" data-id=\"98f6b9d\" data-element_type=\"widget\" data-widget_type=\"text-editor.default\">\n\t\t\t\t<div class=\"elementor-widget-container\">\n\t\t\t\t\t\t\t\t\t<p>L\u2019IRM (Imagerie par R\u00e9sonance Magn\u00e9tique) prostatique permet la d\u00e9tection, la localisation, l\u2019estimation du volume des foyers tumoraux et le bilan d\u2019extension du\u00a0cancer\u00a0de la\u00a0prostate. Ces informations coupl\u00e9es aux r\u00e9sultats des\u00a0biopsies\u00a0cibl\u00e9es permettent d\u2019obtenir une cartographie pr\u00e9cise du cancer de la prostate et d\u2019adapter au mieux la prise en charge th\u00e9rapeutique de chaque patient. L\u2019IRM a \u00e9galement un r\u00f4le pour la surveillance des traitements focalis\u00e9s et la d\u00e9tection des r\u00e9cidives locales apr\u00e8s traitement curateur.<\/p><p>Sachez-en plus sur l\u2019<strong>IRM\u00a0de la prostate<\/strong>\u00a0ainsi que sur les m\u00e9thodes de gu\u00e9rison ci-dessous.<\/p>\t\t\t\t\t\t\t\t<\/div>\n\t\t\t\t<\/div>\n\t\t<div class=\"elementor-element elementor-element-f61ce3d e-con-full e-flex e-con e-child\" data-id=\"f61ce3d\" data-element_type=\"container\">\n\t\t\t\t<div class=\"elementor-element elementor-element-4ecca3e hpe-title-underline-middle elementor-widget elementor-widget-heading\" data-id=\"4ecca3e\" data-element_type=\"widget\" data-widget_type=\"heading.default\">\n\t\t\t\t<div class=\"elementor-widget-container\">\n\t\t\t\t\t<h2 class=\"elementor-heading-title elementor-size-default\">Diagnostic gr\u00e2ce \u00e0 l\u2019IRM de la prostate<\/h2>\t\t\t\t<\/div>\n\t\t\t\t<\/div>\n\t\t\t\t<\/div>\n\t\t\t\t<div class=\"elementor-element elementor-element-c2d144b elementor-widget elementor-widget-heading\" data-id=\"c2d144b\" data-element_type=\"widget\" data-widget_type=\"heading.default\">\n\t\t\t\t<div class=\"elementor-widget-container\">\n\t\t\t\t\t<h3 class=\"elementor-heading-title elementor-size-default\">IRM prostate : m\u00e9thode de r\u00e9f\u00e9rence pour le diagnostic du cancer de la prostate<\/h3>\t\t\t\t<\/div>\n\t\t\t\t<\/div>\n\t\t\t\t<div class=\"elementor-element elementor-element-02d2c36 elementor-widget elementor-widget-text-editor\" data-id=\"02d2c36\" data-element_type=\"widget\" data-widget_type=\"text-editor.default\">\n\t\t\t\t<div class=\"elementor-widget-container\">\n\t\t\t\t\t\t\t\t\t<p>En compl\u00e9ment des m\u00e9thodes de d\u00e9pistage du cancer de la prostate (dosage du\u00a0PSA,\u00a0toucher rectal, biopsies et\u00a0score de\u00a0gleason), une s\u00e9rie d\u2019examens compl\u00e9mentaires d\u00e9terminera si le cancer est localis\u00e9 \u00e0 la\u00a0glande\u00a0(bilan d\u2019extension) ou bien s\u2019il est \u00e9tendu.<br \/><br \/>Parmi ces examens figurent le\u00a0scanner\u00a0et l\u2019IRM, technique de haute pr\u00e9cision qui permet de visualiser si le cancer de la prostate s\u2019\u00e9tend sur des organes connexes.<br \/><br \/>La\u00a0scintigraphie osseuse\u00a0permet de s\u2019assurer que le cancer n\u2019a pas atteint les os.<\/p>\t\t\t\t\t\t\t\t<\/div>\n\t\t\t\t<\/div>\n\t\t\t\t<div class=\"elementor-element elementor-element-e01c033 elementor-widget elementor-widget-heading\" data-id=\"e01c033\" data-element_type=\"widget\" data-widget_type=\"heading.default\">\n\t\t\t\t<div class=\"elementor-widget-container\">\n\t\t\t\t\t<h3 class=\"elementor-heading-title elementor-size-default\">IRM prostate : les options th\u00e9rapeutiques pour gu\u00e9rir le cancer de la prostate<\/h3>\t\t\t\t<\/div>\n\t\t\t\t<\/div>\n\t\t\t\t<div class=\"elementor-element elementor-element-2b76b06 elementor-widget elementor-widget-text-editor\" data-id=\"2b76b06\" data-element_type=\"widget\" data-widget_type=\"text-editor.default\">\n\t\t\t\t<div class=\"elementor-widget-container\">\n\t\t\t\t\t\t\t\t\t<p>Parmi les diff\u00e9rentes m\u00e9thodes permettant de gu\u00e9rir le cancer localis\u00e9 de la prostate figure l\u2019HIFU, traitement \u00e0<a href=\"https:\/\/dev.hifu-prostate.fr\/fr\/traitement-par-hifu\/le-traitement-par-ultrasons-hifu\/\">\u00a0ultrasons\u00a0focalis\u00e9s de haute intensit\u00e9<\/a>, s\u2019adressant aux patients atteints d\u2019un cancer de stade T1 et T2.<br \/>Apr\u00e8s un\u00a0<strong>IRM de la prostate\u00a0<\/strong>pour localiser le cancer dans la prostate, l\u2019HIFU permet de d\u00e9truire les cellules canc\u00e9reuses et donc, le cancer, lors d\u2019une intervention d\u2019une dur\u00e9e d\u20191h30 \u00e0 2h30. Ce traitement est nettement plus court compar\u00e9 \u00e0 des sessions de rayons classiques (pouvant aller jusqu\u2019\u00e0 2 mois) et est r\u00e9p\u00e9table en cas de r\u00e9cidive.<\/p><p>Vous pouvez retrouver davantage d\u2019informations sur le sujet via le lien ci-dessus.<\/p><p>A lire : <a href=\"https:\/\/dev.hifu-prostate.fr\/fr\/accueil\/le-cancer-de-la-prostate\/les-traitements-du-cancer-de-la-prostate\/\">Les traitements du cancer de la prostate<\/a><\/p>\t\t\t\t\t\t\t\t<\/div>\n\t\t\t\t<\/div>\n\t\t\t\t<\/div>\n\t\t\t\t\t<\/div>\n\t\t\t\t<\/div>\n\t\t\t\t<\/div>\n\t\t","protected":false},"excerpt":{"rendered":"<p>IRM prostate L\u2019IRM (Imagerie par R\u00e9sonance Magn\u00e9tique) prostatique permet la d\u00e9tection, la localisation, l\u2019estimation du volume des foyers tumoraux et le bilan d\u2019extension du\u00a0cancer\u00a0de la\u00a0prostate. Ces informations coupl\u00e9es aux r\u00e9sultats des\u00a0biopsies\u00a0cibl\u00e9es permettent d\u2019obtenir une cartographie pr\u00e9cise du cancer de la prostate et d\u2019adapter au mieux la prise en charge th\u00e9rapeutique de chaque patient. L\u2019IRM a [&hellip;]<\/p>\n","protected":false},"author":566,"featured_media":0,"parent":8932,"menu_order":0,"comment_status":"closed","ping_status":"closed","template":"","meta":{"footnotes":""},"class_list":["post-8978","page","type-page","status-publish","hentry"],"yoast_head":"<!-- This site is optimized with the Yoast SEO plugin v26.3 - https:\/\/yoast.com\/wordpress\/plugins\/seo\/ -->\n<title>IRM prostate | HIFU-PROSTATE FR<\/title>\n<meta name=\"robots\" content=\"noindex, follow, max-snippet:-1, max-image-preview:large, max-video-preview:-1\" \/>\n<meta property=\"og:locale\" content=\"fr_FR\" \/>\n<meta property=\"og:type\" content=\"article\" \/>\n<meta property=\"og:title\" content=\"IRM prostate | HIFU-PROSTATE FR\" \/>\n<meta property=\"og:description\" content=\"IRM prostate L\u2019IRM (Imagerie par R\u00e9sonance Magn\u00e9tique) prostatique permet la d\u00e9tection, la localisation, l\u2019estimation du volume des foyers tumoraux et le bilan d\u2019extension du\u00a0cancer\u00a0de la\u00a0prostate. Ces informations coupl\u00e9es aux r\u00e9sultats des\u00a0biopsies\u00a0cibl\u00e9es permettent d\u2019obtenir une cartographie pr\u00e9cise du cancer de la prostate et d\u2019adapter au mieux la prise en charge th\u00e9rapeutique de chaque patient. L\u2019IRM a [&hellip;]\" \/>\n<meta property=\"og:url\" content=\"https:\/\/dev.hifu-prostate.fr\/fr\/en-savoir-plus-sur-le-cancer-de-la-prostate\/irm-prostate\/\" \/>\n<meta property=\"og:site_name\" content=\"HIFU-PROSTATE FR\" \/>\n<meta property=\"article:modified_time\" content=\"2026-01-23T11:04:24+00:00\" \/>\n<meta name=\"twitter:card\" content=\"summary_large_image\" \/>\n<meta name=\"twitter:label1\" content=\"Dur\u00e9e de lecture estim\u00e9e\" \/>\n\t<meta name=\"twitter:data1\" content=\"2 minutes\" \/>\n<script type=\"application\/ld+json\" class=\"yoast-schema-graph\">{\"@context\":\"https:\/\/schema.org\",\"@graph\":[{\"@type\":\"WebPage\",\"@id\":\"https:\/\/dev.hifu-prostate.fr\/fr\/en-savoir-plus-sur-le-cancer-de-la-prostate\/irm-prostate\/\",\"url\":\"https:\/\/dev.hifu-prostate.fr\/fr\/en-savoir-plus-sur-le-cancer-de-la-prostate\/irm-prostate\/\",\"name\":\"IRM prostate | HIFU-PROSTATE FR\",\"isPartOf\":{\"@id\":\"https:\/\/dev.hifu-prostate.fr\/fr\/#website\"},\"datePublished\":\"2025-11-12T14:50:07+00:00\",\"dateModified\":\"2026-01-23T11:04:24+00:00\",\"breadcrumb\":{\"@id\":\"https:\/\/dev.hifu-prostate.fr\/fr\/en-savoir-plus-sur-le-cancer-de-la-prostate\/irm-prostate\/#breadcrumb\"},\"inLanguage\":\"fr-FR\",\"potentialAction\":[{\"@type\":\"ReadAction\",\"target\":[\"https:\/\/dev.hifu-prostate.fr\/fr\/en-savoir-plus-sur-le-cancer-de-la-prostate\/irm-prostate\/\"]}]},{\"@type\":\"BreadcrumbList\",\"@id\":\"https:\/\/dev.hifu-prostate.fr\/fr\/en-savoir-plus-sur-le-cancer-de-la-prostate\/irm-prostate\/#breadcrumb\",\"itemListElement\":[{\"@type\":\"ListItem\",\"position\":1,\"name\":\"Accueil\",\"item\":\"https:\/\/dev.hifu-prostate.fr\/fr\/\"},{\"@type\":\"ListItem\",\"position\":2,\"name\":\"En savoir plus sur le cancer de la prostate\",\"item\":\"https:\/\/dev.hifu-prostate.fr\/fr\/en-savoir-plus-sur-le-cancer-de-la-prostate\/\"},{\"@type\":\"ListItem\",\"position\":3,\"name\":\"IRM prostate\"}]},{\"@type\":\"WebSite\",\"@id\":\"https:\/\/dev.hifu-prostate.fr\/fr\/#website\",\"url\":\"https:\/\/dev.hifu-prostate.fr\/fr\/\",\"name\":\"HIFU-PROSTATE FR\",\"description\":\"HIFU-Prostate, votre expert du traitement du cancer de la prostate.\",\"publisher\":{\"@id\":\"https:\/\/dev.hifu-prostate.fr\/fr\/#organization\"},\"potentialAction\":[{\"@type\":\"SearchAction\",\"target\":{\"@type\":\"EntryPoint\",\"urlTemplate\":\"https:\/\/dev.hifu-prostate.fr\/fr\/?s={search_term_string}\"},\"query-input\":{\"@type\":\"PropertyValueSpecification\",\"valueRequired\":true,\"valueName\":\"search_term_string\"}}],\"inLanguage\":\"fr-FR\"},{\"@type\":\"Organization\",\"@id\":\"https:\/\/dev.hifu-prostate.fr\/fr\/#organization\",\"name\":\"HIFU-PROSTATE FR\",\"url\":\"https:\/\/dev.hifu-prostate.fr\/fr\/\",\"logo\":{\"@type\":\"ImageObject\",\"inLanguage\":\"fr-FR\",\"@id\":\"https:\/\/dev.hifu-prostate.fr\/fr\/#\/schema\/logo\/image\/\",\"url\":\"https:\/\/dev.hifu-prostate.fr\/fr\/wp-content\/uploads\/sites\/2\/2025\/11\/Logo-hifu-prostate-CMJN.svg\",\"contentUrl\":\"https:\/\/dev.hifu-prostate.fr\/fr\/wp-content\/uploads\/sites\/2\/2025\/11\/Logo-hifu-prostate-CMJN.svg\",\"width\":211,\"height\":69,\"caption\":\"HIFU-PROSTATE FR\"},\"image\":{\"@id\":\"https:\/\/dev.hifu-prostate.fr\/fr\/#\/schema\/logo\/image\/\"}}]}<\/script>\n<!-- \/ Yoast SEO plugin. -->","yoast_head_json":{"title":"IRM prostate | HIFU-PROSTATE FR","robots":{"index":"noindex","follow":"follow","max-snippet":"max-snippet:-1","max-image-preview":"max-image-preview:large","max-video-preview":"max-video-preview:-1"},"og_locale":"fr_FR","og_type":"article","og_title":"IRM prostate | HIFU-PROSTATE FR","og_description":"IRM prostate L\u2019IRM (Imagerie par R\u00e9sonance Magn\u00e9tique) prostatique permet la d\u00e9tection, la localisation, l\u2019estimation du volume des foyers tumoraux et le bilan d\u2019extension du\u00a0cancer\u00a0de la\u00a0prostate. Ces informations coupl\u00e9es aux r\u00e9sultats des\u00a0biopsies\u00a0cibl\u00e9es permettent d\u2019obtenir une cartographie pr\u00e9cise du cancer de la prostate et d\u2019adapter au mieux la prise en charge th\u00e9rapeutique de chaque patient. L\u2019IRM a [&hellip;]","og_url":"https:\/\/dev.hifu-prostate.fr\/fr\/en-savoir-plus-sur-le-cancer-de-la-prostate\/irm-prostate\/","og_site_name":"HIFU-PROSTATE FR","article_modified_time":"2026-01-23T11:04:24+00:00","twitter_card":"summary_large_image","twitter_misc":{"Dur\u00e9e de lecture estim\u00e9e":"2 minutes"},"schema":{"@context":"https:\/\/schema.org","@graph":[{"@type":"WebPage","@id":"https:\/\/dev.hifu-prostate.fr\/fr\/en-savoir-plus-sur-le-cancer-de-la-prostate\/irm-prostate\/","url":"https:\/\/dev.hifu-prostate.fr\/fr\/en-savoir-plus-sur-le-cancer-de-la-prostate\/irm-prostate\/","name":"IRM prostate | HIFU-PROSTATE FR","isPartOf":{"@id":"https:\/\/dev.hifu-prostate.fr\/fr\/#website"},"datePublished":"2025-11-12T14:50:07+00:00","dateModified":"2026-01-23T11:04:24+00:00","breadcrumb":{"@id":"https:\/\/dev.hifu-prostate.fr\/fr\/en-savoir-plus-sur-le-cancer-de-la-prostate\/irm-prostate\/#breadcrumb"},"inLanguage":"fr-FR","potentialAction":[{"@type":"ReadAction","target":["https:\/\/dev.hifu-prostate.fr\/fr\/en-savoir-plus-sur-le-cancer-de-la-prostate\/irm-prostate\/"]}]},{"@type":"BreadcrumbList","@id":"https:\/\/dev.hifu-prostate.fr\/fr\/en-savoir-plus-sur-le-cancer-de-la-prostate\/irm-prostate\/#breadcrumb","itemListElement":[{"@type":"ListItem","position":1,"name":"Accueil","item":"https:\/\/dev.hifu-prostate.fr\/fr\/"},{"@type":"ListItem","position":2,"name":"En savoir plus sur le cancer de la prostate","item":"https:\/\/dev.hifu-prostate.fr\/fr\/en-savoir-plus-sur-le-cancer-de-la-prostate\/"},{"@type":"ListItem","position":3,"name":"IRM prostate"}]},{"@type":"WebSite","@id":"https:\/\/dev.hifu-prostate.fr\/fr\/#website","url":"https:\/\/dev.hifu-prostate.fr\/fr\/","name":"HIFU-PROSTATE FR","description":"HIFU-Prostate, votre expert du traitement du cancer de la prostate.","publisher":{"@id":"https:\/\/dev.hifu-prostate.fr\/fr\/#organization"},"potentialAction":[{"@type":"SearchAction","target":{"@type":"EntryPoint","urlTemplate":"https:\/\/dev.hifu-prostate.fr\/fr\/?s={search_term_string}"},"query-input":{"@type":"PropertyValueSpecification","valueRequired":true,"valueName":"search_term_string"}}],"inLanguage":"fr-FR"},{"@type":"Organization","@id":"https:\/\/dev.hifu-prostate.fr\/fr\/#organization","name":"HIFU-PROSTATE FR","url":"https:\/\/dev.hifu-prostate.fr\/fr\/","logo":{"@type":"ImageObject","inLanguage":"fr-FR","@id":"https:\/\/dev.hifu-prostate.fr\/fr\/#\/schema\/logo\/image\/","url":"https:\/\/dev.hifu-prostate.fr\/fr\/wp-content\/uploads\/sites\/2\/2025\/11\/Logo-hifu-prostate-CMJN.svg","contentUrl":"https:\/\/dev.hifu-prostate.fr\/fr\/wp-content\/uploads\/sites\/2\/2025\/11\/Logo-hifu-prostate-CMJN.svg","width":211,"height":69,"caption":"HIFU-PROSTATE FR"},"image":{"@id":"https:\/\/dev.hifu-prostate.fr\/fr\/#\/schema\/logo\/image\/"}}]}},"_links":{"self":[{"href":"https:\/\/dev.hifu-prostate.fr\/fr\/wp-json\/wp\/v2\/pages\/8978","targetHints":{"allow":["GET"]}}],"collection":[{"href":"https:\/\/dev.hifu-prostate.fr\/fr\/wp-json\/wp\/v2\/pages"}],"about":[{"href":"https:\/\/dev.hifu-prostate.fr\/fr\/wp-json\/wp\/v2\/types\/page"}],"author":[{"embeddable":true,"href":"https:\/\/dev.hifu-prostate.fr\/fr\/wp-json\/wp\/v2\/users\/566"}],"replies":[{"embeddable":true,"href":"https:\/\/dev.hifu-prostate.fr\/fr\/wp-json\/wp\/v2\/comments?post=8978"}],"version-history":[{"count":10,"href":"https:\/\/dev.hifu-prostate.fr\/fr\/wp-json\/wp\/v2\/pages\/8978\/revisions"}],"predecessor-version":[{"id":10676,"href":"https:\/\/dev.hifu-prostate.fr\/fr\/wp-json\/wp\/v2\/pages\/8978\/revisions\/10676"}],"up":[{"embeddable":true,"href":"https:\/\/dev.hifu-prostate.fr\/fr\/wp-json\/wp\/v2\/pages\/8932"}],"wp:attachment":[{"href":"https:\/\/dev.hifu-prostate.fr\/fr\/wp-json\/wp\/v2\/media?parent=8978"}],"curies":[{"name":"wp","href":"https:\/\/api.w.org\/{rel}","templated":true}]}}