{"id":8995,"date":"2025-11-12T15:59:35","date_gmt":"2025-11-12T14:59:35","guid":{"rendered":"https:\/\/dev.hifu-prostate.fr\/fr\/?page_id=8995"},"modified":"2025-11-12T16:02:50","modified_gmt":"2025-11-12T15:02:50","slug":"symptomes-du-cancer-de-la-prostate","status":"publish","type":"page","link":"https:\/\/dev.hifu-prostate.fr\/fr\/en-savoir-plus-sur-le-cancer-de-la-prostate\/symptomes-du-cancer-de-la-prostate\/","title":{"rendered":"Sympt\u00f4mes du cancer de la prostate"},"content":{"rendered":"\t\t<div data-elementor-type=\"wp-page\" data-elementor-id=\"8995\" class=\"elementor elementor-8995\" data-elementor-post-type=\"page\">\n\t\t\t\t<div class=\"elementor-element elementor-element-bca253c e-flex e-con-boxed e-con e-parent\" data-id=\"bca253c\" data-element_type=\"container\">\n\t\t\t\t\t<div class=\"e-con-inner\">\n\t\t<div class=\"elementor-element elementor-element-129105e e-con-full hp-leadline e-flex e-con e-child\" data-id=\"129105e\" data-element_type=\"container\">\n\t\t\t\t<div class=\"elementor-element elementor-element-3d43fb3 elementor-widget elementor-widget-html\" data-id=\"3d43fb3\" data-element_type=\"widget\" data-widget_type=\"html.default\">\n\t\t\t\t<div class=\"elementor-widget-container\">\n\t\t\t\t\t<h1 class=\"hp-lead-title\">\n  <strong>Sympt\u00f4mes du cancer de la prostate<\/strong>\n<\/h1>\t\t\t\t<\/div>\n\t\t\t\t<\/div>\n\t\t\t\t<\/div>\n\t\t\t\t\t<\/div>\n\t\t\t\t<\/div>\n\t\t<div class=\"elementor-element elementor-element-75d6284 e-flex e-con-boxed e-con e-parent\" data-id=\"75d6284\" data-element_type=\"container\">\n\t\t\t\t\t<div class=\"e-con-inner\">\n\t\t<div class=\"elementor-element elementor-element-37defcb e-con-full e-flex e-con e-child\" data-id=\"37defcb\" data-element_type=\"container\">\n\t\t\t\t<div class=\"elementor-element elementor-element-0d4b1ee elementor-widget elementor-widget-text-editor\" data-id=\"0d4b1ee\" data-element_type=\"widget\" data-widget_type=\"text-editor.default\">\n\t\t\t\t<div class=\"elementor-widget-container\">\n\t\t\t\t\t\t\t\t\t<p>Le taux de survie des patients atteints du cancer localis\u00e9 de la prostate est proche des 100% (si le traitement ne commence pas \u00e0 un stade avanc\u00e9 de la maladie).<\/p><p>Le danger r\u00e9side dans le diagnostic tardif du cancer de la prostate. La perte de contr\u00f4le urinaire, le jet urinaire faible ou la pr\u00e9sence de douleur pendant les mictions sont quelques sympt\u00f4mes \u00e0 prendre s\u00e9rieusement en compte. Les habitudes sexuelles peuvent \u00e9galement \u00eatre touch\u00e9es par des \u00e9jaculations douloureuses ou la pr\u00e9sence de sang dans le sperme. Quoiqu\u2019il en soit, consulter un urologue reste indispensable.<\/p><p>D\u00e9couvrez-en plus sur les sympt\u00f4mes et sur les m\u00e9thodes de diagnostic du cancer de la prostate ci-dessous.<\/p>\t\t\t\t\t\t\t\t<\/div>\n\t\t\t\t<\/div>\n\t\t<div class=\"elementor-element elementor-element-70bd885 e-con-full e-flex e-con e-child\" data-id=\"70bd885\" data-element_type=\"container\">\n\t\t\t\t<div class=\"elementor-element elementor-element-d0e830a hpe-title-underline-middle elementor-widget elementor-widget-heading\" data-id=\"d0e830a\" data-element_type=\"widget\" data-widget_type=\"heading.default\">\n\t\t\t\t<div class=\"elementor-widget-container\">\n\t\t\t\t\t<h2 class=\"elementor-heading-title elementor-size-default\">Le diagnostic des sympt\u00f4mes du cancer de la prostate<\/h2>\t\t\t\t<\/div>\n\t\t\t\t<\/div>\n\t\t\t\t<\/div>\n\t\t\t\t<div class=\"elementor-element elementor-element-d4da239 elementor-widget elementor-widget-heading\" data-id=\"d4da239\" data-element_type=\"widget\" data-widget_type=\"heading.default\">\n\t\t\t\t<div class=\"elementor-widget-container\">\n\t\t\t\t\t<h3 class=\"elementor-heading-title elementor-size-default\">Techniques de diagnostic face aux sympt\u00f4mes du cancer de la prostate<\/h3>\t\t\t\t<\/div>\n\t\t\t\t<\/div>\n\t\t\t\t<div class=\"elementor-element elementor-element-a7041f5 elementor-widget elementor-widget-text-editor\" data-id=\"a7041f5\" data-element_type=\"widget\" data-widget_type=\"text-editor.default\">\n\t\t\t\t<div class=\"elementor-widget-container\">\n\t\t\t\t\t\t\t\t\t<p>De multiples et compl\u00e9mentaires techniques existent dans le\u00a0<a href=\"https:\/\/dev.hifu-prostate.fr\/fr\/accueil\/le-cancer-de-la-prostate\/diagnostic-et-depistage\/\">diagnostic des\u00a0<\/a><strong><a href=\"https:\/\/dev.hifu-prostate.fr\/fr\/accueil\/le-cancer-de-la-prostate\/diagnostic-et-depistage\/\">sympt\u00f4mes du cancer de la prostate<\/a><\/strong>. Parmi elles, nous pouvons citer le dosage de l\u2019antig\u00e8ne\u00a0PSA\u00a0(Prostatic Specific Antigen) dans le sang avec des crit\u00e8res d\u2019analyse qui changent en fonction de la maladie.<br \/><br \/>A titre d\u2019information, il sera compl\u00e9ter par d\u2019autres examens. Le\u00a0toucher rectal\u00a0ou les\u00a0biopsies\u00a0de prostate sont d\u2019autres moyens de d\u00e9tecter la pr\u00e9sence du cancer dans la prostate.<br \/><br \/>Enfin, les bilans d\u2019extensions utilisant des machines technologiques de pointes permettront de pousser la pr\u00e9cision du diagnostic.<\/p>\t\t\t\t\t\t\t\t<\/div>\n\t\t\t\t<\/div>\n\t\t\t\t<div class=\"elementor-element elementor-element-b8b4d15 elementor-widget elementor-widget-heading\" data-id=\"b8b4d15\" data-element_type=\"widget\" data-widget_type=\"heading.default\">\n\t\t\t\t<div class=\"elementor-widget-container\">\n\t\t\t\t\t<h3 class=\"elementor-heading-title elementor-size-default\">Sympt\u00f4mes cancer de la prostate : contactez-nous !<\/h3>\t\t\t\t<\/div>\n\t\t\t\t<\/div>\n\t\t\t\t<div class=\"elementor-element elementor-element-edc2010 elementor-widget elementor-widget-text-editor\" data-id=\"edc2010\" data-element_type=\"widget\" data-widget_type=\"text-editor.default\">\n\t\t\t\t<div class=\"elementor-widget-container\">\n\t\t\t\t\t\t\t\t\t<p>Vous avez besoin d\u2019informations compl\u00e9mentaires sur la technologie\u00a0<a href=\"https:\/\/dev.hifu-prostate.fr\/fr\/\">HIFU<\/a>\u00a0? Vous souhaitez avoir des explications personnalis\u00e9es sur ces dispositifs technologiques de pointe ? N\u2019h\u00e9sitez pas \u00e0 nous contacter via le lien ci-dessus pour toutes questions sur le sujet. Nous nous engageons \u00e0 vous r\u00e9pondre dans les plus brefs d\u00e9lais.<\/p><p>A lire : <a href=\"https:\/\/dev.hifu-prostate.fr\/fr\/accueil\/le-cancer-de-la-prostate\/les-traitements-du-cancer-de-la-prostate\/\">Quels sont les traitements contre le cancer de la prostate ?<\/a><\/p>\t\t\t\t\t\t\t\t<\/div>\n\t\t\t\t<\/div>\n\t\t\t\t<\/div>\n\t\t\t\t\t<\/div>\n\t\t\t\t<\/div>\n\t\t\t\t<\/div>\n\t\t","protected":false},"excerpt":{"rendered":"<p>Sympt\u00f4mes du cancer de la prostate Le taux de survie des patients atteints du cancer localis\u00e9 de la prostate est proche des 100% (si le traitement ne commence pas \u00e0 un stade avanc\u00e9 de la maladie). Le danger r\u00e9side dans le diagnostic tardif du cancer de la prostate. La perte de contr\u00f4le urinaire, le jet [&hellip;]<\/p>\n","protected":false},"author":566,"featured_media":0,"parent":8932,"menu_order":0,"comment_status":"closed","ping_status":"closed","template":"","meta":{"footnotes":""},"class_list":["post-8995","page","type-page","status-publish","hentry"],"yoast_head":"<!-- This site is optimized with the Yoast SEO plugin v26.3 - https:\/\/yoast.com\/wordpress\/plugins\/seo\/ -->\n<title>Sympt\u00f4mes du cancer de la prostate | HIFU-PROSTATE FR<\/title>\n<meta name=\"robots\" content=\"noindex, follow, max-snippet:-1, max-image-preview:large, max-video-preview:-1\" \/>\n<meta property=\"og:locale\" content=\"fr_FR\" \/>\n<meta property=\"og:type\" content=\"article\" \/>\n<meta property=\"og:title\" content=\"Sympt\u00f4mes du cancer de la prostate | HIFU-PROSTATE FR\" \/>\n<meta property=\"og:description\" content=\"Sympt\u00f4mes du cancer de la prostate Le taux de survie des patients atteints du cancer localis\u00e9 de la prostate est proche des 100% (si le traitement ne commence pas \u00e0 un stade avanc\u00e9 de la maladie). Le danger r\u00e9side dans le diagnostic tardif du cancer de la prostate. La perte de contr\u00f4le urinaire, le jet [&hellip;]\" \/>\n<meta property=\"og:url\" content=\"https:\/\/dev.hifu-prostate.fr\/fr\/en-savoir-plus-sur-le-cancer-de-la-prostate\/symptomes-du-cancer-de-la-prostate\/\" \/>\n<meta property=\"og:site_name\" content=\"HIFU-PROSTATE FR\" \/>\n<meta property=\"article:modified_time\" content=\"2025-11-12T15:02:50+00:00\" \/>\n<meta name=\"twitter:card\" content=\"summary_large_image\" \/>\n<meta name=\"twitter:label1\" content=\"Dur\u00e9e de lecture estim\u00e9e\" \/>\n\t<meta name=\"twitter:data1\" content=\"2 minutes\" \/>\n<script type=\"application\/ld+json\" class=\"yoast-schema-graph\">{\"@context\":\"https:\/\/schema.org\",\"@graph\":[{\"@type\":\"WebPage\",\"@id\":\"https:\/\/dev.hifu-prostate.fr\/fr\/en-savoir-plus-sur-le-cancer-de-la-prostate\/symptomes-du-cancer-de-la-prostate\/\",\"url\":\"https:\/\/dev.hifu-prostate.fr\/fr\/en-savoir-plus-sur-le-cancer-de-la-prostate\/symptomes-du-cancer-de-la-prostate\/\",\"name\":\"Sympt\u00f4mes du cancer de la prostate | HIFU-PROSTATE FR\",\"isPartOf\":{\"@id\":\"https:\/\/dev.hifu-prostate.fr\/fr\/#website\"},\"datePublished\":\"2025-11-12T14:59:35+00:00\",\"dateModified\":\"2025-11-12T15:02:50+00:00\",\"breadcrumb\":{\"@id\":\"https:\/\/dev.hifu-prostate.fr\/fr\/en-savoir-plus-sur-le-cancer-de-la-prostate\/symptomes-du-cancer-de-la-prostate\/#breadcrumb\"},\"inLanguage\":\"fr-FR\",\"potentialAction\":[{\"@type\":\"ReadAction\",\"target\":[\"https:\/\/dev.hifu-prostate.fr\/fr\/en-savoir-plus-sur-le-cancer-de-la-prostate\/symptomes-du-cancer-de-la-prostate\/\"]}]},{\"@type\":\"BreadcrumbList\",\"@id\":\"https:\/\/dev.hifu-prostate.fr\/fr\/en-savoir-plus-sur-le-cancer-de-la-prostate\/symptomes-du-cancer-de-la-prostate\/#breadcrumb\",\"itemListElement\":[{\"@type\":\"ListItem\",\"position\":1,\"name\":\"Accueil\",\"item\":\"https:\/\/dev.hifu-prostate.fr\/fr\/\"},{\"@type\":\"ListItem\",\"position\":2,\"name\":\"En savoir plus sur le cancer de la prostate\",\"item\":\"https:\/\/dev.hifu-prostate.fr\/fr\/en-savoir-plus-sur-le-cancer-de-la-prostate\/\"},{\"@type\":\"ListItem\",\"position\":3,\"name\":\"Sympt\u00f4mes du cancer de la prostate\"}]},{\"@type\":\"WebSite\",\"@id\":\"https:\/\/dev.hifu-prostate.fr\/fr\/#website\",\"url\":\"https:\/\/dev.hifu-prostate.fr\/fr\/\",\"name\":\"HIFU-PROSTATE FR\",\"description\":\"HIFU-Prostate, votre expert du traitement du cancer de la prostate.\",\"publisher\":{\"@id\":\"https:\/\/dev.hifu-prostate.fr\/fr\/#organization\"},\"potentialAction\":[{\"@type\":\"SearchAction\",\"target\":{\"@type\":\"EntryPoint\",\"urlTemplate\":\"https:\/\/dev.hifu-prostate.fr\/fr\/?s={search_term_string}\"},\"query-input\":{\"@type\":\"PropertyValueSpecification\",\"valueRequired\":true,\"valueName\":\"search_term_string\"}}],\"inLanguage\":\"fr-FR\"},{\"@type\":\"Organization\",\"@id\":\"https:\/\/dev.hifu-prostate.fr\/fr\/#organization\",\"name\":\"HIFU-PROSTATE FR\",\"url\":\"https:\/\/dev.hifu-prostate.fr\/fr\/\",\"logo\":{\"@type\":\"ImageObject\",\"inLanguage\":\"fr-FR\",\"@id\":\"https:\/\/dev.hifu-prostate.fr\/fr\/#\/schema\/logo\/image\/\",\"url\":\"https:\/\/dev.hifu-prostate.fr\/fr\/wp-content\/uploads\/sites\/2\/2025\/11\/Logo-hifu-prostate-CMJN.svg\",\"contentUrl\":\"https:\/\/dev.hifu-prostate.fr\/fr\/wp-content\/uploads\/sites\/2\/2025\/11\/Logo-hifu-prostate-CMJN.svg\",\"width\":211,\"height\":69,\"caption\":\"HIFU-PROSTATE FR\"},\"image\":{\"@id\":\"https:\/\/dev.hifu-prostate.fr\/fr\/#\/schema\/logo\/image\/\"}}]}<\/script>\n<!-- \/ Yoast SEO plugin. -->","yoast_head_json":{"title":"Sympt\u00f4mes du cancer de la prostate | HIFU-PROSTATE FR","robots":{"index":"noindex","follow":"follow","max-snippet":"max-snippet:-1","max-image-preview":"max-image-preview:large","max-video-preview":"max-video-preview:-1"},"og_locale":"fr_FR","og_type":"article","og_title":"Sympt\u00f4mes du cancer de la prostate | HIFU-PROSTATE FR","og_description":"Sympt\u00f4mes du cancer de la prostate Le taux de survie des patients atteints du cancer localis\u00e9 de la prostate est proche des 100% (si le traitement ne commence pas \u00e0 un stade avanc\u00e9 de la maladie). Le danger r\u00e9side dans le diagnostic tardif du cancer de la prostate. La perte de contr\u00f4le urinaire, le jet [&hellip;]","og_url":"https:\/\/dev.hifu-prostate.fr\/fr\/en-savoir-plus-sur-le-cancer-de-la-prostate\/symptomes-du-cancer-de-la-prostate\/","og_site_name":"HIFU-PROSTATE FR","article_modified_time":"2025-11-12T15:02:50+00:00","twitter_card":"summary_large_image","twitter_misc":{"Dur\u00e9e de lecture estim\u00e9e":"2 minutes"},"schema":{"@context":"https:\/\/schema.org","@graph":[{"@type":"WebPage","@id":"https:\/\/dev.hifu-prostate.fr\/fr\/en-savoir-plus-sur-le-cancer-de-la-prostate\/symptomes-du-cancer-de-la-prostate\/","url":"https:\/\/dev.hifu-prostate.fr\/fr\/en-savoir-plus-sur-le-cancer-de-la-prostate\/symptomes-du-cancer-de-la-prostate\/","name":"Sympt\u00f4mes du cancer de la prostate | HIFU-PROSTATE FR","isPartOf":{"@id":"https:\/\/dev.hifu-prostate.fr\/fr\/#website"},"datePublished":"2025-11-12T14:59:35+00:00","dateModified":"2025-11-12T15:02:50+00:00","breadcrumb":{"@id":"https:\/\/dev.hifu-prostate.fr\/fr\/en-savoir-plus-sur-le-cancer-de-la-prostate\/symptomes-du-cancer-de-la-prostate\/#breadcrumb"},"inLanguage":"fr-FR","potentialAction":[{"@type":"ReadAction","target":["https:\/\/dev.hifu-prostate.fr\/fr\/en-savoir-plus-sur-le-cancer-de-la-prostate\/symptomes-du-cancer-de-la-prostate\/"]}]},{"@type":"BreadcrumbList","@id":"https:\/\/dev.hifu-prostate.fr\/fr\/en-savoir-plus-sur-le-cancer-de-la-prostate\/symptomes-du-cancer-de-la-prostate\/#breadcrumb","itemListElement":[{"@type":"ListItem","position":1,"name":"Accueil","item":"https:\/\/dev.hifu-prostate.fr\/fr\/"},{"@type":"ListItem","position":2,"name":"En savoir plus sur le cancer de la prostate","item":"https:\/\/dev.hifu-prostate.fr\/fr\/en-savoir-plus-sur-le-cancer-de-la-prostate\/"},{"@type":"ListItem","position":3,"name":"Sympt\u00f4mes du cancer de la prostate"}]},{"@type":"WebSite","@id":"https:\/\/dev.hifu-prostate.fr\/fr\/#website","url":"https:\/\/dev.hifu-prostate.fr\/fr\/","name":"HIFU-PROSTATE FR","description":"HIFU-Prostate, votre expert du traitement du cancer de la prostate.","publisher":{"@id":"https:\/\/dev.hifu-prostate.fr\/fr\/#organization"},"potentialAction":[{"@type":"SearchAction","target":{"@type":"EntryPoint","urlTemplate":"https:\/\/dev.hifu-prostate.fr\/fr\/?s={search_term_string}"},"query-input":{"@type":"PropertyValueSpecification","valueRequired":true,"valueName":"search_term_string"}}],"inLanguage":"fr-FR"},{"@type":"Organization","@id":"https:\/\/dev.hifu-prostate.fr\/fr\/#organization","name":"HIFU-PROSTATE FR","url":"https:\/\/dev.hifu-prostate.fr\/fr\/","logo":{"@type":"ImageObject","inLanguage":"fr-FR","@id":"https:\/\/dev.hifu-prostate.fr\/fr\/#\/schema\/logo\/image\/","url":"https:\/\/dev.hifu-prostate.fr\/fr\/wp-content\/uploads\/sites\/2\/2025\/11\/Logo-hifu-prostate-CMJN.svg","contentUrl":"https:\/\/dev.hifu-prostate.fr\/fr\/wp-content\/uploads\/sites\/2\/2025\/11\/Logo-hifu-prostate-CMJN.svg","width":211,"height":69,"caption":"HIFU-PROSTATE FR"},"image":{"@id":"https:\/\/dev.hifu-prostate.fr\/fr\/#\/schema\/logo\/image\/"}}]}},"_links":{"self":[{"href":"https:\/\/dev.hifu-prostate.fr\/fr\/wp-json\/wp\/v2\/pages\/8995","targetHints":{"allow":["GET"]}}],"collection":[{"href":"https:\/\/dev.hifu-prostate.fr\/fr\/wp-json\/wp\/v2\/pages"}],"about":[{"href":"https:\/\/dev.hifu-prostate.fr\/fr\/wp-json\/wp\/v2\/types\/page"}],"author":[{"embeddable":true,"href":"https:\/\/dev.hifu-prostate.fr\/fr\/wp-json\/wp\/v2\/users\/566"}],"replies":[{"embeddable":true,"href":"https:\/\/dev.hifu-prostate.fr\/fr\/wp-json\/wp\/v2\/comments?post=8995"}],"version-history":[{"count":7,"href":"https:\/\/dev.hifu-prostate.fr\/fr\/wp-json\/wp\/v2\/pages\/8995\/revisions"}],"predecessor-version":[{"id":9006,"href":"https:\/\/dev.hifu-prostate.fr\/fr\/wp-json\/wp\/v2\/pages\/8995\/revisions\/9006"}],"up":[{"embeddable":true,"href":"https:\/\/dev.hifu-prostate.fr\/fr\/wp-json\/wp\/v2\/pages\/8932"}],"wp:attachment":[{"href":"https:\/\/dev.hifu-prostate.fr\/fr\/wp-json\/wp\/v2\/media?parent=8995"}],"curies":[{"name":"wp","href":"https:\/\/api.w.org\/{rel}","templated":true}]}}