{"id":9007,"date":"2025-11-12T16:03:54","date_gmt":"2025-11-12T15:03:54","guid":{"rendered":"https:\/\/dev.hifu-prostate.fr\/fr\/?page_id=9007"},"modified":"2025-11-12T16:07:30","modified_gmt":"2025-11-12T15:07:30","slug":"guerison-du-cancer-de-la-prostate","status":"publish","type":"page","link":"https:\/\/dev.hifu-prostate.fr\/fr\/en-savoir-plus-sur-le-cancer-de-la-prostate\/guerison-du-cancer-de-la-prostate\/","title":{"rendered":"Gu\u00e9rison du cancer de la prostate"},"content":{"rendered":"\t\t<div data-elementor-type=\"wp-page\" data-elementor-id=\"9007\" class=\"elementor elementor-9007\" data-elementor-post-type=\"page\">\n\t\t\t\t<div class=\"elementor-element elementor-element-161ecd6 e-flex e-con-boxed e-con e-parent\" data-id=\"161ecd6\" data-element_type=\"container\">\n\t\t\t\t\t<div class=\"e-con-inner\">\n\t\t<div class=\"elementor-element elementor-element-6e0e9cd e-con-full hp-leadline e-flex e-con e-child\" data-id=\"6e0e9cd\" data-element_type=\"container\">\n\t\t\t\t<div class=\"elementor-element elementor-element-128978a elementor-widget elementor-widget-html\" data-id=\"128978a\" data-element_type=\"widget\" data-widget_type=\"html.default\">\n\t\t\t\t<div class=\"elementor-widget-container\">\n\t\t\t\t\t<h1 class=\"hp-lead-title\">\n  <strong>Gu\u00e9rison du cancer de la prostate<\/strong>\n<\/h1>\t\t\t\t<\/div>\n\t\t\t\t<\/div>\n\t\t\t\t<\/div>\n\t\t\t\t\t<\/div>\n\t\t\t\t<\/div>\n\t\t<div class=\"elementor-element elementor-element-3a9d495 e-flex e-con-boxed e-con e-parent\" data-id=\"3a9d495\" data-element_type=\"container\">\n\t\t\t\t\t<div class=\"e-con-inner\">\n\t\t<div class=\"elementor-element elementor-element-62c5f29 e-con-full e-flex e-con e-child\" data-id=\"62c5f29\" data-element_type=\"container\">\n\t\t<div class=\"elementor-element elementor-element-2e026e0 e-con-full e-flex e-con e-child\" data-id=\"2e026e0\" data-element_type=\"container\">\n\t\t\t\t<div class=\"elementor-element elementor-element-a680693 hpe-title-underline-middle elementor-widget elementor-widget-heading\" data-id=\"a680693\" data-element_type=\"widget\" data-widget_type=\"heading.default\">\n\t\t\t\t<div class=\"elementor-widget-container\">\n\t\t\t\t\t<h2 class=\"elementor-heading-title elementor-size-default\">Quel est le taux de gu\u00e9rison du cancer de la prostate ?<\/h2>\t\t\t\t<\/div>\n\t\t\t\t<\/div>\n\t\t\t\t<\/div>\n\t\t\t\t<div class=\"elementor-element elementor-element-9000f39 elementor-widget elementor-widget-text-editor\" data-id=\"9000f39\" data-element_type=\"widget\" data-widget_type=\"text-editor.default\">\n\t\t\t\t<div class=\"elementor-widget-container\">\n\t\t\t\t\t\t\t\t\t<p>Le\u00a0cancer\u00a0de la\u00a0prostate\u00a0est une maladie de mieux en mieux soign\u00e9e en France et dans le monde. Le taux de survie est proche des 100% lorsque le cancer est localis\u00e9 \u00e0 la\u00a0glande\u00a0prostatique. Pour se faire, deux facteurs principaux entrent en jeux : le timing du diagnostic et la qualit\u00e9 du traitement. En mati\u00e8re de\u00a0<strong>gu\u00e9rison du cancer de la prostate<\/strong>, l\u2019<a href=\"https:\/\/dev.hifu-prostate.fr\/fr\/\">HIFU<\/a> est une technologie innovante par ultrasons focalis\u00e9s.<br \/><br \/>Apprenez-en plus sur l\u2019HIFU ainsi que sur les m\u00e9thodes de gu\u00e9rison ci-dessous.<\/p>\t\t\t\t\t\t\t\t<\/div>\n\t\t\t\t<\/div>\n\t\t<div class=\"elementor-element elementor-element-e583374 e-con-full e-flex e-con e-child\" data-id=\"e583374\" data-element_type=\"container\">\n\t\t\t\t<div class=\"elementor-element elementor-element-0d905b4 hpe-title-underline-middle elementor-widget elementor-widget-heading\" data-id=\"0d905b4\" data-element_type=\"widget\" data-widget_type=\"heading.default\">\n\t\t\t\t<div class=\"elementor-widget-container\">\n\t\t\t\t\t<h2 class=\"elementor-heading-title elementor-size-default\">Soigner le cancer de la prostate : les informations \u00e0 savoir<\/h2>\t\t\t\t<\/div>\n\t\t\t\t<\/div>\n\t\t\t\t<\/div>\n\t\t\t\t<div class=\"elementor-element elementor-element-8b2d2f7 elementor-widget elementor-widget-heading\" data-id=\"8b2d2f7\" data-element_type=\"widget\" data-widget_type=\"heading.default\">\n\t\t\t\t<div class=\"elementor-widget-container\">\n\t\t\t\t\t<h3 class=\"elementor-heading-title elementor-size-default\">Gu\u00e9rison de la prostate : \u00e0 qui s\u2019adresse le traitement par HIFU ?<\/h3>\t\t\t\t<\/div>\n\t\t\t\t<\/div>\n\t\t\t\t<div class=\"elementor-element elementor-element-e1b30c8 elementor-widget elementor-widget-text-editor\" data-id=\"e1b30c8\" data-element_type=\"widget\" data-widget_type=\"text-editor.default\">\n\t\t\t\t<div class=\"elementor-widget-container\">\n\t\t\t\t\t\t\t\t\t<p>Si la qualit\u00e9 de vie est pr\u00e9serv\u00e9e au maximum au niveau des facult\u00e9s urinaires et sexuelles, la pertinence du traitement par ultrasons focalis\u00e9s de haute intensit\u00e9 (HIFU) d\u00e9pend de facteurs comme le <a href=\"https:\/\/dev.hifu-prostate.fr\/fr\/accueil\/le-cancer-de-la-prostate\/les-differents-stades-du-cancer-de-la-prostate\/\">stade du cancer de la prostate<\/a>\u00a0ou un score de\u00a0Gleason\u00a0inf\u00e9rieur \u00e0 7.<br \/><br \/>Tout le monde n\u2019est pas \u00e9ligible \u00e0 l\u2019HIFU pour le\u00a0<a href=\"https:\/\/dev.hifu-prostate.fr\/fr\/accueil\/le-cancer-de-la-prostate\/les-traitements-du-cancer-de-la-prostate\/\">traitement du cancer de la prostate<\/a>. Renseignez-vous aupr\u00e8s de votre m\u00e9decin\u00a0urologue\u00a0pour en savoir plus.<\/p>\t\t\t\t\t\t\t\t<\/div>\n\t\t\t\t<\/div>\n\t\t\t\t<div class=\"elementor-element elementor-element-21cc9a0 elementor-widget elementor-widget-heading\" data-id=\"21cc9a0\" data-element_type=\"widget\" data-widget_type=\"heading.default\">\n\t\t\t\t<div class=\"elementor-widget-container\">\n\t\t\t\t\t<h3 class=\"elementor-heading-title elementor-size-default\">Soigner le cancer de la prostate : pourquoi utiliser la technologie HIFU ?<\/h3>\t\t\t\t<\/div>\n\t\t\t\t<\/div>\n\t\t\t\t<div class=\"elementor-element elementor-element-fd5dde4 elementor-widget elementor-widget-text-editor\" data-id=\"fd5dde4\" data-element_type=\"widget\" data-widget_type=\"text-editor.default\">\n\t\t\t\t<div class=\"elementor-widget-container\">\n\t\t\t\t\t\t\t\t\t<p><a href=\"https:\/\/dev.hifu-prostate.fr\/fr\/accueil\/traitement-par-hifu\/traitement-par-hifu-quels-avantages-pour-le-patient\/\">La technologie HIFU pr\u00e9sente plusieurs avantages pour le patient<\/a>, notamment la minimisation des cons\u00e9quences sur la vie quotidienne. Cette pr\u00e9servation vient du caract\u00e8re non invasif du traitement. Ainsi des ondes sans radiation sont port\u00e9es \u00e0 haute intensit\u00e9 et ex\u00e9cutent le traitement d\u00e9termin\u00e9 sur mesure par l\u2019urologue.<br \/><br \/>Ce traitement est robotis\u00e9 et garantie une pr\u00e9cision sans \u00e9gal. Les chances de\u00a0<strong>gu\u00e9rison du cancer de la prostate<\/strong>\u00a0seront ainsi optimis\u00e9es.<\/p>\t\t\t\t\t\t\t\t<\/div>\n\t\t\t\t<\/div>\n\t\t\t\t<\/div>\n\t\t\t\t\t<\/div>\n\t\t\t\t<\/div>\n\t\t\t\t<\/div>\n\t\t","protected":false},"excerpt":{"rendered":"<p>Gu\u00e9rison du cancer de la prostate Quel est le taux de gu\u00e9rison du cancer de la prostate ? Le\u00a0cancer\u00a0de la\u00a0prostate\u00a0est une maladie de mieux en mieux soign\u00e9e en France et dans le monde. Le taux de survie est proche des 100% lorsque le cancer est localis\u00e9 \u00e0 la\u00a0glande\u00a0prostatique. Pour se faire, deux facteurs principaux entrent [&hellip;]<\/p>\n","protected":false},"author":566,"featured_media":0,"parent":8932,"menu_order":0,"comment_status":"closed","ping_status":"closed","template":"","meta":{"footnotes":""},"class_list":["post-9007","page","type-page","status-publish","hentry"],"yoast_head":"<!-- This site is optimized with the Yoast SEO plugin v26.3 - https:\/\/yoast.com\/wordpress\/plugins\/seo\/ -->\n<title>Gu\u00e9rison du cancer de la prostate | HIFU-PROSTATE FR<\/title>\n<meta name=\"robots\" content=\"noindex, follow, max-snippet:-1, max-image-preview:large, max-video-preview:-1\" \/>\n<meta property=\"og:locale\" content=\"fr_FR\" \/>\n<meta property=\"og:type\" content=\"article\" \/>\n<meta property=\"og:title\" content=\"Gu\u00e9rison du cancer de la prostate | HIFU-PROSTATE FR\" \/>\n<meta property=\"og:description\" content=\"Gu\u00e9rison du cancer de la prostate Quel est le taux de gu\u00e9rison du cancer de la prostate ? Le\u00a0cancer\u00a0de la\u00a0prostate\u00a0est une maladie de mieux en mieux soign\u00e9e en France et dans le monde. Le taux de survie est proche des 100% lorsque le cancer est localis\u00e9 \u00e0 la\u00a0glande\u00a0prostatique. Pour se faire, deux facteurs principaux entrent [&hellip;]\" \/>\n<meta property=\"og:url\" content=\"https:\/\/dev.hifu-prostate.fr\/fr\/en-savoir-plus-sur-le-cancer-de-la-prostate\/guerison-du-cancer-de-la-prostate\/\" \/>\n<meta property=\"og:site_name\" content=\"HIFU-PROSTATE FR\" \/>\n<meta property=\"article:modified_time\" content=\"2025-11-12T15:07:30+00:00\" \/>\n<meta name=\"twitter:card\" content=\"summary_large_image\" \/>\n<meta name=\"twitter:label1\" content=\"Dur\u00e9e de lecture estim\u00e9e\" \/>\n\t<meta name=\"twitter:data1\" content=\"1 minute\" \/>\n<script type=\"application\/ld+json\" class=\"yoast-schema-graph\">{\"@context\":\"https:\/\/schema.org\",\"@graph\":[{\"@type\":\"WebPage\",\"@id\":\"https:\/\/dev.hifu-prostate.fr\/fr\/en-savoir-plus-sur-le-cancer-de-la-prostate\/guerison-du-cancer-de-la-prostate\/\",\"url\":\"https:\/\/dev.hifu-prostate.fr\/fr\/en-savoir-plus-sur-le-cancer-de-la-prostate\/guerison-du-cancer-de-la-prostate\/\",\"name\":\"Gu\u00e9rison du cancer de la prostate | HIFU-PROSTATE FR\",\"isPartOf\":{\"@id\":\"https:\/\/dev.hifu-prostate.fr\/fr\/#website\"},\"datePublished\":\"2025-11-12T15:03:54+00:00\",\"dateModified\":\"2025-11-12T15:07:30+00:00\",\"breadcrumb\":{\"@id\":\"https:\/\/dev.hifu-prostate.fr\/fr\/en-savoir-plus-sur-le-cancer-de-la-prostate\/guerison-du-cancer-de-la-prostate\/#breadcrumb\"},\"inLanguage\":\"fr-FR\",\"potentialAction\":[{\"@type\":\"ReadAction\",\"target\":[\"https:\/\/dev.hifu-prostate.fr\/fr\/en-savoir-plus-sur-le-cancer-de-la-prostate\/guerison-du-cancer-de-la-prostate\/\"]}]},{\"@type\":\"BreadcrumbList\",\"@id\":\"https:\/\/dev.hifu-prostate.fr\/fr\/en-savoir-plus-sur-le-cancer-de-la-prostate\/guerison-du-cancer-de-la-prostate\/#breadcrumb\",\"itemListElement\":[{\"@type\":\"ListItem\",\"position\":1,\"name\":\"Accueil\",\"item\":\"https:\/\/dev.hifu-prostate.fr\/fr\/\"},{\"@type\":\"ListItem\",\"position\":2,\"name\":\"En savoir plus sur le cancer de la prostate\",\"item\":\"https:\/\/dev.hifu-prostate.fr\/fr\/en-savoir-plus-sur-le-cancer-de-la-prostate\/\"},{\"@type\":\"ListItem\",\"position\":3,\"name\":\"Gu\u00e9rison du cancer de la prostate\"}]},{\"@type\":\"WebSite\",\"@id\":\"https:\/\/dev.hifu-prostate.fr\/fr\/#website\",\"url\":\"https:\/\/dev.hifu-prostate.fr\/fr\/\",\"name\":\"HIFU-PROSTATE FR\",\"description\":\"HIFU-Prostate, votre expert du traitement du cancer de la prostate.\",\"publisher\":{\"@id\":\"https:\/\/dev.hifu-prostate.fr\/fr\/#organization\"},\"potentialAction\":[{\"@type\":\"SearchAction\",\"target\":{\"@type\":\"EntryPoint\",\"urlTemplate\":\"https:\/\/dev.hifu-prostate.fr\/fr\/?s={search_term_string}\"},\"query-input\":{\"@type\":\"PropertyValueSpecification\",\"valueRequired\":true,\"valueName\":\"search_term_string\"}}],\"inLanguage\":\"fr-FR\"},{\"@type\":\"Organization\",\"@id\":\"https:\/\/dev.hifu-prostate.fr\/fr\/#organization\",\"name\":\"HIFU-PROSTATE FR\",\"url\":\"https:\/\/dev.hifu-prostate.fr\/fr\/\",\"logo\":{\"@type\":\"ImageObject\",\"inLanguage\":\"fr-FR\",\"@id\":\"https:\/\/dev.hifu-prostate.fr\/fr\/#\/schema\/logo\/image\/\",\"url\":\"https:\/\/dev.hifu-prostate.fr\/fr\/wp-content\/uploads\/sites\/2\/2025\/11\/Logo-hifu-prostate-CMJN.svg\",\"contentUrl\":\"https:\/\/dev.hifu-prostate.fr\/fr\/wp-content\/uploads\/sites\/2\/2025\/11\/Logo-hifu-prostate-CMJN.svg\",\"width\":211,\"height\":69,\"caption\":\"HIFU-PROSTATE FR\"},\"image\":{\"@id\":\"https:\/\/dev.hifu-prostate.fr\/fr\/#\/schema\/logo\/image\/\"}}]}<\/script>\n<!-- \/ Yoast SEO plugin. -->","yoast_head_json":{"title":"Gu\u00e9rison du cancer de la prostate | HIFU-PROSTATE FR","robots":{"index":"noindex","follow":"follow","max-snippet":"max-snippet:-1","max-image-preview":"max-image-preview:large","max-video-preview":"max-video-preview:-1"},"og_locale":"fr_FR","og_type":"article","og_title":"Gu\u00e9rison du cancer de la prostate | HIFU-PROSTATE FR","og_description":"Gu\u00e9rison du cancer de la prostate Quel est le taux de gu\u00e9rison du cancer de la prostate ? Le\u00a0cancer\u00a0de la\u00a0prostate\u00a0est une maladie de mieux en mieux soign\u00e9e en France et dans le monde. Le taux de survie est proche des 100% lorsque le cancer est localis\u00e9 \u00e0 la\u00a0glande\u00a0prostatique. Pour se faire, deux facteurs principaux entrent [&hellip;]","og_url":"https:\/\/dev.hifu-prostate.fr\/fr\/en-savoir-plus-sur-le-cancer-de-la-prostate\/guerison-du-cancer-de-la-prostate\/","og_site_name":"HIFU-PROSTATE FR","article_modified_time":"2025-11-12T15:07:30+00:00","twitter_card":"summary_large_image","twitter_misc":{"Dur\u00e9e de lecture estim\u00e9e":"1 minute"},"schema":{"@context":"https:\/\/schema.org","@graph":[{"@type":"WebPage","@id":"https:\/\/dev.hifu-prostate.fr\/fr\/en-savoir-plus-sur-le-cancer-de-la-prostate\/guerison-du-cancer-de-la-prostate\/","url":"https:\/\/dev.hifu-prostate.fr\/fr\/en-savoir-plus-sur-le-cancer-de-la-prostate\/guerison-du-cancer-de-la-prostate\/","name":"Gu\u00e9rison du cancer de la prostate | HIFU-PROSTATE FR","isPartOf":{"@id":"https:\/\/dev.hifu-prostate.fr\/fr\/#website"},"datePublished":"2025-11-12T15:03:54+00:00","dateModified":"2025-11-12T15:07:30+00:00","breadcrumb":{"@id":"https:\/\/dev.hifu-prostate.fr\/fr\/en-savoir-plus-sur-le-cancer-de-la-prostate\/guerison-du-cancer-de-la-prostate\/#breadcrumb"},"inLanguage":"fr-FR","potentialAction":[{"@type":"ReadAction","target":["https:\/\/dev.hifu-prostate.fr\/fr\/en-savoir-plus-sur-le-cancer-de-la-prostate\/guerison-du-cancer-de-la-prostate\/"]}]},{"@type":"BreadcrumbList","@id":"https:\/\/dev.hifu-prostate.fr\/fr\/en-savoir-plus-sur-le-cancer-de-la-prostate\/guerison-du-cancer-de-la-prostate\/#breadcrumb","itemListElement":[{"@type":"ListItem","position":1,"name":"Accueil","item":"https:\/\/dev.hifu-prostate.fr\/fr\/"},{"@type":"ListItem","position":2,"name":"En savoir plus sur le cancer de la prostate","item":"https:\/\/dev.hifu-prostate.fr\/fr\/en-savoir-plus-sur-le-cancer-de-la-prostate\/"},{"@type":"ListItem","position":3,"name":"Gu\u00e9rison du cancer de la prostate"}]},{"@type":"WebSite","@id":"https:\/\/dev.hifu-prostate.fr\/fr\/#website","url":"https:\/\/dev.hifu-prostate.fr\/fr\/","name":"HIFU-PROSTATE FR","description":"HIFU-Prostate, votre expert du traitement du cancer de la prostate.","publisher":{"@id":"https:\/\/dev.hifu-prostate.fr\/fr\/#organization"},"potentialAction":[{"@type":"SearchAction","target":{"@type":"EntryPoint","urlTemplate":"https:\/\/dev.hifu-prostate.fr\/fr\/?s={search_term_string}"},"query-input":{"@type":"PropertyValueSpecification","valueRequired":true,"valueName":"search_term_string"}}],"inLanguage":"fr-FR"},{"@type":"Organization","@id":"https:\/\/dev.hifu-prostate.fr\/fr\/#organization","name":"HIFU-PROSTATE FR","url":"https:\/\/dev.hifu-prostate.fr\/fr\/","logo":{"@type":"ImageObject","inLanguage":"fr-FR","@id":"https:\/\/dev.hifu-prostate.fr\/fr\/#\/schema\/logo\/image\/","url":"https:\/\/dev.hifu-prostate.fr\/fr\/wp-content\/uploads\/sites\/2\/2025\/11\/Logo-hifu-prostate-CMJN.svg","contentUrl":"https:\/\/dev.hifu-prostate.fr\/fr\/wp-content\/uploads\/sites\/2\/2025\/11\/Logo-hifu-prostate-CMJN.svg","width":211,"height":69,"caption":"HIFU-PROSTATE FR"},"image":{"@id":"https:\/\/dev.hifu-prostate.fr\/fr\/#\/schema\/logo\/image\/"}}]}},"_links":{"self":[{"href":"https:\/\/dev.hifu-prostate.fr\/fr\/wp-json\/wp\/v2\/pages\/9007","targetHints":{"allow":["GET"]}}],"collection":[{"href":"https:\/\/dev.hifu-prostate.fr\/fr\/wp-json\/wp\/v2\/pages"}],"about":[{"href":"https:\/\/dev.hifu-prostate.fr\/fr\/wp-json\/wp\/v2\/types\/page"}],"author":[{"embeddable":true,"href":"https:\/\/dev.hifu-prostate.fr\/fr\/wp-json\/wp\/v2\/users\/566"}],"replies":[{"embeddable":true,"href":"https:\/\/dev.hifu-prostate.fr\/fr\/wp-json\/wp\/v2\/comments?post=9007"}],"version-history":[{"count":4,"href":"https:\/\/dev.hifu-prostate.fr\/fr\/wp-json\/wp\/v2\/pages\/9007\/revisions"}],"predecessor-version":[{"id":9011,"href":"https:\/\/dev.hifu-prostate.fr\/fr\/wp-json\/wp\/v2\/pages\/9007\/revisions\/9011"}],"up":[{"embeddable":true,"href":"https:\/\/dev.hifu-prostate.fr\/fr\/wp-json\/wp\/v2\/pages\/8932"}],"wp:attachment":[{"href":"https:\/\/dev.hifu-prostate.fr\/fr\/wp-json\/wp\/v2\/media?parent=9007"}],"curies":[{"name":"wp","href":"https:\/\/api.w.org\/{rel}","templated":true}]}}