{"id":9015,"date":"2025-11-12T16:08:55","date_gmt":"2025-11-12T15:08:55","guid":{"rendered":"https:\/\/dev.hifu-prostate.fr\/fr\/?page_id=9015"},"modified":"2025-11-12T16:18:41","modified_gmt":"2025-11-12T15:18:41","slug":"traitement-du-cancer-de-la-prostate","status":"publish","type":"page","link":"https:\/\/dev.hifu-prostate.fr\/fr\/en-savoir-plus-sur-le-cancer-de-la-prostate\/traitement-du-cancer-de-la-prostate\/","title":{"rendered":"Traitement du cancer de la prostate"},"content":{"rendered":"\t\t<div data-elementor-type=\"wp-page\" data-elementor-id=\"9015\" class=\"elementor elementor-9015\" data-elementor-post-type=\"page\">\n\t\t\t\t<div class=\"elementor-element elementor-element-7a4d284 e-flex e-con-boxed e-con e-parent\" data-id=\"7a4d284\" data-element_type=\"container\">\n\t\t\t\t\t<div class=\"e-con-inner\">\n\t\t<div class=\"elementor-element elementor-element-f732218 e-con-full hp-leadline e-flex e-con e-child\" data-id=\"f732218\" data-element_type=\"container\">\n\t\t\t\t<div class=\"elementor-element elementor-element-56fc855 elementor-widget elementor-widget-html\" data-id=\"56fc855\" data-element_type=\"widget\" data-widget_type=\"html.default\">\n\t\t\t\t<div class=\"elementor-widget-container\">\n\t\t\t\t\t<h1 class=\"hp-lead-title\">\n  <strong>Traitement du cancer de la prostate<\/strong>\n<\/h1>\t\t\t\t<\/div>\n\t\t\t\t<\/div>\n\t\t\t\t<\/div>\n\t\t\t\t\t<\/div>\n\t\t\t\t<\/div>\n\t\t<div class=\"elementor-element elementor-element-e021282 e-flex e-con-boxed e-con e-parent\" data-id=\"e021282\" data-element_type=\"container\">\n\t\t\t\t\t<div class=\"e-con-inner\">\n\t\t<div class=\"elementor-element elementor-element-2d4d2d8 e-con-full e-flex e-con e-child\" data-id=\"2d4d2d8\" data-element_type=\"container\">\n\t\t\t\t<div class=\"elementor-element elementor-element-554e0ab elementor-widget elementor-widget-text-editor\" data-id=\"554e0ab\" data-element_type=\"widget\" data-widget_type=\"text-editor.default\">\n\t\t\t\t<div class=\"elementor-widget-container\">\n\t\t\t\t\t\t\t\t\t<p>Une multitude de techniques peuvent \u00eatre utilis\u00e9es afin de gu\u00e9rir le\u00a0<strong>cancer\u00a0de la\u00a0prostate<\/strong>. Ces diff\u00e9rentes techniques visent \u00e0 soigner le cancer en pr\u00e9servant au maximum la qualit\u00e9 de vie des patients. D\u00e9couvrez une s\u00e9lection des traitements existants pour gu\u00e9rir le\u00a0<strong>cancer de la prostate<\/strong>\u00a0dans la suite de cet article. \u00a0<\/p>\t\t\t\t\t\t\t\t<\/div>\n\t\t\t\t<\/div>\n\t\t<div class=\"elementor-element elementor-element-f3efba7 e-con-full e-flex e-con e-child\" data-id=\"f3efba7\" data-element_type=\"container\">\n\t\t\t\t<div class=\"elementor-element elementor-element-f82a92f hpe-title-underline-middle elementor-widget elementor-widget-heading\" data-id=\"f82a92f\" data-element_type=\"widget\" data-widget_type=\"heading.default\">\n\t\t\t\t<div class=\"elementor-widget-container\">\n\t\t\t\t\t<h2 class=\"elementor-heading-title elementor-size-default\">Traitement du cancer de la prostate : que choisir ?<\/h2>\t\t\t\t<\/div>\n\t\t\t\t<\/div>\n\t\t\t\t<\/div>\n\t\t\t\t<div class=\"elementor-element elementor-element-e922427 elementor-widget elementor-widget-text-editor\" data-id=\"e922427\" data-element_type=\"widget\" data-widget_type=\"text-editor.default\">\n\t\t\t\t<div class=\"elementor-widget-container\">\n\t\t\t\t\t\t\t\t\t<p>Plusieurs types de traitements s\u2019offrent au patient en cas de d\u00e9tection d\u2019un cancer de la prostate. Si le cancer est localis\u00e9, on retrouve parmi les options les ultrasons th\u00e9rapeutiques qui d\u00e9truisent les cellules malades avec des ultrasons focalis\u00e9s gr\u00e2ce \u00e0 une sonde introduite dans le rectum.<\/p><p>La\u00a0prostatectomie radicale\u00a0est l\u2019option chirurgicale. Une autre option est la radioth\u00e9rapie, m\u00e9thode bas\u00e9e sur les rayons qui vont cibler les cellules canc\u00e9reuses dans la prostate afin de provoquer leur destruction. La dur\u00e9e moyenne de ce traitement oscille entre 6 et 8 semaines, avec 5 s\u00e9ances hebdomadaires.<\/p><p>Technique \u00e9galement utilis\u00e9e pour des cancers peu \u00e9volu\u00e9s, la brachyth\u00e9rapie, quant \u00e0 elle, vise \u00e0 \u00e9radiquer le tissu prostatique via l\u2019implantation d\u2019un grand nombre de petits grains radioactifs qui \u00e9metteront des rayons en continu. A noter que la brachyth\u00e9rapie aussi appel\u00e9e curieth\u00e9rapie est pratiqu\u00e9e sous anesth\u00e9sie g\u00e9n\u00e9rale et demande une dur\u00e9e d\u2019hospitalisation allant de 1 \u00e0 3 jours.<\/p><p>Enfin, la\u00a0<a href=\"https:\/\/www.hifu-prostate.fr\/cancer-de-la-prostate\/les-traitements\/\">cryoth\u00e9rapie<\/a>\u00a0vise \u00e0 geler les cellules tumorales via l\u2019insertion d\u2019aiguilles au sein de la zone touch\u00e9e. R\u00e9alis\u00e9e sous anesth\u00e9sie g\u00e9n\u00e9rale ou rachidienne, cette m\u00e9thode est principalement conseill\u00e9e aux patients ayant eu recours \u00e0 la radioth\u00e9rapie et sujets au d\u00e9veloppement de nouvelles cellules canc\u00e9reuses.<\/p><p>Si le cancer est avanc\u00e9 et qu\u2019il touche d\u2019autres organes, l\u2019hormonoth\u00e9rapie ou cure par les\u00a0hormonesest g\u00e9n\u00e9ralement conseill\u00e9e par les praticiens. L\u2019hormonoth\u00e9rapie vise \u00e0 r\u00e9duire notamment le taux de testost\u00e9rone afin de ralentir la progression de la maladie. La chimioth\u00e9rapie peut aussi \u00eatre propos\u00e9e ; elle s\u2019attaque aux tissus infect\u00e9s via l\u2019injection de m\u00e9dicaments anticanc\u00e9reux et permet ainsi de diminuer la croissance tumorale et les douleurs li\u00e9es. Parmi les effets secondaires de ce\u00a0<strong>traitement du cancer de la prostate<\/strong>\u00a0figurent la pr\u00e9sence de vomissements, diarrh\u00e9es, perte de cheveux et d\u2019app\u00e9tit\u2026<\/p><p>Enfin, pour les cancers avanc\u00e9s, la radioth\u00e9rapie pourra aussi soulager les sympt\u00f4mes et contenir la propagation de la maladie.<\/p>\t\t\t\t\t\t\t\t<\/div>\n\t\t\t\t<\/div>\n\t\t<div class=\"elementor-element elementor-element-6d18de3 e-con-full e-flex e-con e-child\" data-id=\"6d18de3\" data-element_type=\"container\">\n\t\t\t\t<div class=\"elementor-element elementor-element-3365d5b hpe-title-underline-middle elementor-widget elementor-widget-heading\" data-id=\"3365d5b\" data-element_type=\"widget\" data-widget_type=\"heading.default\">\n\t\t\t\t<div class=\"elementor-widget-container\">\n\t\t\t\t\t<h2 class=\"elementor-heading-title elementor-size-default\">Les avantages de la m\u00e9thode HIFU pour gu\u00e9rir le cancer localis\u00e9 de la prostate<\/h2>\t\t\t\t<\/div>\n\t\t\t\t<\/div>\n\t\t\t\t<\/div>\n\t\t\t\t<div class=\"elementor-element elementor-element-2db57df elementor-widget elementor-widget-text-editor\" data-id=\"2db57df\" data-element_type=\"widget\" data-widget_type=\"text-editor.default\">\n\t\t\t\t<div class=\"elementor-widget-container\">\n\t\t\t\t\t\t\t\t\t<p>Parmi les diff\u00e9rents traitements du cancer de la prostate \u00e9nonc\u00e9s ci-dessus, l\u2019<a href=\"https:\/\/dev.hifu-prostate.fr\/fr\/\">HIFU<\/a>\u00a0s\u2019impose comme l\u2019une des m\u00e9thodes efficaces les moins invasives (apr\u00e8s la surveillance active) pour soigner le cancer localis\u00e9 de la prostate.<br \/><br \/>Cette technique m\u00e9dicale consiste \u00e0 d\u00e9truire les cellules tumorales contenues dans la prostate par la chaleur gr\u00e2ce \u00e0 la focalisation d\u2019ultrasons th\u00e9rapeutiques. L\u2019HIFU est\u00a0non-invasif\u00a0; il ne requiert aucune incision. A noter que seuls les patients \u00e9tant atteints d\u2019un cancer localis\u00e9 de stade T1 ou T2 peuvent avoir recours \u00e0 l\u2019HIFU (le score de\u00a0gleason\u00a0devant \u00e9galement \u00eatre inf\u00e9rieur ou \u00e9gal \u00e0 7). Le taux de survie \u00e0 10 ans se situe entre 92% et 99%, cette technique m\u00e9dicale permet au patient de conserver sa qualit\u00e9 de vie en diminuant les effets secondaires associ\u00e9s aux traitements radicaux conventionnels (incontinence et dysfonction \u00e9rectile)<\/p><p>&gt;&gt;\u00a0<a href=\"https:\/\/dev.hifu-prostate.fr\/fr\/centres-hifu\/\">Localisez le centre HIFU le plus proche de chez-vous<\/a>\u00a0&lt;&lt;<\/p>\t\t\t\t\t\t\t\t<\/div>\n\t\t\t\t<\/div>\n\t\t\t\t<\/div>\n\t\t\t\t\t<\/div>\n\t\t\t\t<\/div>\n\t\t\t\t<\/div>\n\t\t","protected":false},"excerpt":{"rendered":"<p>Traitement du cancer de la prostate Une multitude de techniques peuvent \u00eatre utilis\u00e9es afin de gu\u00e9rir le\u00a0cancer\u00a0de la\u00a0prostate. Ces diff\u00e9rentes techniques visent \u00e0 soigner le cancer en pr\u00e9servant au maximum la qualit\u00e9 de vie des patients. D\u00e9couvrez une s\u00e9lection des traitements existants pour gu\u00e9rir le\u00a0cancer de la prostate\u00a0dans la suite de cet article. \u00a0 Traitement [&hellip;]<\/p>\n","protected":false},"author":566,"featured_media":0,"parent":8932,"menu_order":0,"comment_status":"closed","ping_status":"closed","template":"","meta":{"footnotes":""},"class_list":["post-9015","page","type-page","status-publish","hentry"],"yoast_head":"<!-- This site is optimized with the Yoast SEO plugin v26.3 - https:\/\/yoast.com\/wordpress\/plugins\/seo\/ -->\n<title>Traitement du cancer de la prostate | HIFU-PROSTATE FR<\/title>\n<meta name=\"robots\" content=\"noindex, follow, max-snippet:-1, max-image-preview:large, max-video-preview:-1\" \/>\n<meta property=\"og:locale\" content=\"fr_FR\" \/>\n<meta property=\"og:type\" content=\"article\" \/>\n<meta property=\"og:title\" content=\"Traitement du cancer de la prostate | HIFU-PROSTATE FR\" \/>\n<meta property=\"og:description\" content=\"Traitement du cancer de la prostate Une multitude de techniques peuvent \u00eatre utilis\u00e9es afin de gu\u00e9rir le\u00a0cancer\u00a0de la\u00a0prostate. Ces diff\u00e9rentes techniques visent \u00e0 soigner le cancer en pr\u00e9servant au maximum la qualit\u00e9 de vie des patients. D\u00e9couvrez une s\u00e9lection des traitements existants pour gu\u00e9rir le\u00a0cancer de la prostate\u00a0dans la suite de cet article. \u00a0 Traitement [&hellip;]\" \/>\n<meta property=\"og:url\" content=\"https:\/\/dev.hifu-prostate.fr\/fr\/en-savoir-plus-sur-le-cancer-de-la-prostate\/traitement-du-cancer-de-la-prostate\/\" \/>\n<meta property=\"og:site_name\" content=\"HIFU-PROSTATE FR\" \/>\n<meta property=\"article:modified_time\" content=\"2025-11-12T15:18:41+00:00\" \/>\n<meta name=\"twitter:card\" content=\"summary_large_image\" \/>\n<meta name=\"twitter:label1\" content=\"Dur\u00e9e de lecture estim\u00e9e\" \/>\n\t<meta name=\"twitter:data1\" content=\"3 minutes\" \/>\n<script type=\"application\/ld+json\" class=\"yoast-schema-graph\">{\"@context\":\"https:\/\/schema.org\",\"@graph\":[{\"@type\":\"WebPage\",\"@id\":\"https:\/\/dev.hifu-prostate.fr\/fr\/en-savoir-plus-sur-le-cancer-de-la-prostate\/traitement-du-cancer-de-la-prostate\/\",\"url\":\"https:\/\/dev.hifu-prostate.fr\/fr\/en-savoir-plus-sur-le-cancer-de-la-prostate\/traitement-du-cancer-de-la-prostate\/\",\"name\":\"Traitement du cancer de la prostate | HIFU-PROSTATE FR\",\"isPartOf\":{\"@id\":\"https:\/\/dev.hifu-prostate.fr\/fr\/#website\"},\"datePublished\":\"2025-11-12T15:08:55+00:00\",\"dateModified\":\"2025-11-12T15:18:41+00:00\",\"breadcrumb\":{\"@id\":\"https:\/\/dev.hifu-prostate.fr\/fr\/en-savoir-plus-sur-le-cancer-de-la-prostate\/traitement-du-cancer-de-la-prostate\/#breadcrumb\"},\"inLanguage\":\"fr-FR\",\"potentialAction\":[{\"@type\":\"ReadAction\",\"target\":[\"https:\/\/dev.hifu-prostate.fr\/fr\/en-savoir-plus-sur-le-cancer-de-la-prostate\/traitement-du-cancer-de-la-prostate\/\"]}]},{\"@type\":\"BreadcrumbList\",\"@id\":\"https:\/\/dev.hifu-prostate.fr\/fr\/en-savoir-plus-sur-le-cancer-de-la-prostate\/traitement-du-cancer-de-la-prostate\/#breadcrumb\",\"itemListElement\":[{\"@type\":\"ListItem\",\"position\":1,\"name\":\"Accueil\",\"item\":\"https:\/\/dev.hifu-prostate.fr\/fr\/\"},{\"@type\":\"ListItem\",\"position\":2,\"name\":\"En savoir plus sur le cancer de la prostate\",\"item\":\"https:\/\/dev.hifu-prostate.fr\/fr\/en-savoir-plus-sur-le-cancer-de-la-prostate\/\"},{\"@type\":\"ListItem\",\"position\":3,\"name\":\"Traitement du cancer de la prostate\"}]},{\"@type\":\"WebSite\",\"@id\":\"https:\/\/dev.hifu-prostate.fr\/fr\/#website\",\"url\":\"https:\/\/dev.hifu-prostate.fr\/fr\/\",\"name\":\"HIFU-PROSTATE FR\",\"description\":\"HIFU-Prostate, votre expert du traitement du cancer de la prostate.\",\"publisher\":{\"@id\":\"https:\/\/dev.hifu-prostate.fr\/fr\/#organization\"},\"potentialAction\":[{\"@type\":\"SearchAction\",\"target\":{\"@type\":\"EntryPoint\",\"urlTemplate\":\"https:\/\/dev.hifu-prostate.fr\/fr\/?s={search_term_string}\"},\"query-input\":{\"@type\":\"PropertyValueSpecification\",\"valueRequired\":true,\"valueName\":\"search_term_string\"}}],\"inLanguage\":\"fr-FR\"},{\"@type\":\"Organization\",\"@id\":\"https:\/\/dev.hifu-prostate.fr\/fr\/#organization\",\"name\":\"HIFU-PROSTATE FR\",\"url\":\"https:\/\/dev.hifu-prostate.fr\/fr\/\",\"logo\":{\"@type\":\"ImageObject\",\"inLanguage\":\"fr-FR\",\"@id\":\"https:\/\/dev.hifu-prostate.fr\/fr\/#\/schema\/logo\/image\/\",\"url\":\"https:\/\/dev.hifu-prostate.fr\/fr\/wp-content\/uploads\/sites\/2\/2025\/11\/Logo-hifu-prostate-CMJN.svg\",\"contentUrl\":\"https:\/\/dev.hifu-prostate.fr\/fr\/wp-content\/uploads\/sites\/2\/2025\/11\/Logo-hifu-prostate-CMJN.svg\",\"width\":211,\"height\":69,\"caption\":\"HIFU-PROSTATE FR\"},\"image\":{\"@id\":\"https:\/\/dev.hifu-prostate.fr\/fr\/#\/schema\/logo\/image\/\"}}]}<\/script>\n<!-- \/ Yoast SEO plugin. -->","yoast_head_json":{"title":"Traitement du cancer de la prostate | HIFU-PROSTATE FR","robots":{"index":"noindex","follow":"follow","max-snippet":"max-snippet:-1","max-image-preview":"max-image-preview:large","max-video-preview":"max-video-preview:-1"},"og_locale":"fr_FR","og_type":"article","og_title":"Traitement du cancer de la prostate | HIFU-PROSTATE FR","og_description":"Traitement du cancer de la prostate Une multitude de techniques peuvent \u00eatre utilis\u00e9es afin de gu\u00e9rir le\u00a0cancer\u00a0de la\u00a0prostate. Ces diff\u00e9rentes techniques visent \u00e0 soigner le cancer en pr\u00e9servant au maximum la qualit\u00e9 de vie des patients. D\u00e9couvrez une s\u00e9lection des traitements existants pour gu\u00e9rir le\u00a0cancer de la prostate\u00a0dans la suite de cet article. \u00a0 Traitement [&hellip;]","og_url":"https:\/\/dev.hifu-prostate.fr\/fr\/en-savoir-plus-sur-le-cancer-de-la-prostate\/traitement-du-cancer-de-la-prostate\/","og_site_name":"HIFU-PROSTATE FR","article_modified_time":"2025-11-12T15:18:41+00:00","twitter_card":"summary_large_image","twitter_misc":{"Dur\u00e9e de lecture estim\u00e9e":"3 minutes"},"schema":{"@context":"https:\/\/schema.org","@graph":[{"@type":"WebPage","@id":"https:\/\/dev.hifu-prostate.fr\/fr\/en-savoir-plus-sur-le-cancer-de-la-prostate\/traitement-du-cancer-de-la-prostate\/","url":"https:\/\/dev.hifu-prostate.fr\/fr\/en-savoir-plus-sur-le-cancer-de-la-prostate\/traitement-du-cancer-de-la-prostate\/","name":"Traitement du cancer de la prostate | HIFU-PROSTATE FR","isPartOf":{"@id":"https:\/\/dev.hifu-prostate.fr\/fr\/#website"},"datePublished":"2025-11-12T15:08:55+00:00","dateModified":"2025-11-12T15:18:41+00:00","breadcrumb":{"@id":"https:\/\/dev.hifu-prostate.fr\/fr\/en-savoir-plus-sur-le-cancer-de-la-prostate\/traitement-du-cancer-de-la-prostate\/#breadcrumb"},"inLanguage":"fr-FR","potentialAction":[{"@type":"ReadAction","target":["https:\/\/dev.hifu-prostate.fr\/fr\/en-savoir-plus-sur-le-cancer-de-la-prostate\/traitement-du-cancer-de-la-prostate\/"]}]},{"@type":"BreadcrumbList","@id":"https:\/\/dev.hifu-prostate.fr\/fr\/en-savoir-plus-sur-le-cancer-de-la-prostate\/traitement-du-cancer-de-la-prostate\/#breadcrumb","itemListElement":[{"@type":"ListItem","position":1,"name":"Accueil","item":"https:\/\/dev.hifu-prostate.fr\/fr\/"},{"@type":"ListItem","position":2,"name":"En savoir plus sur le cancer de la prostate","item":"https:\/\/dev.hifu-prostate.fr\/fr\/en-savoir-plus-sur-le-cancer-de-la-prostate\/"},{"@type":"ListItem","position":3,"name":"Traitement du cancer de la prostate"}]},{"@type":"WebSite","@id":"https:\/\/dev.hifu-prostate.fr\/fr\/#website","url":"https:\/\/dev.hifu-prostate.fr\/fr\/","name":"HIFU-PROSTATE FR","description":"HIFU-Prostate, votre expert du traitement du cancer de la prostate.","publisher":{"@id":"https:\/\/dev.hifu-prostate.fr\/fr\/#organization"},"potentialAction":[{"@type":"SearchAction","target":{"@type":"EntryPoint","urlTemplate":"https:\/\/dev.hifu-prostate.fr\/fr\/?s={search_term_string}"},"query-input":{"@type":"PropertyValueSpecification","valueRequired":true,"valueName":"search_term_string"}}],"inLanguage":"fr-FR"},{"@type":"Organization","@id":"https:\/\/dev.hifu-prostate.fr\/fr\/#organization","name":"HIFU-PROSTATE FR","url":"https:\/\/dev.hifu-prostate.fr\/fr\/","logo":{"@type":"ImageObject","inLanguage":"fr-FR","@id":"https:\/\/dev.hifu-prostate.fr\/fr\/#\/schema\/logo\/image\/","url":"https:\/\/dev.hifu-prostate.fr\/fr\/wp-content\/uploads\/sites\/2\/2025\/11\/Logo-hifu-prostate-CMJN.svg","contentUrl":"https:\/\/dev.hifu-prostate.fr\/fr\/wp-content\/uploads\/sites\/2\/2025\/11\/Logo-hifu-prostate-CMJN.svg","width":211,"height":69,"caption":"HIFU-PROSTATE FR"},"image":{"@id":"https:\/\/dev.hifu-prostate.fr\/fr\/#\/schema\/logo\/image\/"}}]}},"_links":{"self":[{"href":"https:\/\/dev.hifu-prostate.fr\/fr\/wp-json\/wp\/v2\/pages\/9015","targetHints":{"allow":["GET"]}}],"collection":[{"href":"https:\/\/dev.hifu-prostate.fr\/fr\/wp-json\/wp\/v2\/pages"}],"about":[{"href":"https:\/\/dev.hifu-prostate.fr\/fr\/wp-json\/wp\/v2\/types\/page"}],"author":[{"embeddable":true,"href":"https:\/\/dev.hifu-prostate.fr\/fr\/wp-json\/wp\/v2\/users\/566"}],"replies":[{"embeddable":true,"href":"https:\/\/dev.hifu-prostate.fr\/fr\/wp-json\/wp\/v2\/comments?post=9015"}],"version-history":[{"count":10,"href":"https:\/\/dev.hifu-prostate.fr\/fr\/wp-json\/wp\/v2\/pages\/9015\/revisions"}],"predecessor-version":[{"id":9037,"href":"https:\/\/dev.hifu-prostate.fr\/fr\/wp-json\/wp\/v2\/pages\/9015\/revisions\/9037"}],"up":[{"embeddable":true,"href":"https:\/\/dev.hifu-prostate.fr\/fr\/wp-json\/wp\/v2\/pages\/8932"}],"wp:attachment":[{"href":"https:\/\/dev.hifu-prostate.fr\/fr\/wp-json\/wp\/v2\/media?parent=9015"}],"curies":[{"name":"wp","href":"https:\/\/api.w.org\/{rel}","templated":true}]}}