{"id":9023,"date":"2025-11-12T16:12:59","date_gmt":"2025-11-12T15:12:59","guid":{"rendered":"https:\/\/dev.hifu-prostate.fr\/fr\/?page_id=9023"},"modified":"2025-11-12T16:18:43","modified_gmt":"2025-11-12T15:18:43","slug":"comment-soigner-une-tumeur-de-la-prostate","status":"publish","type":"page","link":"https:\/\/dev.hifu-prostate.fr\/fr\/en-savoir-plus-sur-le-cancer-de-la-prostate\/comment-soigner-une-tumeur-de-la-prostate\/","title":{"rendered":"Comment soigner une tumeur de la prostate ?"},"content":{"rendered":"\t\t<div data-elementor-type=\"wp-page\" data-elementor-id=\"9023\" class=\"elementor elementor-9023\" data-elementor-post-type=\"page\">\n\t\t\t\t<div class=\"elementor-element elementor-element-04c957e e-flex e-con-boxed e-con e-parent\" data-id=\"04c957e\" data-element_type=\"container\">\n\t\t\t\t\t<div class=\"e-con-inner\">\n\t\t<div class=\"elementor-element elementor-element-9bdd672 e-con-full hp-leadline e-flex e-con e-child\" data-id=\"9bdd672\" data-element_type=\"container\">\n\t\t\t\t<div class=\"elementor-element elementor-element-ab8c6fe elementor-widget elementor-widget-html\" data-id=\"ab8c6fe\" data-element_type=\"widget\" data-widget_type=\"html.default\">\n\t\t\t\t<div class=\"elementor-widget-container\">\n\t\t\t\t\t<h1 class=\"hp-lead-title\">\n  <strong>Comment soigner une tumeur de la prostate ?<\/strong>\n<\/h1>\t\t\t\t<\/div>\n\t\t\t\t<\/div>\n\t\t\t\t<\/div>\n\t\t\t\t\t<\/div>\n\t\t\t\t<\/div>\n\t\t<div class=\"elementor-element elementor-element-07560d9 e-flex e-con-boxed e-con e-parent\" data-id=\"07560d9\" data-element_type=\"container\">\n\t\t\t\t\t<div class=\"e-con-inner\">\n\t\t<div class=\"elementor-element elementor-element-82ac75d e-con-full e-flex e-con e-child\" data-id=\"82ac75d\" data-element_type=\"container\">\n\t\t\t\t<div class=\"elementor-element elementor-element-a841594 elementor-widget elementor-widget-text-editor\" data-id=\"a841594\" data-element_type=\"widget\" data-widget_type=\"text-editor.default\">\n\t\t\t\t<div class=\"elementor-widget-container\">\n\t\t\t\t\t\t\t\t\t<p>De nos jours, la m\u00e9decine dispose de nombreux moyens pour traiter le cancer de la prostate. Soigner en pr\u00e9servant au mieux la qualit\u00e9 de vie des patients reste une priorit\u00e9. Comment se d\u00e9finit une tumeur canc\u00e9reuse et quels traitements existent aujourd\u2019hui ? Cet article vous d\u00e9taille les diff\u00e9rentes solutions propos\u00e9es aux personnes touch\u00e9es par cette maladie.<\/p>\t\t\t\t\t\t\t\t<\/div>\n\t\t\t\t<\/div>\n\t\t<div class=\"elementor-element elementor-element-4a6209c e-con-full e-flex e-con e-child\" data-id=\"4a6209c\" data-element_type=\"container\">\n\t\t\t\t<div class=\"elementor-element elementor-element-3d01eb1 hpe-title-underline-middle elementor-widget elementor-widget-heading\" data-id=\"3d01eb1\" data-element_type=\"widget\" data-widget_type=\"heading.default\">\n\t\t\t\t<div class=\"elementor-widget-container\">\n\t\t\t\t\t<h2 class=\"elementor-heading-title elementor-size-default\">La tumeur de la prostate, qu\u2019est-ce c\u2019est ?<\/h2>\t\t\t\t<\/div>\n\t\t\t\t<\/div>\n\t\t\t\t<\/div>\n\t\t\t\t<div class=\"elementor-element elementor-element-0571a1b elementor-widget elementor-widget-text-editor\" data-id=\"0571a1b\" data-element_type=\"widget\" data-widget_type=\"text-editor.default\">\n\t\t\t\t<div class=\"elementor-widget-container\">\n\t\t\t\t\t\t\t\t\t<p>La cancer de la prostate est une tumeur maligne de la prostate. Il s\u2019agit d\u2019une grosseur plus ou moins volumineuse qui vient de la multiplication excessive de cellules anormales. Ces derni\u00e8res, consid\u00e9r\u00e9es comme tumorales, caract\u00e9risent le cancer localis\u00e9 de la prostate.<\/p>\t\t\t\t\t\t\t\t<\/div>\n\t\t\t\t<\/div>\n\t\t<div class=\"elementor-element elementor-element-18e4849 e-con-full e-flex e-con e-child\" data-id=\"18e4849\" data-element_type=\"container\">\n\t\t\t\t<div class=\"elementor-element elementor-element-e84ef5b hpe-title-underline-middle elementor-widget elementor-widget-heading\" data-id=\"e84ef5b\" data-element_type=\"widget\" data-widget_type=\"heading.default\">\n\t\t\t\t<div class=\"elementor-widget-container\">\n\t\t\t\t\t<h2 class=\"elementor-heading-title elementor-size-default\">Quels traitements sont propos\u00e9s ?<\/h2>\t\t\t\t<\/div>\n\t\t\t\t<\/div>\n\t\t\t\t<\/div>\n\t\t\t\t<div class=\"elementor-element elementor-element-96e6c73 elementor-widget elementor-widget-text-editor\" data-id=\"96e6c73\" data-element_type=\"widget\" data-widget_type=\"text-editor.default\">\n\t\t\t\t<div class=\"elementor-widget-container\">\n\t\t\t\t\t\t\t\t\t<p>Le traitement sugg\u00e9r\u00e9 au patient est fonction de l\u2019importance de la tumeur dans le cancer. Les m\u00e9decins prennent \u00e9galement en compte le caract\u00e8re \u00e9volutif de celle-ci et l\u2019\u00e9tat de sant\u00e9 g\u00e9n\u00e9ral de la personne. Il existe aujourd\u2019hui plusieurs moyens de soigner une tumeur de la prostate. Certaines m\u00e9thodes s\u2019attachent \u00e0 traiter le cancer localis\u00e9, tandis que d\u2019autres vont \u00eatre en mesure de g\u00e9rer les cancers plus \u00e9tendus. Lorsque les cellules tumorales sont localis\u00e9es, les traitements propos\u00e9s sont :<\/p><ul><li>L\u2019HIFU : traitement des tumeurs par la chaleur cr\u00e9\u00e9e par la <a href=\"https:\/\/dev.hifu-prostate.fr\/fr\/accueil\/traitement-par-hifu\/le-traitement-par-ultrasons-hifu\/\" data-type=\"URL\" data-id=\"https:\/\/www.hifu-prostate.fr\/traitement-par-hifu\/le-traitement-par-hifu\/\">focalisation d\u2019ultrasons<\/a>.<\/li><li>La prostatectomie (ablation de la prostate, sous anesth\u00e9sie g\u00e9n\u00e9rale)<\/li><li>La radioth\u00e9rapie externe (traitement indolore par rayons cibl\u00e9s sur la prostate, environ 40 s\u00e9ances sur 6 \u00e0 8 semaines)<\/li><li>La curieth\u00e9rapie (implantation de grains radioactifs dans la prostate, sous anesth\u00e9sie g\u00e9n\u00e9rale)<\/li><li>La cryoth\u00e9rapie (technique qui utilise le froid pour d\u00e9truire la tumeur en y introduisant des aiguilles, sous anesth\u00e9sie rachidienne ou g\u00e9n\u00e9rale).<\/li><\/ul><p>Dans le cas d\u2019un cancer de la prostate localis\u00e9 qui ne provoque pas de sympt\u00f4mes, la strat\u00e9gie de surveillance peut \u00eatre mise en place. Le principe est d\u2019effectuer des examens r\u00e9guliers et d\u2019envisager un traitement si la maladie \u00e9volue.<\/p><p>A lire : <a href=\"https:\/\/dev.hifu-prostate.fr\/fr\/accueil\/le-cancer-de-la-prostate\/les-traitements-du-cancer-de-la-prostate\/\">Les traitement du cancer de la prostate<\/a><\/p>\t\t\t\t\t\t\t\t<\/div>\n\t\t\t\t<\/div>\n\t\t<div class=\"elementor-element elementor-element-5603b2d e-con-full e-flex e-con e-child\" data-id=\"5603b2d\" data-element_type=\"container\">\n\t\t\t\t<div class=\"elementor-element elementor-element-641b9db hpe-title-underline-middle elementor-widget elementor-widget-heading\" data-id=\"641b9db\" data-element_type=\"widget\" data-widget_type=\"heading.default\">\n\t\t\t\t<div class=\"elementor-widget-container\">\n\t\t\t\t\t<h2 class=\"elementor-heading-title elementor-size-default\">Les avantages de la technique HIFU pour soigner un cancer de la prostate<\/h2>\t\t\t\t<\/div>\n\t\t\t\t<\/div>\n\t\t\t\t<\/div>\n\t\t\t\t<div class=\"elementor-element elementor-element-c26ad53 elementor-widget elementor-widget-text-editor\" data-id=\"c26ad53\" data-element_type=\"widget\" data-widget_type=\"text-editor.default\">\n\t\t\t\t<div class=\"elementor-widget-container\">\n\t\t\t\t\t\t\t\t\t<p>L\u2019<a href=\"https:\/\/dev.hifu-prostate.fr\/fr\/\">HIFU<\/a>\u00a0est une technique m\u00e9dicale particuli\u00e8rement indiqu\u00e9e dans le traitement de la tumeur localis\u00e9e de la prostate. Il s\u2019agit de d\u00e9truire les cellules tumorales en focalisant des\u00a0ultrasons\u00a0de haute intensit\u00e9. La temp\u00e9rature est ainsi \u00e9lev\u00e9e sur la zone \u00e0 traiter, sans endommager les tissus environnants. Non invasive, sans incision, la technique HIFU pr\u00e9sente plusieurs avantages :<\/p><ul><li>Un traitement sans radiation qui peut \u00eatre r\u00e9p\u00e9t\u00e9<\/li><li>Une hospitalisation courte (2 jours en moyenne)<\/li><li><a href=\"https:\/\/dev.hifu-prostate.fr\/fr\/accueil\/traitement-par-hifu\/traitement-par-hifu-quels-avantages-pour-le-patient\/\" data-type=\"URL\" data-id=\"https:\/\/www.hifu-prostate.fr\/traitement-par-hifu\/qualite-de-vie\/\">Peu d\u2019effets secondaires<\/a> par rapport \u00e0 d\u2019autres traitements<\/li><\/ul><p>L\u2019HIFU est \u00e9galement reconnu pour pr\u00e9server la qualit\u00e9 de vie des patients. Le retour \u00e0 la vie normale se veut rapide.<\/p>\t\t\t\t\t\t\t\t<\/div>\n\t\t\t\t<\/div>\n\t\t\t\t<\/div>\n\t\t\t\t\t<\/div>\n\t\t\t\t<\/div>\n\t\t\t\t<\/div>\n\t\t","protected":false},"excerpt":{"rendered":"<p>Comment soigner une tumeur de la prostate ? De nos jours, la m\u00e9decine dispose de nombreux moyens pour traiter le cancer de la prostate. Soigner en pr\u00e9servant au mieux la qualit\u00e9 de vie des patients reste une priorit\u00e9. Comment se d\u00e9finit une tumeur canc\u00e9reuse et quels traitements existent aujourd\u2019hui ? Cet article vous d\u00e9taille les [&hellip;]<\/p>\n","protected":false},"author":566,"featured_media":0,"parent":8932,"menu_order":0,"comment_status":"closed","ping_status":"closed","template":"","meta":{"footnotes":""},"class_list":["post-9023","page","type-page","status-publish","hentry"],"yoast_head":"<!-- This site is optimized with the Yoast SEO plugin v26.3 - https:\/\/yoast.com\/wordpress\/plugins\/seo\/ -->\n<title>Comment soigner une tumeur de la prostate ? | HIFU-PROSTATE FR<\/title>\n<meta name=\"robots\" content=\"noindex, follow, max-snippet:-1, max-image-preview:large, max-video-preview:-1\" \/>\n<meta property=\"og:locale\" content=\"fr_FR\" \/>\n<meta property=\"og:type\" content=\"article\" \/>\n<meta property=\"og:title\" content=\"Comment soigner une tumeur de la prostate ? | HIFU-PROSTATE FR\" \/>\n<meta property=\"og:description\" content=\"Comment soigner une tumeur de la prostate ? De nos jours, la m\u00e9decine dispose de nombreux moyens pour traiter le cancer de la prostate. Soigner en pr\u00e9servant au mieux la qualit\u00e9 de vie des patients reste une priorit\u00e9. Comment se d\u00e9finit une tumeur canc\u00e9reuse et quels traitements existent aujourd\u2019hui ? Cet article vous d\u00e9taille les [&hellip;]\" \/>\n<meta property=\"og:url\" content=\"https:\/\/dev.hifu-prostate.fr\/fr\/en-savoir-plus-sur-le-cancer-de-la-prostate\/comment-soigner-une-tumeur-de-la-prostate\/\" \/>\n<meta property=\"og:site_name\" content=\"HIFU-PROSTATE FR\" \/>\n<meta property=\"article:modified_time\" content=\"2025-11-12T15:18:43+00:00\" \/>\n<meta name=\"twitter:card\" content=\"summary_large_image\" \/>\n<meta name=\"twitter:label1\" content=\"Dur\u00e9e de lecture estim\u00e9e\" \/>\n\t<meta name=\"twitter:data1\" content=\"2 minutes\" \/>\n<script type=\"application\/ld+json\" class=\"yoast-schema-graph\">{\"@context\":\"https:\/\/schema.org\",\"@graph\":[{\"@type\":\"WebPage\",\"@id\":\"https:\/\/dev.hifu-prostate.fr\/fr\/en-savoir-plus-sur-le-cancer-de-la-prostate\/comment-soigner-une-tumeur-de-la-prostate\/\",\"url\":\"https:\/\/dev.hifu-prostate.fr\/fr\/en-savoir-plus-sur-le-cancer-de-la-prostate\/comment-soigner-une-tumeur-de-la-prostate\/\",\"name\":\"Comment soigner une tumeur de la prostate ? | HIFU-PROSTATE FR\",\"isPartOf\":{\"@id\":\"https:\/\/dev.hifu-prostate.fr\/fr\/#website\"},\"datePublished\":\"2025-11-12T15:12:59+00:00\",\"dateModified\":\"2025-11-12T15:18:43+00:00\",\"breadcrumb\":{\"@id\":\"https:\/\/dev.hifu-prostate.fr\/fr\/en-savoir-plus-sur-le-cancer-de-la-prostate\/comment-soigner-une-tumeur-de-la-prostate\/#breadcrumb\"},\"inLanguage\":\"fr-FR\",\"potentialAction\":[{\"@type\":\"ReadAction\",\"target\":[\"https:\/\/dev.hifu-prostate.fr\/fr\/en-savoir-plus-sur-le-cancer-de-la-prostate\/comment-soigner-une-tumeur-de-la-prostate\/\"]}]},{\"@type\":\"BreadcrumbList\",\"@id\":\"https:\/\/dev.hifu-prostate.fr\/fr\/en-savoir-plus-sur-le-cancer-de-la-prostate\/comment-soigner-une-tumeur-de-la-prostate\/#breadcrumb\",\"itemListElement\":[{\"@type\":\"ListItem\",\"position\":1,\"name\":\"Accueil\",\"item\":\"https:\/\/dev.hifu-prostate.fr\/fr\/\"},{\"@type\":\"ListItem\",\"position\":2,\"name\":\"En savoir plus sur le cancer de la prostate\",\"item\":\"https:\/\/dev.hifu-prostate.fr\/fr\/en-savoir-plus-sur-le-cancer-de-la-prostate\/\"},{\"@type\":\"ListItem\",\"position\":3,\"name\":\"Comment soigner une tumeur de la prostate ?\"}]},{\"@type\":\"WebSite\",\"@id\":\"https:\/\/dev.hifu-prostate.fr\/fr\/#website\",\"url\":\"https:\/\/dev.hifu-prostate.fr\/fr\/\",\"name\":\"HIFU-PROSTATE FR\",\"description\":\"HIFU-Prostate, votre expert du traitement du cancer de la prostate.\",\"publisher\":{\"@id\":\"https:\/\/dev.hifu-prostate.fr\/fr\/#organization\"},\"potentialAction\":[{\"@type\":\"SearchAction\",\"target\":{\"@type\":\"EntryPoint\",\"urlTemplate\":\"https:\/\/dev.hifu-prostate.fr\/fr\/?s={search_term_string}\"},\"query-input\":{\"@type\":\"PropertyValueSpecification\",\"valueRequired\":true,\"valueName\":\"search_term_string\"}}],\"inLanguage\":\"fr-FR\"},{\"@type\":\"Organization\",\"@id\":\"https:\/\/dev.hifu-prostate.fr\/fr\/#organization\",\"name\":\"HIFU-PROSTATE FR\",\"url\":\"https:\/\/dev.hifu-prostate.fr\/fr\/\",\"logo\":{\"@type\":\"ImageObject\",\"inLanguage\":\"fr-FR\",\"@id\":\"https:\/\/dev.hifu-prostate.fr\/fr\/#\/schema\/logo\/image\/\",\"url\":\"https:\/\/dev.hifu-prostate.fr\/fr\/wp-content\/uploads\/sites\/2\/2025\/11\/Logo-hifu-prostate-CMJN.svg\",\"contentUrl\":\"https:\/\/dev.hifu-prostate.fr\/fr\/wp-content\/uploads\/sites\/2\/2025\/11\/Logo-hifu-prostate-CMJN.svg\",\"width\":211,\"height\":69,\"caption\":\"HIFU-PROSTATE FR\"},\"image\":{\"@id\":\"https:\/\/dev.hifu-prostate.fr\/fr\/#\/schema\/logo\/image\/\"}}]}<\/script>\n<!-- \/ Yoast SEO plugin. -->","yoast_head_json":{"title":"Comment soigner une tumeur de la prostate ? | HIFU-PROSTATE FR","robots":{"index":"noindex","follow":"follow","max-snippet":"max-snippet:-1","max-image-preview":"max-image-preview:large","max-video-preview":"max-video-preview:-1"},"og_locale":"fr_FR","og_type":"article","og_title":"Comment soigner une tumeur de la prostate ? | HIFU-PROSTATE FR","og_description":"Comment soigner une tumeur de la prostate ? De nos jours, la m\u00e9decine dispose de nombreux moyens pour traiter le cancer de la prostate. Soigner en pr\u00e9servant au mieux la qualit\u00e9 de vie des patients reste une priorit\u00e9. Comment se d\u00e9finit une tumeur canc\u00e9reuse et quels traitements existent aujourd\u2019hui ? Cet article vous d\u00e9taille les [&hellip;]","og_url":"https:\/\/dev.hifu-prostate.fr\/fr\/en-savoir-plus-sur-le-cancer-de-la-prostate\/comment-soigner-une-tumeur-de-la-prostate\/","og_site_name":"HIFU-PROSTATE FR","article_modified_time":"2025-11-12T15:18:43+00:00","twitter_card":"summary_large_image","twitter_misc":{"Dur\u00e9e de lecture estim\u00e9e":"2 minutes"},"schema":{"@context":"https:\/\/schema.org","@graph":[{"@type":"WebPage","@id":"https:\/\/dev.hifu-prostate.fr\/fr\/en-savoir-plus-sur-le-cancer-de-la-prostate\/comment-soigner-une-tumeur-de-la-prostate\/","url":"https:\/\/dev.hifu-prostate.fr\/fr\/en-savoir-plus-sur-le-cancer-de-la-prostate\/comment-soigner-une-tumeur-de-la-prostate\/","name":"Comment soigner une tumeur de la prostate ? | HIFU-PROSTATE FR","isPartOf":{"@id":"https:\/\/dev.hifu-prostate.fr\/fr\/#website"},"datePublished":"2025-11-12T15:12:59+00:00","dateModified":"2025-11-12T15:18:43+00:00","breadcrumb":{"@id":"https:\/\/dev.hifu-prostate.fr\/fr\/en-savoir-plus-sur-le-cancer-de-la-prostate\/comment-soigner-une-tumeur-de-la-prostate\/#breadcrumb"},"inLanguage":"fr-FR","potentialAction":[{"@type":"ReadAction","target":["https:\/\/dev.hifu-prostate.fr\/fr\/en-savoir-plus-sur-le-cancer-de-la-prostate\/comment-soigner-une-tumeur-de-la-prostate\/"]}]},{"@type":"BreadcrumbList","@id":"https:\/\/dev.hifu-prostate.fr\/fr\/en-savoir-plus-sur-le-cancer-de-la-prostate\/comment-soigner-une-tumeur-de-la-prostate\/#breadcrumb","itemListElement":[{"@type":"ListItem","position":1,"name":"Accueil","item":"https:\/\/dev.hifu-prostate.fr\/fr\/"},{"@type":"ListItem","position":2,"name":"En savoir plus sur le cancer de la prostate","item":"https:\/\/dev.hifu-prostate.fr\/fr\/en-savoir-plus-sur-le-cancer-de-la-prostate\/"},{"@type":"ListItem","position":3,"name":"Comment soigner une tumeur de la prostate ?"}]},{"@type":"WebSite","@id":"https:\/\/dev.hifu-prostate.fr\/fr\/#website","url":"https:\/\/dev.hifu-prostate.fr\/fr\/","name":"HIFU-PROSTATE FR","description":"HIFU-Prostate, votre expert du traitement du cancer de la prostate.","publisher":{"@id":"https:\/\/dev.hifu-prostate.fr\/fr\/#organization"},"potentialAction":[{"@type":"SearchAction","target":{"@type":"EntryPoint","urlTemplate":"https:\/\/dev.hifu-prostate.fr\/fr\/?s={search_term_string}"},"query-input":{"@type":"PropertyValueSpecification","valueRequired":true,"valueName":"search_term_string"}}],"inLanguage":"fr-FR"},{"@type":"Organization","@id":"https:\/\/dev.hifu-prostate.fr\/fr\/#organization","name":"HIFU-PROSTATE FR","url":"https:\/\/dev.hifu-prostate.fr\/fr\/","logo":{"@type":"ImageObject","inLanguage":"fr-FR","@id":"https:\/\/dev.hifu-prostate.fr\/fr\/#\/schema\/logo\/image\/","url":"https:\/\/dev.hifu-prostate.fr\/fr\/wp-content\/uploads\/sites\/2\/2025\/11\/Logo-hifu-prostate-CMJN.svg","contentUrl":"https:\/\/dev.hifu-prostate.fr\/fr\/wp-content\/uploads\/sites\/2\/2025\/11\/Logo-hifu-prostate-CMJN.svg","width":211,"height":69,"caption":"HIFU-PROSTATE FR"},"image":{"@id":"https:\/\/dev.hifu-prostate.fr\/fr\/#\/schema\/logo\/image\/"}}]}},"_links":{"self":[{"href":"https:\/\/dev.hifu-prostate.fr\/fr\/wp-json\/wp\/v2\/pages\/9023","targetHints":{"allow":["GET"]}}],"collection":[{"href":"https:\/\/dev.hifu-prostate.fr\/fr\/wp-json\/wp\/v2\/pages"}],"about":[{"href":"https:\/\/dev.hifu-prostate.fr\/fr\/wp-json\/wp\/v2\/types\/page"}],"author":[{"embeddable":true,"href":"https:\/\/dev.hifu-prostate.fr\/fr\/wp-json\/wp\/v2\/users\/566"}],"replies":[{"embeddable":true,"href":"https:\/\/dev.hifu-prostate.fr\/fr\/wp-json\/wp\/v2\/comments?post=9023"}],"version-history":[{"count":7,"href":"https:\/\/dev.hifu-prostate.fr\/fr\/wp-json\/wp\/v2\/pages\/9023\/revisions"}],"predecessor-version":[{"id":9040,"href":"https:\/\/dev.hifu-prostate.fr\/fr\/wp-json\/wp\/v2\/pages\/9023\/revisions\/9040"}],"up":[{"embeddable":true,"href":"https:\/\/dev.hifu-prostate.fr\/fr\/wp-json\/wp\/v2\/pages\/8932"}],"wp:attachment":[{"href":"https:\/\/dev.hifu-prostate.fr\/fr\/wp-json\/wp\/v2\/media?parent=9023"}],"curies":[{"name":"wp","href":"https:\/\/api.w.org\/{rel}","templated":true}]}}