{"id":9041,"date":"2025-11-12T16:19:58","date_gmt":"2025-11-12T15:19:58","guid":{"rendered":"https:\/\/dev.hifu-prostate.fr\/fr\/?page_id=9041"},"modified":"2025-11-12T16:27:04","modified_gmt":"2025-11-12T15:27:04","slug":"cancer-de-la-prostate-comment-soigner-cette-maladie","status":"publish","type":"page","link":"https:\/\/dev.hifu-prostate.fr\/fr\/en-savoir-plus-sur-le-cancer-de-la-prostate\/cancer-de-la-prostate-comment-soigner-cette-maladie\/","title":{"rendered":"Cancer de la prostate : comment soigner cette maladie ?"},"content":{"rendered":"\t\t<div data-elementor-type=\"wp-page\" data-elementor-id=\"9041\" class=\"elementor elementor-9041\" data-elementor-post-type=\"page\">\n\t\t\t\t<div class=\"elementor-element elementor-element-1f4df50 e-flex e-con-boxed e-con e-parent\" data-id=\"1f4df50\" data-element_type=\"container\">\n\t\t\t\t\t<div class=\"e-con-inner\">\n\t\t<div class=\"elementor-element elementor-element-43a2c98 e-con-full hp-leadline e-flex e-con e-child\" data-id=\"43a2c98\" data-element_type=\"container\">\n\t\t\t\t<div class=\"elementor-element elementor-element-a29e912 elementor-widget elementor-widget-html\" data-id=\"a29e912\" data-element_type=\"widget\" data-widget_type=\"html.default\">\n\t\t\t\t<div class=\"elementor-widget-container\">\n\t\t\t\t\t<h1 class=\"hp-lead-title\">\n  <strong>\nCancer de la prostate : comment soigner cette maladie ?\n<\/strong>\n<\/h1>\t\t\t\t<\/div>\n\t\t\t\t<\/div>\n\t\t\t\t<\/div>\n\t\t\t\t\t<\/div>\n\t\t\t\t<\/div>\n\t\t<div class=\"elementor-element elementor-element-a77aff4 e-flex e-con-boxed e-con e-parent\" data-id=\"a77aff4\" data-element_type=\"container\">\n\t\t\t\t\t<div class=\"e-con-inner\">\n\t\t<div class=\"elementor-element elementor-element-89f3906 e-con-full e-flex e-con e-child\" data-id=\"89f3906\" data-element_type=\"container\">\n\t\t\t\t<div class=\"elementor-element elementor-element-46c2e83 elementor-widget elementor-widget-text-editor\" data-id=\"46c2e83\" data-element_type=\"widget\" data-widget_type=\"text-editor.default\">\n\t\t\t\t<div class=\"elementor-widget-container\">\n\t\t\t\t\t\t\t\t\t<p>Lorsque survient la maladie, le patient se trouve confront\u00e9 au choix difficile du traitement appropri\u00e9. Pour\u00a0<strong>soigner le\u00a0cancer\u00a0de la\u00a0prostate<\/strong>, la m\u00e9decine dispose aujourd\u2019hui de plusieurs traitements. Concilier soins et pr\u00e9servation de la qualit\u00e9 de vie des personnes n\u2019est pas toujours \u00e9vident. D\u00e9couvrez dans cet article le d\u00e9tail des diff\u00e9rents traitements propos\u00e9s aux patients.<\/p>\t\t\t\t\t\t\t\t<\/div>\n\t\t\t\t<\/div>\n\t\t<div class=\"elementor-element elementor-element-08495ef e-con-full e-flex e-con e-child\" data-id=\"08495ef\" data-element_type=\"container\">\n\t\t\t\t<div class=\"elementor-element elementor-element-a2784cc hpe-title-underline-middle elementor-widget elementor-widget-heading\" data-id=\"a2784cc\" data-element_type=\"widget\" data-widget_type=\"heading.default\">\n\t\t\t\t<div class=\"elementor-widget-container\">\n\t\t\t\t\t<h2 class=\"elementor-heading-title elementor-size-default\">Les traitements du cancer de la prostate<\/h2>\t\t\t\t<\/div>\n\t\t\t\t<\/div>\n\t\t\t\t<\/div>\n\t\t\t\t<div class=\"elementor-element elementor-element-17f293f elementor-widget elementor-widget-text-editor\" data-id=\"17f293f\" data-element_type=\"widget\" data-widget_type=\"text-editor.default\">\n\t\t\t\t<div class=\"elementor-widget-container\">\n\t\t\t\t\t\t\t\t\t<p>La\u00a0tumeur\u00a0de la prostate se manifeste sous la forme d\u2019une masse plus ou moins volumineuse au niveau de cette\u00a0glande\u00a0situ\u00e9e sous la\u00a0vessie\u00a0de l\u2019homme. Cette grosseur, qui s\u2019explique par une multiplication excessive de cellules anormales, peut caract\u00e9riser un cancer localis\u00e9. Il existe plusieurs solutions m\u00e9dicales pour <strong>soigner le cancer de la prostate<\/strong>.<\/p>\t\t\t\t\t\t\t\t<\/div>\n\t\t\t\t<\/div>\n\t\t\t\t<div class=\"elementor-element elementor-element-7b02ef23 elementor-widget elementor-widget-heading\" data-id=\"7b02ef23\" data-element_type=\"widget\" data-widget_type=\"heading.default\">\n\t\t\t\t<div class=\"elementor-widget-container\">\n\t\t\t\t\t<h3 class=\"elementor-heading-title elementor-size-default\">La radioth\u00e9rapie externe<\/h3>\t\t\t\t<\/div>\n\t\t\t\t<\/div>\n\t\t\t\t<div class=\"elementor-element elementor-element-3856f70 elementor-widget elementor-widget-text-editor\" data-id=\"3856f70\" data-element_type=\"widget\" data-widget_type=\"text-editor.default\">\n\t\t\t\t<div class=\"elementor-widget-container\">\n\t\t\t\t\t\t\t\t\t<p>Le proc\u00e9d\u00e9 consiste \u00e0 emp\u00eacher la multiplication des cellules canc\u00e9reuses en les d\u00e9truisant. Le traitement utilise des rayonnements ionisants \u00e0 forte dose dirig\u00e9s sur la zone \u00e0 traiter, en pr\u00e9servant au mieux les tissus environnants. La m\u00e9thode est indolore. Il faut compter environ 40 s\u00e9ances, 5 fois par semaine, sur une dur\u00e9e de 4 \u00e0 8 semaines. Ce traitement du cancer de la prostate a pour principaux effets secondaires l\u2019impuissance (impossibilit\u00e9 d\u2019avoir ou de maintenir une \u00e9rection) et des troubles intestinaux.<\/p>\t\t\t\t\t\t\t\t<\/div>\n\t\t\t\t<\/div>\n\t\t\t\t<div class=\"elementor-element elementor-element-5f84266 elementor-widget elementor-widget-heading\" data-id=\"5f84266\" data-element_type=\"widget\" data-widget_type=\"heading.default\">\n\t\t\t\t<div class=\"elementor-widget-container\">\n\t\t\t\t\t<h3 class=\"elementor-heading-title elementor-size-default\">La curieth\u00e9rapie<\/h3>\t\t\t\t<\/div>\n\t\t\t\t<\/div>\n\t\t\t\t<div class=\"elementor-element elementor-element-48d7db0 elementor-widget elementor-widget-text-editor\" data-id=\"48d7db0\" data-element_type=\"widget\" data-widget_type=\"text-editor.default\">\n\t\t\t\t<div class=\"elementor-widget-container\">\n\t\t\t\t\t\t\t\t\t<p>Cette m\u00e9thode repr\u00e9sente une solution de traitement local des cancers qui peut s\u2019appliquer au cancer localis\u00e9 de la prostate. Dans certains cas, elle peut \u00eatre associ\u00e9e \u00e0 la radioth\u00e9rapie externe. Il s\u2019agit de\u00a0<a href=\"https:\/\/dev.hifu-prostate.fr\/fr\/accueil\/le-cancer-de-la-prostate\/les-traitements-du-cancer-de-la-prostate\/\">soigner la tumeur de la prostate<\/a>\u00a0en pla\u00e7ant des sources radioactives (entre 50 et 100 petits grains radioactifs) \u00e0 l\u2019int\u00e9rieur de la glande. Ces derni\u00e8res vont d\u00e9truire les cellules canc\u00e9reuses. Les effets secondaires sont en r\u00e8gle g\u00e9n\u00e9rale identiques \u00e0 ceux de la radioth\u00e9rapie externe.<\/p>\t\t\t\t\t\t\t\t<\/div>\n\t\t\t\t<\/div>\n\t\t\t\t<div class=\"elementor-element elementor-element-26f6b1c elementor-widget elementor-widget-heading\" data-id=\"26f6b1c\" data-element_type=\"widget\" data-widget_type=\"heading.default\">\n\t\t\t\t<div class=\"elementor-widget-container\">\n\t\t\t\t\t<h3 class=\"elementor-heading-title elementor-size-default\">La prostatectomie<\/h3>\t\t\t\t<\/div>\n\t\t\t\t<\/div>\n\t\t\t\t<div class=\"elementor-element elementor-element-ed21dfc elementor-widget elementor-widget-text-editor\" data-id=\"ed21dfc\" data-element_type=\"widget\" data-widget_type=\"text-editor.default\">\n\t\t\t\t<div class=\"elementor-widget-container\">\n\t\t\t\t\t\t\t\t\t<p>Il s\u2019agit d\u2019une op\u00e9ration chirurgicale lourde effectu\u00e9e sous anesth\u00e9sie g\u00e9n\u00e9rale. Cette m\u00e9thode consiste \u00e0\u00a0<strong>enlever la prostate<\/strong>\u00a0et les v\u00e9sicules s\u00e9minales, soit par incision ou par c\u0153lioscopie. Elle repr\u00e9sente l\u2019un des traitements de r\u00e9f\u00e9rence du cancer localis\u00e9 de la prostate. Bien que l\u2019objectif demeure la gu\u00e9rison, il faut savoir que l\u2019ablation de la prostate, glande sexuelle, a pour cons\u00e9quences d\u2019alt\u00e9rer les fonctions urinaires et sexuelles.<\/p><p>&gt;&gt;\u00a0<a href=\"https:\/\/dev.hifu-prostate.fr\/fr\/accueil\/traitement-par-hifu\/traitement-par-hifu-quels-avantages-pour-le-patient\/\">En savoir plus sur les diff\u00e9rents traitements du cancer de la prostate<\/a>\u00a0&lt;&lt;<\/p>\t\t\t\t\t\t\t\t<\/div>\n\t\t\t\t<\/div>\n\t\t<div class=\"elementor-element elementor-element-94e012f e-con-full e-flex e-con e-child\" data-id=\"94e012f\" data-element_type=\"container\">\n\t\t\t\t<div class=\"elementor-element elementor-element-f262529 hpe-title-underline-middle elementor-widget elementor-widget-heading\" data-id=\"f262529\" data-element_type=\"widget\" data-widget_type=\"heading.default\">\n\t\t\t\t<div class=\"elementor-widget-container\">\n\t\t\t\t\t<h2 class=\"elementor-heading-title elementor-size-default\">Les avantages du traitement par HIFU pour le patient<\/h2>\t\t\t\t<\/div>\n\t\t\t\t<\/div>\n\t\t\t\t<\/div>\n\t\t\t\t<div class=\"elementor-element elementor-element-d222d4a elementor-widget elementor-widget-text-editor\" data-id=\"d222d4a\" data-element_type=\"widget\" data-widget_type=\"text-editor.default\">\n\t\t\t\t<div class=\"elementor-widget-container\">\n\t\t\t\t\t\t\t\t\t<p>Soigner la tumeur de la prostate en pr\u00e9servant la qualit\u00e9 de vie des patients, c\u2019est ce qu\u2019offre la m\u00e9thode HIFU.<\/p><p>Le\u00a0<strong><a href=\"https:\/\/dev.hifu-prostate.fr\/fr\/accueil\/traitement-par-hifu\/\">traitement par HIFU<\/a><\/strong>\u00a0est une technique m\u00e9dicale non invasive, indiqu\u00e9e dans le cas du cancer localis\u00e9 de la prostate. La m\u00e9thode se pratique sans incision ni radiation. Il s\u2019agit d\u2019ultrasons focalis\u00e9s de haute intensit\u00e9 (HIFU) qui vont d\u00e9truire la tumeur. La temp\u00e9rature est \u00e9lev\u00e9e uniquement sur la zone \u00e0 traiter, laissant les tissus environnants intacts. Les effets secondaires s\u2019av\u00e8rent limit\u00e9s puisque le\u00a0sphincter\u00a0urinaire et les nerfs \u00e9recteurs sont pr\u00e9serv\u00e9s.<\/p><p>Pour le patient soign\u00e9 par traitement HIFU, les b\u00e9n\u00e9fices sont \u00e9vidents :<\/p><ul><li>Une hospitalisation courte (2 jours)<\/li><li>Une m\u00e9thode non invasive (pas d\u2019incision, pas de radiation)<\/li><li>Un traitement qui peut \u00eatre r\u00e9p\u00e9t\u00e9<\/li><li>Peu d\u2019effets secondaires par rapport aux autres traitements<\/li><li>Un retour rapide \u00e0 la vie normale<\/li><\/ul><p>Reconnue pour son efficacit\u00e9, la m\u00e9thode HIFU a \u00e9galement pour avantage de <a href=\"https:\/\/dev.hifu-prostate.fr\/fr\/accueil\/traitement-par-hifu\/traitement-par-hifu-quels-avantages-pour-le-patient\/\">pr\u00e9server la qualit\u00e9 de vie des patients.<\/a><\/p>\t\t\t\t\t\t\t\t<\/div>\n\t\t\t\t<\/div>\n\t\t\t\t<div class=\"elementor-element elementor-element-74ca674e elementor-widget elementor-widget-text-editor\" data-id=\"74ca674e\" data-element_type=\"widget\" data-widget_type=\"text-editor.default\">\n\t\t\t\t<div class=\"elementor-widget-container\">\n\t\t\t\t\t\t\t\t\t<p class=\"has-small-font-size\"><strong>Sources<\/strong> :\u00a0<a href=\"http:\/\/www.e-cancer.fr\/\">http:\/\/www.e-cancer.fr\/<\/a>\u00a0et\u00a0<a href=\"http:\/\/www.urofrance.org\/\">http:\/\/www.urofrance.org\/<\/a><\/p>\t\t\t\t\t\t\t\t<\/div>\n\t\t\t\t<\/div>\n\t\t\t\t<\/div>\n\t\t\t\t\t<\/div>\n\t\t\t\t<\/div>\n\t\t\t\t<\/div>\n\t\t","protected":false},"excerpt":{"rendered":"<p>Cancer de la prostate : comment soigner cette maladie ? Lorsque survient la maladie, le patient se trouve confront\u00e9 au choix difficile du traitement appropri\u00e9. Pour\u00a0soigner le\u00a0cancer\u00a0de la\u00a0prostate, la m\u00e9decine dispose aujourd\u2019hui de plusieurs traitements. Concilier soins et pr\u00e9servation de la qualit\u00e9 de vie des personnes n\u2019est pas toujours \u00e9vident. D\u00e9couvrez dans cet article le [&hellip;]<\/p>\n","protected":false},"author":566,"featured_media":0,"parent":8932,"menu_order":0,"comment_status":"closed","ping_status":"closed","template":"","meta":{"footnotes":""},"class_list":["post-9041","page","type-page","status-publish","hentry"],"yoast_head":"<!-- This site is optimized with the Yoast SEO plugin v26.3 - https:\/\/yoast.com\/wordpress\/plugins\/seo\/ -->\n<title>Cancer de la prostate : comment soigner cette maladie ? | HIFU-PROSTATE FR<\/title>\n<meta name=\"robots\" content=\"noindex, follow, max-snippet:-1, max-image-preview:large, max-video-preview:-1\" \/>\n<meta property=\"og:locale\" content=\"fr_FR\" \/>\n<meta property=\"og:type\" content=\"article\" \/>\n<meta property=\"og:title\" content=\"Cancer de la prostate : comment soigner cette maladie ? | HIFU-PROSTATE FR\" \/>\n<meta property=\"og:description\" content=\"Cancer de la prostate : comment soigner cette maladie ? Lorsque survient la maladie, le patient se trouve confront\u00e9 au choix difficile du traitement appropri\u00e9. Pour\u00a0soigner le\u00a0cancer\u00a0de la\u00a0prostate, la m\u00e9decine dispose aujourd\u2019hui de plusieurs traitements. Concilier soins et pr\u00e9servation de la qualit\u00e9 de vie des personnes n\u2019est pas toujours \u00e9vident. D\u00e9couvrez dans cet article le [&hellip;]\" \/>\n<meta property=\"og:url\" content=\"https:\/\/dev.hifu-prostate.fr\/fr\/en-savoir-plus-sur-le-cancer-de-la-prostate\/cancer-de-la-prostate-comment-soigner-cette-maladie\/\" \/>\n<meta property=\"og:site_name\" content=\"HIFU-PROSTATE FR\" \/>\n<meta property=\"article:modified_time\" content=\"2025-11-12T15:27:04+00:00\" \/>\n<meta name=\"twitter:card\" content=\"summary_large_image\" \/>\n<meta name=\"twitter:label1\" content=\"Dur\u00e9e de lecture estim\u00e9e\" \/>\n\t<meta name=\"twitter:data1\" content=\"3 minutes\" \/>\n<script type=\"application\/ld+json\" class=\"yoast-schema-graph\">{\"@context\":\"https:\/\/schema.org\",\"@graph\":[{\"@type\":\"WebPage\",\"@id\":\"https:\/\/dev.hifu-prostate.fr\/fr\/en-savoir-plus-sur-le-cancer-de-la-prostate\/cancer-de-la-prostate-comment-soigner-cette-maladie\/\",\"url\":\"https:\/\/dev.hifu-prostate.fr\/fr\/en-savoir-plus-sur-le-cancer-de-la-prostate\/cancer-de-la-prostate-comment-soigner-cette-maladie\/\",\"name\":\"Cancer de la prostate : comment soigner cette maladie ? | HIFU-PROSTATE FR\",\"isPartOf\":{\"@id\":\"https:\/\/dev.hifu-prostate.fr\/fr\/#website\"},\"datePublished\":\"2025-11-12T15:19:58+00:00\",\"dateModified\":\"2025-11-12T15:27:04+00:00\",\"breadcrumb\":{\"@id\":\"https:\/\/dev.hifu-prostate.fr\/fr\/en-savoir-plus-sur-le-cancer-de-la-prostate\/cancer-de-la-prostate-comment-soigner-cette-maladie\/#breadcrumb\"},\"inLanguage\":\"fr-FR\",\"potentialAction\":[{\"@type\":\"ReadAction\",\"target\":[\"https:\/\/dev.hifu-prostate.fr\/fr\/en-savoir-plus-sur-le-cancer-de-la-prostate\/cancer-de-la-prostate-comment-soigner-cette-maladie\/\"]}]},{\"@type\":\"BreadcrumbList\",\"@id\":\"https:\/\/dev.hifu-prostate.fr\/fr\/en-savoir-plus-sur-le-cancer-de-la-prostate\/cancer-de-la-prostate-comment-soigner-cette-maladie\/#breadcrumb\",\"itemListElement\":[{\"@type\":\"ListItem\",\"position\":1,\"name\":\"Accueil\",\"item\":\"https:\/\/dev.hifu-prostate.fr\/fr\/\"},{\"@type\":\"ListItem\",\"position\":2,\"name\":\"En savoir plus sur le cancer de la prostate\",\"item\":\"https:\/\/dev.hifu-prostate.fr\/fr\/en-savoir-plus-sur-le-cancer-de-la-prostate\/\"},{\"@type\":\"ListItem\",\"position\":3,\"name\":\"Cancer de la prostate : comment soigner cette maladie ?\"}]},{\"@type\":\"WebSite\",\"@id\":\"https:\/\/dev.hifu-prostate.fr\/fr\/#website\",\"url\":\"https:\/\/dev.hifu-prostate.fr\/fr\/\",\"name\":\"HIFU-PROSTATE FR\",\"description\":\"HIFU-Prostate, votre expert du traitement du cancer de la prostate.\",\"publisher\":{\"@id\":\"https:\/\/dev.hifu-prostate.fr\/fr\/#organization\"},\"potentialAction\":[{\"@type\":\"SearchAction\",\"target\":{\"@type\":\"EntryPoint\",\"urlTemplate\":\"https:\/\/dev.hifu-prostate.fr\/fr\/?s={search_term_string}\"},\"query-input\":{\"@type\":\"PropertyValueSpecification\",\"valueRequired\":true,\"valueName\":\"search_term_string\"}}],\"inLanguage\":\"fr-FR\"},{\"@type\":\"Organization\",\"@id\":\"https:\/\/dev.hifu-prostate.fr\/fr\/#organization\",\"name\":\"HIFU-PROSTATE FR\",\"url\":\"https:\/\/dev.hifu-prostate.fr\/fr\/\",\"logo\":{\"@type\":\"ImageObject\",\"inLanguage\":\"fr-FR\",\"@id\":\"https:\/\/dev.hifu-prostate.fr\/fr\/#\/schema\/logo\/image\/\",\"url\":\"https:\/\/dev.hifu-prostate.fr\/fr\/wp-content\/uploads\/sites\/2\/2025\/11\/Logo-hifu-prostate-CMJN.svg\",\"contentUrl\":\"https:\/\/dev.hifu-prostate.fr\/fr\/wp-content\/uploads\/sites\/2\/2025\/11\/Logo-hifu-prostate-CMJN.svg\",\"width\":211,\"height\":69,\"caption\":\"HIFU-PROSTATE FR\"},\"image\":{\"@id\":\"https:\/\/dev.hifu-prostate.fr\/fr\/#\/schema\/logo\/image\/\"}}]}<\/script>\n<!-- \/ Yoast SEO plugin. -->","yoast_head_json":{"title":"Cancer de la prostate : comment soigner cette maladie ? | HIFU-PROSTATE FR","robots":{"index":"noindex","follow":"follow","max-snippet":"max-snippet:-1","max-image-preview":"max-image-preview:large","max-video-preview":"max-video-preview:-1"},"og_locale":"fr_FR","og_type":"article","og_title":"Cancer de la prostate : comment soigner cette maladie ? | HIFU-PROSTATE FR","og_description":"Cancer de la prostate : comment soigner cette maladie ? Lorsque survient la maladie, le patient se trouve confront\u00e9 au choix difficile du traitement appropri\u00e9. Pour\u00a0soigner le\u00a0cancer\u00a0de la\u00a0prostate, la m\u00e9decine dispose aujourd\u2019hui de plusieurs traitements. Concilier soins et pr\u00e9servation de la qualit\u00e9 de vie des personnes n\u2019est pas toujours \u00e9vident. D\u00e9couvrez dans cet article le [&hellip;]","og_url":"https:\/\/dev.hifu-prostate.fr\/fr\/en-savoir-plus-sur-le-cancer-de-la-prostate\/cancer-de-la-prostate-comment-soigner-cette-maladie\/","og_site_name":"HIFU-PROSTATE FR","article_modified_time":"2025-11-12T15:27:04+00:00","twitter_card":"summary_large_image","twitter_misc":{"Dur\u00e9e de lecture estim\u00e9e":"3 minutes"},"schema":{"@context":"https:\/\/schema.org","@graph":[{"@type":"WebPage","@id":"https:\/\/dev.hifu-prostate.fr\/fr\/en-savoir-plus-sur-le-cancer-de-la-prostate\/cancer-de-la-prostate-comment-soigner-cette-maladie\/","url":"https:\/\/dev.hifu-prostate.fr\/fr\/en-savoir-plus-sur-le-cancer-de-la-prostate\/cancer-de-la-prostate-comment-soigner-cette-maladie\/","name":"Cancer de la prostate : comment soigner cette maladie ? | HIFU-PROSTATE FR","isPartOf":{"@id":"https:\/\/dev.hifu-prostate.fr\/fr\/#website"},"datePublished":"2025-11-12T15:19:58+00:00","dateModified":"2025-11-12T15:27:04+00:00","breadcrumb":{"@id":"https:\/\/dev.hifu-prostate.fr\/fr\/en-savoir-plus-sur-le-cancer-de-la-prostate\/cancer-de-la-prostate-comment-soigner-cette-maladie\/#breadcrumb"},"inLanguage":"fr-FR","potentialAction":[{"@type":"ReadAction","target":["https:\/\/dev.hifu-prostate.fr\/fr\/en-savoir-plus-sur-le-cancer-de-la-prostate\/cancer-de-la-prostate-comment-soigner-cette-maladie\/"]}]},{"@type":"BreadcrumbList","@id":"https:\/\/dev.hifu-prostate.fr\/fr\/en-savoir-plus-sur-le-cancer-de-la-prostate\/cancer-de-la-prostate-comment-soigner-cette-maladie\/#breadcrumb","itemListElement":[{"@type":"ListItem","position":1,"name":"Accueil","item":"https:\/\/dev.hifu-prostate.fr\/fr\/"},{"@type":"ListItem","position":2,"name":"En savoir plus sur le cancer de la prostate","item":"https:\/\/dev.hifu-prostate.fr\/fr\/en-savoir-plus-sur-le-cancer-de-la-prostate\/"},{"@type":"ListItem","position":3,"name":"Cancer de la prostate : comment soigner cette maladie ?"}]},{"@type":"WebSite","@id":"https:\/\/dev.hifu-prostate.fr\/fr\/#website","url":"https:\/\/dev.hifu-prostate.fr\/fr\/","name":"HIFU-PROSTATE FR","description":"HIFU-Prostate, votre expert du traitement du cancer de la prostate.","publisher":{"@id":"https:\/\/dev.hifu-prostate.fr\/fr\/#organization"},"potentialAction":[{"@type":"SearchAction","target":{"@type":"EntryPoint","urlTemplate":"https:\/\/dev.hifu-prostate.fr\/fr\/?s={search_term_string}"},"query-input":{"@type":"PropertyValueSpecification","valueRequired":true,"valueName":"search_term_string"}}],"inLanguage":"fr-FR"},{"@type":"Organization","@id":"https:\/\/dev.hifu-prostate.fr\/fr\/#organization","name":"HIFU-PROSTATE FR","url":"https:\/\/dev.hifu-prostate.fr\/fr\/","logo":{"@type":"ImageObject","inLanguage":"fr-FR","@id":"https:\/\/dev.hifu-prostate.fr\/fr\/#\/schema\/logo\/image\/","url":"https:\/\/dev.hifu-prostate.fr\/fr\/wp-content\/uploads\/sites\/2\/2025\/11\/Logo-hifu-prostate-CMJN.svg","contentUrl":"https:\/\/dev.hifu-prostate.fr\/fr\/wp-content\/uploads\/sites\/2\/2025\/11\/Logo-hifu-prostate-CMJN.svg","width":211,"height":69,"caption":"HIFU-PROSTATE FR"},"image":{"@id":"https:\/\/dev.hifu-prostate.fr\/fr\/#\/schema\/logo\/image\/"}}]}},"_links":{"self":[{"href":"https:\/\/dev.hifu-prostate.fr\/fr\/wp-json\/wp\/v2\/pages\/9041","targetHints":{"allow":["GET"]}}],"collection":[{"href":"https:\/\/dev.hifu-prostate.fr\/fr\/wp-json\/wp\/v2\/pages"}],"about":[{"href":"https:\/\/dev.hifu-prostate.fr\/fr\/wp-json\/wp\/v2\/types\/page"}],"author":[{"embeddable":true,"href":"https:\/\/dev.hifu-prostate.fr\/fr\/wp-json\/wp\/v2\/users\/566"}],"replies":[{"embeddable":true,"href":"https:\/\/dev.hifu-prostate.fr\/fr\/wp-json\/wp\/v2\/comments?post=9041"}],"version-history":[{"count":7,"href":"https:\/\/dev.hifu-prostate.fr\/fr\/wp-json\/wp\/v2\/pages\/9041\/revisions"}],"predecessor-version":[{"id":9052,"href":"https:\/\/dev.hifu-prostate.fr\/fr\/wp-json\/wp\/v2\/pages\/9041\/revisions\/9052"}],"up":[{"embeddable":true,"href":"https:\/\/dev.hifu-prostate.fr\/fr\/wp-json\/wp\/v2\/pages\/8932"}],"wp:attachment":[{"href":"https:\/\/dev.hifu-prostate.fr\/fr\/wp-json\/wp\/v2\/media?parent=9041"}],"curies":[{"name":"wp","href":"https:\/\/api.w.org\/{rel}","templated":true}]}}