{"id":9053,"date":"2025-11-12T16:27:42","date_gmt":"2025-11-12T15:27:42","guid":{"rendered":"https:\/\/dev.hifu-prostate.fr\/fr\/?page_id=9053"},"modified":"2025-11-12T16:31:03","modified_gmt":"2025-11-12T15:31:03","slug":"gleason-score-definition-et-explications","status":"publish","type":"page","link":"https:\/\/dev.hifu-prostate.fr\/fr\/en-savoir-plus-sur-le-cancer-de-la-prostate\/gleason-score-definition-et-explications\/","title":{"rendered":"Gleason Score : d\u00e9finition et explications"},"content":{"rendered":"\t\t<div data-elementor-type=\"wp-page\" data-elementor-id=\"9053\" class=\"elementor elementor-9053\" data-elementor-post-type=\"page\">\n\t\t\t\t<div class=\"elementor-element elementor-element-ef9ffe1 e-flex e-con-boxed e-con e-parent\" data-id=\"ef9ffe1\" data-element_type=\"container\">\n\t\t\t\t\t<div class=\"e-con-inner\">\n\t\t<div class=\"elementor-element elementor-element-6d18dee e-con-full hp-leadline e-flex e-con e-child\" data-id=\"6d18dee\" data-element_type=\"container\">\n\t\t\t\t<div class=\"elementor-element elementor-element-99462c5 elementor-widget elementor-widget-html\" data-id=\"99462c5\" data-element_type=\"widget\" data-widget_type=\"html.default\">\n\t\t\t\t<div class=\"elementor-widget-container\">\n\t\t\t\t\t<h1 class=\"hp-lead-title\">\n  <strong>\nGleason Score : d\u00e9finition et explications\n<\/strong>\n<\/h1>\t\t\t\t<\/div>\n\t\t\t\t<\/div>\n\t\t\t\t<\/div>\n\t\t\t\t\t<\/div>\n\t\t\t\t<\/div>\n\t\t<div class=\"elementor-element elementor-element-2722df8 e-flex e-con-boxed e-con e-parent\" data-id=\"2722df8\" data-element_type=\"container\">\n\t\t\t\t\t<div class=\"e-con-inner\">\n\t\t<div class=\"elementor-element elementor-element-e806624 e-con-full e-flex e-con e-child\" data-id=\"e806624\" data-element_type=\"container\">\n\t\t\t\t<div class=\"elementor-element elementor-element-0921d29 elementor-widget elementor-widget-text-editor\" data-id=\"0921d29\" data-element_type=\"widget\" data-widget_type=\"text-editor.default\">\n\t\t\t\t<div class=\"elementor-widget-container\">\n\t\t\t\t\t\t\t\t\t<p>Reconnu comme facteur pronostique majeur du cancer de la prostate, le score de Gleason repr\u00e9sente aujourd\u2019hui une donn\u00e9e essentielle qu\u2019il convient de d\u00e9finir et d\u2019expliquer. Calculer le <a href=\"https:\/\/dev.hifu-prostate.fr\/fr\/accueil\/le-cancer-de-la-prostate\/diagnostic-et-depistage\/\">Gleason score<\/a> permet au corps m\u00e9dical de mesurer l\u2019\u00e9tendue et l\u2019agressivit\u00e9 de la maladie. Le <a href=\"https:\/\/dev.hifu-prostate.fr\/fr\/accueil\/le-cancer-de-la-prostate\/les-traitements-du-cancer-de-la-prostate\/\">traitement du cancer de la prostate<\/a> \u00e0 proposer est en partie fonction du Gleason score.<\/p>\t\t\t\t\t\t\t\t<\/div>\n\t\t\t\t<\/div>\n\t\t<div class=\"elementor-element elementor-element-01337d1 e-con-full e-flex e-con e-child\" data-id=\"01337d1\" data-element_type=\"container\">\n\t\t\t\t<div class=\"elementor-element elementor-element-aef4dde hpe-title-underline-middle elementor-widget elementor-widget-heading\" data-id=\"aef4dde\" data-element_type=\"widget\" data-widget_type=\"heading.default\">\n\t\t\t\t<div class=\"elementor-widget-container\">\n\t\t\t\t\t<h2 class=\"elementor-heading-title elementor-size-default\">Gleason Score : d\u00e9finition<\/h2>\t\t\t\t<\/div>\n\t\t\t\t<\/div>\n\t\t\t\t<\/div>\n\t\t\t\t<div class=\"elementor-element elementor-element-3f79393 elementor-widget elementor-widget-text-editor\" data-id=\"3f79393\" data-element_type=\"widget\" data-widget_type=\"text-editor.default\">\n\t\t\t\t<div class=\"elementor-widget-container\">\n\t\t\t\t\t\t\t\t\t<p>Le\u00a0<strong>score de Gleason<\/strong>\u00a0permet de constater le degr\u00e9 d\u2019agressivit\u00e9 du cancer de la prostate. Il s\u2019agit de l\u2019\u00e9chelle la plus couramment utilis\u00e9e. La d\u00e9termination du Gleason score est faite \u00e0 partir de l\u2019analyse de\u00a0biopsies. La\u00a0glande\u00a0prostatique contient plusieurs foyers tumoraux d\u2019\u00e9volution diff\u00e9rente et \u00e0 des stades de diff\u00e9renciations pouvant \u00eatre diff\u00e9rents (figures 3 \u2013 4 \u2013 5). Le score de Gleason est obtenu en additionnant les 2 grades histologiques allant de 1 \u00e0 5, des cancers les plus repr\u00e9sent\u00e9s.<\/p>\t\t\t\t\t\t\t\t<\/div>\n\t\t\t\t<\/div>\n\t\t<div class=\"elementor-element elementor-element-6e88b1d e-con-full e-flex e-con e-child\" data-id=\"6e88b1d\" data-element_type=\"container\">\n\t\t\t\t<div class=\"elementor-element elementor-element-49b57d3 hpe-title-underline-middle elementor-widget elementor-widget-heading\" data-id=\"49b57d3\" data-element_type=\"widget\" data-widget_type=\"heading.default\">\n\t\t\t\t<div class=\"elementor-widget-container\">\n\t\t\t\t\t<h2 class=\"elementor-heading-title elementor-size-default\">Score de gleason : un indicateur de r\u00e9f\u00e9rence pour le cancer de la prostate<\/h2>\t\t\t\t<\/div>\n\t\t\t\t<\/div>\n\t\t\t\t<\/div>\n\t\t\t\t<div class=\"elementor-element elementor-element-8f34842 elementor-widget elementor-widget-text-editor\" data-id=\"8f34842\" data-element_type=\"widget\" data-widget_type=\"text-editor.default\">\n\t\t\t\t<div class=\"elementor-widget-container\">\n\t\t\t\t\t\t\t\t\t<p>Il est \u00e0 noter que la biopsie ne constitue que le pr\u00e9l\u00e8vement d\u2019une partie de la glande prostatique. Il s\u2019agit d\u2019un \u00e9chantillon de tissu. Cela veut dire que le r\u00e9sultat obtenu ne refl\u00e8te qu\u2019une zone de la prostate. Le Gleason score demeure cependant aujourd\u2019hui le plus puissant facteur pronostique du cancer de la prostate.<\/p>\t\t\t\t\t\t\t\t<\/div>\n\t\t\t\t<\/div>\n\t\t<div class=\"elementor-element elementor-element-4345020 e-con-full e-flex e-con e-child\" data-id=\"4345020\" data-element_type=\"container\">\n\t\t\t\t<div class=\"elementor-element elementor-element-88205c1 hpe-title-underline-middle elementor-widget elementor-widget-heading\" data-id=\"88205c1\" data-element_type=\"widget\" data-widget_type=\"heading.default\">\n\t\t\t\t<div class=\"elementor-widget-container\">\n\t\t\t\t\t<h2 class=\"elementor-heading-title elementor-size-default\">Les diff\u00e9rents types de Gleason Score<\/h2>\t\t\t\t<\/div>\n\t\t\t\t<\/div>\n\t\t\t\t<\/div>\n\t\t\t\t<div class=\"elementor-element elementor-element-8c96571 elementor-widget elementor-widget-heading\" data-id=\"8c96571\" data-element_type=\"widget\" data-widget_type=\"heading.default\">\n\t\t\t\t<div class=\"elementor-widget-container\">\n\t\t\t\t\t<h3 class=\"elementor-heading-title elementor-size-default\">Les grades du score de Gleason<\/h3>\t\t\t\t<\/div>\n\t\t\t\t<\/div>\n\t\t\t\t<div class=\"elementor-element elementor-element-0abf126 elementor-widget elementor-widget-text-editor\" data-id=\"0abf126\" data-element_type=\"widget\" data-widget_type=\"text-editor.default\">\n\t\t\t\t<div class=\"elementor-widget-container\">\n\t\t\t\t\t\t\t\t\t<p>Le calcul du\u00a0<strong>Gleason score<\/strong> va permettre de classifier les cellules canc\u00e9reuses selon diff\u00e9rents types. Une \u00e9chelle de 1 \u00e0 5 va \u00e9valuer le degr\u00e9 d\u2019agressivit\u00e9 du cancer de la prostate.<\/p><ul><li>Grade 1 : les cellules semblent normales<\/li><li>Grade 2 : le cancer appara\u00eet faible<\/li><li>Grade 3 : stade interm\u00e9diaire de la maladie<\/li><li>Grades 4 et 5 : les cellules ont une apparence irr\u00e9guli\u00e8re et anormale ; le cancer de la prostate est consid\u00e9r\u00e9 comme agressif.<\/li><\/ul><p>Il faut savoir que plusieurs grades peuvent coexister au sein d\u2019un m\u00eame tissu pr\u00e9lev\u00e9 lors de la biopsie.<\/p>\t\t\t\t\t\t\t\t<\/div>\n\t\t\t\t<\/div>\n\t\t\t\t<div class=\"elementor-element elementor-element-0b9c7dc elementor-widget elementor-widget-heading\" data-id=\"0b9c7dc\" data-element_type=\"widget\" data-widget_type=\"heading.default\">\n\t\t\t\t<div class=\"elementor-widget-container\">\n\t\t\t\t\t<h3 class=\"elementor-heading-title elementor-size-default\">Le calcul du Gleason Score<\/h3>\t\t\t\t<\/div>\n\t\t\t\t<\/div>\n\t\t\t\t<div class=\"elementor-element elementor-element-f15179f elementor-widget elementor-widget-text-editor\" data-id=\"f15179f\" data-element_type=\"widget\" data-widget_type=\"text-editor.default\">\n\t\t\t\t<div class=\"elementor-widget-container\">\n\t\t\t\t\t\t\t\t\t<p>Apr\u00e8s analyse des biopsies, le Gleason score est pr\u00e9sent\u00e9 sous la forme suivante :<\/p><ul><li>Gleason 7 (3+4) not\u00e9 3-4<\/li><li>Gleason 10 (5+5) not\u00e9 5-5<\/li><\/ul><p>Le premier chiffre entre parenth\u00e8se correspond au type de cellules canc\u00e9reuses le plus pr\u00e9sent dans le tissu pr\u00e9lev\u00e9. Le second chiffre de la parenth\u00e8se indique le 2\u00e8me type de cellules le plus pr\u00e9sent toujours dans le m\u00eame tissu. Ces deux chiffres correspondent aux grades \u00e9voqu\u00e9s pr\u00e9c\u00e9demment. Le Gleason score (7 et 10 dans les exemples ci-dessus) est obtenu par l\u2019addition de ces 2 chiffres. Il est compris entre 6 et 10 selon le degr\u00e9 d\u2019agressivit\u00e9 du cancer.<\/p><ul><li>Un score de Gleason compris entre 6 et 7 r\u00e9v\u00e8le un cancer \u00e0 risque interm\u00e9diaire.<\/li><li>Un score de Gleason de 8 \u00e0 10 sous-entend un cancer de la prostate \u00e0 risque \u00e9lev\u00e9.<\/li><\/ul><p>\u00c0 noter : Le Gleason score ne pourra \u00eatre \u00e9valu\u00e9 apr\u00e8s certains traitements du cancer de la prostate d\u00e9j\u00e0 effectu\u00e9s. Tel est le cas de l\u2019hormonoth\u00e9rapie, la radioth\u00e9rapie externe et la curieth\u00e9rapie.<\/p>\t\t\t\t\t\t\t\t<\/div>\n\t\t\t\t<\/div>\n\t\t\t\t<\/div>\n\t\t\t\t\t<\/div>\n\t\t\t\t<\/div>\n\t\t\t\t<\/div>\n\t\t","protected":false},"excerpt":{"rendered":"<p>Gleason Score : d\u00e9finition et explications Reconnu comme facteur pronostique majeur du cancer de la prostate, le score de Gleason repr\u00e9sente aujourd\u2019hui une donn\u00e9e essentielle qu\u2019il convient de d\u00e9finir et d\u2019expliquer. Calculer le Gleason score permet au corps m\u00e9dical de mesurer l\u2019\u00e9tendue et l\u2019agressivit\u00e9 de la maladie. Le traitement du cancer de la prostate \u00e0 [&hellip;]<\/p>\n","protected":false},"author":566,"featured_media":0,"parent":8932,"menu_order":0,"comment_status":"closed","ping_status":"closed","template":"","meta":{"footnotes":""},"class_list":["post-9053","page","type-page","status-publish","hentry"],"yoast_head":"<!-- This site is optimized with the Yoast SEO plugin v26.3 - https:\/\/yoast.com\/wordpress\/plugins\/seo\/ -->\n<title>Gleason Score : d\u00e9finition et explications | HIFU-PROSTATE FR<\/title>\n<meta name=\"robots\" content=\"noindex, follow, max-snippet:-1, max-image-preview:large, max-video-preview:-1\" \/>\n<meta property=\"og:locale\" content=\"fr_FR\" \/>\n<meta property=\"og:type\" content=\"article\" \/>\n<meta property=\"og:title\" content=\"Gleason Score : d\u00e9finition et explications | HIFU-PROSTATE FR\" \/>\n<meta property=\"og:description\" content=\"Gleason Score : d\u00e9finition et explications Reconnu comme facteur pronostique majeur du cancer de la prostate, le score de Gleason repr\u00e9sente aujourd\u2019hui une donn\u00e9e essentielle qu\u2019il convient de d\u00e9finir et d\u2019expliquer. Calculer le Gleason score permet au corps m\u00e9dical de mesurer l\u2019\u00e9tendue et l\u2019agressivit\u00e9 de la maladie. Le traitement du cancer de la prostate \u00e0 [&hellip;]\" \/>\n<meta property=\"og:url\" content=\"https:\/\/dev.hifu-prostate.fr\/fr\/en-savoir-plus-sur-le-cancer-de-la-prostate\/gleason-score-definition-et-explications\/\" \/>\n<meta property=\"og:site_name\" content=\"HIFU-PROSTATE FR\" \/>\n<meta property=\"article:modified_time\" content=\"2025-11-12T15:31:03+00:00\" \/>\n<meta name=\"twitter:card\" content=\"summary_large_image\" \/>\n<meta name=\"twitter:label1\" content=\"Dur\u00e9e de lecture estim\u00e9e\" \/>\n\t<meta name=\"twitter:data1\" content=\"3 minutes\" \/>\n<script type=\"application\/ld+json\" class=\"yoast-schema-graph\">{\"@context\":\"https:\/\/schema.org\",\"@graph\":[{\"@type\":\"WebPage\",\"@id\":\"https:\/\/dev.hifu-prostate.fr\/fr\/en-savoir-plus-sur-le-cancer-de-la-prostate\/gleason-score-definition-et-explications\/\",\"url\":\"https:\/\/dev.hifu-prostate.fr\/fr\/en-savoir-plus-sur-le-cancer-de-la-prostate\/gleason-score-definition-et-explications\/\",\"name\":\"Gleason Score : d\u00e9finition et explications | HIFU-PROSTATE FR\",\"isPartOf\":{\"@id\":\"https:\/\/dev.hifu-prostate.fr\/fr\/#website\"},\"datePublished\":\"2025-11-12T15:27:42+00:00\",\"dateModified\":\"2025-11-12T15:31:03+00:00\",\"breadcrumb\":{\"@id\":\"https:\/\/dev.hifu-prostate.fr\/fr\/en-savoir-plus-sur-le-cancer-de-la-prostate\/gleason-score-definition-et-explications\/#breadcrumb\"},\"inLanguage\":\"fr-FR\",\"potentialAction\":[{\"@type\":\"ReadAction\",\"target\":[\"https:\/\/dev.hifu-prostate.fr\/fr\/en-savoir-plus-sur-le-cancer-de-la-prostate\/gleason-score-definition-et-explications\/\"]}]},{\"@type\":\"BreadcrumbList\",\"@id\":\"https:\/\/dev.hifu-prostate.fr\/fr\/en-savoir-plus-sur-le-cancer-de-la-prostate\/gleason-score-definition-et-explications\/#breadcrumb\",\"itemListElement\":[{\"@type\":\"ListItem\",\"position\":1,\"name\":\"Accueil\",\"item\":\"https:\/\/dev.hifu-prostate.fr\/fr\/\"},{\"@type\":\"ListItem\",\"position\":2,\"name\":\"En savoir plus sur le cancer de la prostate\",\"item\":\"https:\/\/dev.hifu-prostate.fr\/fr\/en-savoir-plus-sur-le-cancer-de-la-prostate\/\"},{\"@type\":\"ListItem\",\"position\":3,\"name\":\"Gleason Score : d\u00e9finition et explications\"}]},{\"@type\":\"WebSite\",\"@id\":\"https:\/\/dev.hifu-prostate.fr\/fr\/#website\",\"url\":\"https:\/\/dev.hifu-prostate.fr\/fr\/\",\"name\":\"HIFU-PROSTATE FR\",\"description\":\"HIFU-Prostate, votre expert du traitement du cancer de la prostate.\",\"publisher\":{\"@id\":\"https:\/\/dev.hifu-prostate.fr\/fr\/#organization\"},\"potentialAction\":[{\"@type\":\"SearchAction\",\"target\":{\"@type\":\"EntryPoint\",\"urlTemplate\":\"https:\/\/dev.hifu-prostate.fr\/fr\/?s={search_term_string}\"},\"query-input\":{\"@type\":\"PropertyValueSpecification\",\"valueRequired\":true,\"valueName\":\"search_term_string\"}}],\"inLanguage\":\"fr-FR\"},{\"@type\":\"Organization\",\"@id\":\"https:\/\/dev.hifu-prostate.fr\/fr\/#organization\",\"name\":\"HIFU-PROSTATE FR\",\"url\":\"https:\/\/dev.hifu-prostate.fr\/fr\/\",\"logo\":{\"@type\":\"ImageObject\",\"inLanguage\":\"fr-FR\",\"@id\":\"https:\/\/dev.hifu-prostate.fr\/fr\/#\/schema\/logo\/image\/\",\"url\":\"https:\/\/dev.hifu-prostate.fr\/fr\/wp-content\/uploads\/sites\/2\/2025\/11\/Logo-hifu-prostate-CMJN.svg\",\"contentUrl\":\"https:\/\/dev.hifu-prostate.fr\/fr\/wp-content\/uploads\/sites\/2\/2025\/11\/Logo-hifu-prostate-CMJN.svg\",\"width\":211,\"height\":69,\"caption\":\"HIFU-PROSTATE FR\"},\"image\":{\"@id\":\"https:\/\/dev.hifu-prostate.fr\/fr\/#\/schema\/logo\/image\/\"}}]}<\/script>\n<!-- \/ Yoast SEO plugin. -->","yoast_head_json":{"title":"Gleason Score : d\u00e9finition et explications | HIFU-PROSTATE FR","robots":{"index":"noindex","follow":"follow","max-snippet":"max-snippet:-1","max-image-preview":"max-image-preview:large","max-video-preview":"max-video-preview:-1"},"og_locale":"fr_FR","og_type":"article","og_title":"Gleason Score : d\u00e9finition et explications | HIFU-PROSTATE FR","og_description":"Gleason Score : d\u00e9finition et explications Reconnu comme facteur pronostique majeur du cancer de la prostate, le score de Gleason repr\u00e9sente aujourd\u2019hui une donn\u00e9e essentielle qu\u2019il convient de d\u00e9finir et d\u2019expliquer. Calculer le Gleason score permet au corps m\u00e9dical de mesurer l\u2019\u00e9tendue et l\u2019agressivit\u00e9 de la maladie. Le traitement du cancer de la prostate \u00e0 [&hellip;]","og_url":"https:\/\/dev.hifu-prostate.fr\/fr\/en-savoir-plus-sur-le-cancer-de-la-prostate\/gleason-score-definition-et-explications\/","og_site_name":"HIFU-PROSTATE FR","article_modified_time":"2025-11-12T15:31:03+00:00","twitter_card":"summary_large_image","twitter_misc":{"Dur\u00e9e de lecture estim\u00e9e":"3 minutes"},"schema":{"@context":"https:\/\/schema.org","@graph":[{"@type":"WebPage","@id":"https:\/\/dev.hifu-prostate.fr\/fr\/en-savoir-plus-sur-le-cancer-de-la-prostate\/gleason-score-definition-et-explications\/","url":"https:\/\/dev.hifu-prostate.fr\/fr\/en-savoir-plus-sur-le-cancer-de-la-prostate\/gleason-score-definition-et-explications\/","name":"Gleason Score : d\u00e9finition et explications | HIFU-PROSTATE FR","isPartOf":{"@id":"https:\/\/dev.hifu-prostate.fr\/fr\/#website"},"datePublished":"2025-11-12T15:27:42+00:00","dateModified":"2025-11-12T15:31:03+00:00","breadcrumb":{"@id":"https:\/\/dev.hifu-prostate.fr\/fr\/en-savoir-plus-sur-le-cancer-de-la-prostate\/gleason-score-definition-et-explications\/#breadcrumb"},"inLanguage":"fr-FR","potentialAction":[{"@type":"ReadAction","target":["https:\/\/dev.hifu-prostate.fr\/fr\/en-savoir-plus-sur-le-cancer-de-la-prostate\/gleason-score-definition-et-explications\/"]}]},{"@type":"BreadcrumbList","@id":"https:\/\/dev.hifu-prostate.fr\/fr\/en-savoir-plus-sur-le-cancer-de-la-prostate\/gleason-score-definition-et-explications\/#breadcrumb","itemListElement":[{"@type":"ListItem","position":1,"name":"Accueil","item":"https:\/\/dev.hifu-prostate.fr\/fr\/"},{"@type":"ListItem","position":2,"name":"En savoir plus sur le cancer de la prostate","item":"https:\/\/dev.hifu-prostate.fr\/fr\/en-savoir-plus-sur-le-cancer-de-la-prostate\/"},{"@type":"ListItem","position":3,"name":"Gleason Score : d\u00e9finition et explications"}]},{"@type":"WebSite","@id":"https:\/\/dev.hifu-prostate.fr\/fr\/#website","url":"https:\/\/dev.hifu-prostate.fr\/fr\/","name":"HIFU-PROSTATE FR","description":"HIFU-Prostate, votre expert du traitement du cancer de la prostate.","publisher":{"@id":"https:\/\/dev.hifu-prostate.fr\/fr\/#organization"},"potentialAction":[{"@type":"SearchAction","target":{"@type":"EntryPoint","urlTemplate":"https:\/\/dev.hifu-prostate.fr\/fr\/?s={search_term_string}"},"query-input":{"@type":"PropertyValueSpecification","valueRequired":true,"valueName":"search_term_string"}}],"inLanguage":"fr-FR"},{"@type":"Organization","@id":"https:\/\/dev.hifu-prostate.fr\/fr\/#organization","name":"HIFU-PROSTATE FR","url":"https:\/\/dev.hifu-prostate.fr\/fr\/","logo":{"@type":"ImageObject","inLanguage":"fr-FR","@id":"https:\/\/dev.hifu-prostate.fr\/fr\/#\/schema\/logo\/image\/","url":"https:\/\/dev.hifu-prostate.fr\/fr\/wp-content\/uploads\/sites\/2\/2025\/11\/Logo-hifu-prostate-CMJN.svg","contentUrl":"https:\/\/dev.hifu-prostate.fr\/fr\/wp-content\/uploads\/sites\/2\/2025\/11\/Logo-hifu-prostate-CMJN.svg","width":211,"height":69,"caption":"HIFU-PROSTATE FR"},"image":{"@id":"https:\/\/dev.hifu-prostate.fr\/fr\/#\/schema\/logo\/image\/"}}]}},"_links":{"self":[{"href":"https:\/\/dev.hifu-prostate.fr\/fr\/wp-json\/wp\/v2\/pages\/9053","targetHints":{"allow":["GET"]}}],"collection":[{"href":"https:\/\/dev.hifu-prostate.fr\/fr\/wp-json\/wp\/v2\/pages"}],"about":[{"href":"https:\/\/dev.hifu-prostate.fr\/fr\/wp-json\/wp\/v2\/types\/page"}],"author":[{"embeddable":true,"href":"https:\/\/dev.hifu-prostate.fr\/fr\/wp-json\/wp\/v2\/users\/566"}],"replies":[{"embeddable":true,"href":"https:\/\/dev.hifu-prostate.fr\/fr\/wp-json\/wp\/v2\/comments?post=9053"}],"version-history":[{"count":4,"href":"https:\/\/dev.hifu-prostate.fr\/fr\/wp-json\/wp\/v2\/pages\/9053\/revisions"}],"predecessor-version":[{"id":9057,"href":"https:\/\/dev.hifu-prostate.fr\/fr\/wp-json\/wp\/v2\/pages\/9053\/revisions\/9057"}],"up":[{"embeddable":true,"href":"https:\/\/dev.hifu-prostate.fr\/fr\/wp-json\/wp\/v2\/pages\/8932"}],"wp:attachment":[{"href":"https:\/\/dev.hifu-prostate.fr\/fr\/wp-json\/wp\/v2\/media?parent=9053"}],"curies":[{"name":"wp","href":"https:\/\/api.w.org\/{rel}","templated":true}]}}