{"id":9061,"date":"2025-11-12T16:32:17","date_gmt":"2025-11-12T15:32:17","guid":{"rendered":"https:\/\/dev.hifu-prostate.fr\/fr\/?page_id=9061"},"modified":"2025-11-12T16:35:21","modified_gmt":"2025-11-12T15:35:21","slug":"quels-traitements-pour-le-cancer-de-la-prostate","status":"publish","type":"page","link":"https:\/\/dev.hifu-prostate.fr\/fr\/en-savoir-plus-sur-le-cancer-de-la-prostate\/quels-traitements-pour-le-cancer-de-la-prostate\/","title":{"rendered":"Quels traitements pour le cancer de la prostate ?"},"content":{"rendered":"\t\t<div data-elementor-type=\"wp-page\" data-elementor-id=\"9061\" class=\"elementor elementor-9061\" data-elementor-post-type=\"page\">\n\t\t\t\t<div class=\"elementor-element elementor-element-b30abcf e-flex e-con-boxed e-con e-parent\" data-id=\"b30abcf\" data-element_type=\"container\">\n\t\t\t\t\t<div class=\"e-con-inner\">\n\t\t<div class=\"elementor-element elementor-element-fc07081 e-con-full hp-leadline e-flex e-con e-child\" data-id=\"fc07081\" data-element_type=\"container\">\n\t\t\t\t<div class=\"elementor-element elementor-element-bdf016d elementor-widget elementor-widget-html\" data-id=\"bdf016d\" data-element_type=\"widget\" data-widget_type=\"html.default\">\n\t\t\t\t<div class=\"elementor-widget-container\">\n\t\t\t\t\t<h1 class=\"hp-lead-title\">\n  <strong>\nQuels traitements pour le cancer de la prostate ?\n<\/strong>\n<\/h1>\t\t\t\t<\/div>\n\t\t\t\t<\/div>\n\t\t\t\t<\/div>\n\t\t\t\t\t<\/div>\n\t\t\t\t<\/div>\n\t\t<div class=\"elementor-element elementor-element-0bf1b2a e-flex e-con-boxed e-con e-parent\" data-id=\"0bf1b2a\" data-element_type=\"container\">\n\t\t\t\t\t<div class=\"e-con-inner\">\n\t\t<div class=\"elementor-element elementor-element-77364f3 e-con-full e-flex e-con e-child\" data-id=\"77364f3\" data-element_type=\"container\">\n\t\t<div class=\"elementor-element elementor-element-e9053a5 e-con-full e-flex e-con e-child\" data-id=\"e9053a5\" data-element_type=\"container\">\n\t\t\t\t<div class=\"elementor-element elementor-element-a99245d hpe-title-underline-middle elementor-widget elementor-widget-heading\" data-id=\"a99245d\" data-element_type=\"widget\" data-widget_type=\"heading.default\">\n\t\t\t\t<div class=\"elementor-widget-container\">\n\t\t\t\t\t<h2 class=\"elementor-heading-title elementor-size-default\">Quel traitement du cancer de la prostate pour se soigner aux mieux ?<\/h2>\t\t\t\t<\/div>\n\t\t\t\t<\/div>\n\t\t\t\t<\/div>\n\t\t\t\t<div class=\"elementor-element elementor-element-e49f377 elementor-widget elementor-widget-text-editor\" data-id=\"e49f377\" data-element_type=\"widget\" data-widget_type=\"text-editor.default\">\n\t\t\t\t<div class=\"elementor-widget-container\">\n\t\t\t\t\t\t\t\t\t<p>Le choix du <a href=\"https:\/\/dev.hifu-prostate.fr\/fr\/accueil\/le-cancer-de-la-prostate\/les-traitements-du-cancer-de-la-prostate\/\">traitement du cancer de la prostate<\/a> est souvent fonction du stade de l\u2019\u00e9volution de la maladie. Il est \u00e0 noter que le patient peut parfois avoir le choix de son traitement m\u00e9dical. Certaines th\u00e9rapies sont destin\u00e9es \u00e0 \u00e9radiquer les cellules tumorales d\u2019un cancer \u00e0 stade avanc\u00e9 tandis que d\u2019autres traitent le cancer de la prostate localis\u00e9.<\/p>\t\t\t\t\t\t\t\t<\/div>\n\t\t\t\t<\/div>\n\t\t\t\t<div class=\"elementor-element elementor-element-d206efa elementor-widget elementor-widget-heading\" data-id=\"d206efa\" data-element_type=\"widget\" data-widget_type=\"heading.default\">\n\t\t\t\t<div class=\"elementor-widget-container\">\n\t\t\t\t\t<h3 class=\"elementor-heading-title elementor-size-default\">La cryoth\u00e9rapie<\/h3>\t\t\t\t<\/div>\n\t\t\t\t<\/div>\n\t\t\t\t<div class=\"elementor-element elementor-element-0bb522d elementor-widget elementor-widget-text-editor\" data-id=\"0bb522d\" data-element_type=\"widget\" data-widget_type=\"text-editor.default\">\n\t\t\t\t<div class=\"elementor-widget-container\">\n\t\t\t\t\t\t\t\t\t<p>Il s\u2019agit d\u2019une technique chirurgicale dont le but est de d\u00e9truire les cellules tumorales en leur sein par l\u2019utilisation d\u2019un froid intense. Ce traitement du cancer de la prostate est g\u00e9n\u00e9ralement propos\u00e9 aux patients ayant \u00e9t\u00e9 initialement trait\u00e9s par radioth\u00e9rapie.<\/p>\t\t\t\t\t\t\t\t<\/div>\n\t\t\t\t<\/div>\n\t\t\t\t<div class=\"elementor-element elementor-element-2088d60 elementor-widget elementor-widget-heading\" data-id=\"2088d60\" data-element_type=\"widget\" data-widget_type=\"heading.default\">\n\t\t\t\t<div class=\"elementor-widget-container\">\n\t\t\t\t\t<h3 class=\"elementor-heading-title elementor-size-default\">La prostatectomie<\/h3>\t\t\t\t<\/div>\n\t\t\t\t<\/div>\n\t\t\t\t<div class=\"elementor-element elementor-element-b6d5373 elementor-widget elementor-widget-text-editor\" data-id=\"b6d5373\" data-element_type=\"widget\" data-widget_type=\"text-editor.default\">\n\t\t\t\t<div class=\"elementor-widget-container\">\n\t\t\t\t\t\t\t\t\t<p>Consid\u00e9r\u00e9 comme le traitement de r\u00e9f\u00e9rence du cancer de la prostate, la prostatectomie repr\u00e9sente un acte chirurgical lourd. Effectu\u00e9 sous anesth\u00e9sie g\u00e9n\u00e9rale, l\u2019op\u00e9ration consiste \u00e0 retirer enti\u00e8rement la prostate et les v\u00e9sicules s\u00e9minales. Ce traitement n\u00e9cessite plusieurs semaines de convalescence.<\/p>\t\t\t\t\t\t\t\t<\/div>\n\t\t\t\t<\/div>\n\t\t\t\t<div class=\"elementor-element elementor-element-dde6c9c elementor-widget elementor-widget-heading\" data-id=\"dde6c9c\" data-element_type=\"widget\" data-widget_type=\"heading.default\">\n\t\t\t\t<div class=\"elementor-widget-container\">\n\t\t\t\t\t<h3 class=\"elementor-heading-title elementor-size-default\">L\u2019hormonoth\u00e9rapie<\/h3>\t\t\t\t<\/div>\n\t\t\t\t<\/div>\n\t\t\t\t<div class=\"elementor-element elementor-element-684c325 elementor-widget elementor-widget-text-editor\" data-id=\"684c325\" data-element_type=\"widget\" data-widget_type=\"text-editor.default\">\n\t\t\t\t<div class=\"elementor-widget-container\">\n\t\t\t\t\t\t\t\t\t<p>Le cancer de la prostate appara\u00eet comme hormonosensible. Cela signifie que son d\u00e9veloppement s\u2019active sous l\u2019effet des hormones. Un traitement hormonal va contrer l\u2019action stimulante de la testost\u00e9rone sur les cellules tumorales. Ce traitement du cancer de la prostate est g\u00e9n\u00e9ralement propos\u00e9 dans les cas de cancer de stade avanc\u00e9. Des traitements comme la curieth\u00e9rapie, la chimioth\u00e9rapie et la radioth\u00e9rapie externe sont \u00e9galement propos\u00e9s aux patients, en fonction de l\u2019\u00e9volution de la maladie et du patient (\u00e2ge, \u00e9tat physique g\u00e9n\u00e9ral, etc.).<\/p>\t\t\t\t\t\t\t\t<\/div>\n\t\t\t\t<\/div>\n\t\t<div class=\"elementor-element elementor-element-79f81ec e-con-full e-flex e-con e-child\" data-id=\"79f81ec\" data-element_type=\"container\">\n\t\t\t\t<div class=\"elementor-element elementor-element-2d52355 hpe-title-underline-middle elementor-widget elementor-widget-heading\" data-id=\"2d52355\" data-element_type=\"widget\" data-widget_type=\"heading.default\">\n\t\t\t\t<div class=\"elementor-widget-container\">\n\t\t\t\t\t<h2 class=\"elementor-heading-title elementor-size-default\">La m\u00e9thode HIFU, traitement non invasif du cancer de la prostate localis\u00e9<\/h2>\t\t\t\t<\/div>\n\t\t\t\t<\/div>\n\t\t\t\t<\/div>\n\t\t\t\t<div class=\"elementor-element elementor-element-54f66cc elementor-widget elementor-widget-text-editor\" data-id=\"54f66cc\" data-element_type=\"widget\" data-widget_type=\"text-editor.default\">\n\t\t\t\t<div class=\"elementor-widget-container\">\n\t\t\t\t\t\t\t\t\t<p>Le cancer de la prostate localis\u00e9 offre au patient la possibilit\u00e9 de choisir un traitement m\u00e9dical non invasif : la m\u00e9thode HIFU. Reconnue pour son respect de la qualit\u00e9 de vie des personnes et ses nombreux avantages, elle apporte une r\u00e9elle alternative aux nombreux traitements du cancer de la prostate bien souvent agressifs.<br \/><br \/>L\u2019<a href=\"https:\/\/dev.hifu-prostate.fr\/fr\/\">HIFU<\/a>\u00a0consiste \u00e0 d\u00e9truire les cellules canc\u00e9reuses avec des\u00a0ultrasons\u00a0focalis\u00e9s de haute densit\u00e9. Le\u00a0<a href=\"https:\/\/dev.hifu-prostate.fr\/fr\/accueil\/traitement-par-hifu\/\">traitement HIFU<\/a>\u00a0n\u2019implique ni radiation ni incision. Cette solution th\u00e9rapeutique permet de traiter la prostate en tout ou partie. La pr\u00e9cision de la m\u00e9thode HIFU permet de cibler parfaitement le cancer localis\u00e9. La temp\u00e9rature \u00e9lev\u00e9e s\u2019applique uniquement sur la zone \u00e0 traiter, laissant intacts les tissus environnants. Contrairement \u00e0 d\u2019autres traitements m\u00e9dicaux, le\u00a0sphincter\u00a0urinaire et les nerfs \u00e9recteurs sont ici pr\u00e9serv\u00e9s, les effets secondaires s\u2019av\u00e8rent donc limit\u00e9s.<br \/><br \/>Cette solution m\u00e9dicale pr\u00e9sente de nombreux avantages pour les patients :<\/p><ul><li>L\u2019HIFU permet un traitement personnalis\u00e9 (focal ou radical)<\/li><li>L\u2019hospitalisation est de courte dur\u00e9e (2 jours seulement)<\/li><li>Le patient profite d\u2019un retour rapide \u00e0 la vie normale<\/li><li>Le traitement par HIFU pr\u00e9sente peu d\u2019effets secondaires en comparaison \u00e0 d\u2019autres traitements classiques<\/li><\/ul><p>\u00a0<\/p><p><a href=\"https:\/\/dev.hifu-prostate.fr\/fr\/accueil\/traitement-par-hifu\/le-traitement-par-ultrasons-hifu\/\">D\u00e9couvrez la m\u00e9thode HIFU<\/a><\/p>\t\t\t\t\t\t\t\t<\/div>\n\t\t\t\t<\/div>\n\t\t\t\t<\/div>\n\t\t\t\t\t<\/div>\n\t\t\t\t<\/div>\n\t\t\t\t<\/div>\n\t\t","protected":false},"excerpt":{"rendered":"<p>Quels traitements pour le cancer de la prostate ? Quel traitement du cancer de la prostate pour se soigner aux mieux ? Le choix du traitement du cancer de la prostate est souvent fonction du stade de l\u2019\u00e9volution de la maladie. Il est \u00e0 noter que le patient peut parfois avoir le choix de son [&hellip;]<\/p>\n","protected":false},"author":566,"featured_media":0,"parent":8932,"menu_order":0,"comment_status":"closed","ping_status":"closed","template":"","meta":{"footnotes":""},"class_list":["post-9061","page","type-page","status-publish","hentry"],"yoast_head":"<!-- This site is optimized with the Yoast SEO plugin v26.3 - https:\/\/yoast.com\/wordpress\/plugins\/seo\/ -->\n<title>Quels traitements pour le cancer de la prostate ? | HIFU-PROSTATE FR<\/title>\n<meta name=\"robots\" content=\"noindex, follow, max-snippet:-1, max-image-preview:large, max-video-preview:-1\" \/>\n<meta property=\"og:locale\" content=\"fr_FR\" \/>\n<meta property=\"og:type\" content=\"article\" \/>\n<meta property=\"og:title\" content=\"Quels traitements pour le cancer de la prostate ? | HIFU-PROSTATE FR\" \/>\n<meta property=\"og:description\" content=\"Quels traitements pour le cancer de la prostate ? Quel traitement du cancer de la prostate pour se soigner aux mieux ? Le choix du traitement du cancer de la prostate est souvent fonction du stade de l\u2019\u00e9volution de la maladie. Il est \u00e0 noter que le patient peut parfois avoir le choix de son [&hellip;]\" \/>\n<meta property=\"og:url\" content=\"https:\/\/dev.hifu-prostate.fr\/fr\/en-savoir-plus-sur-le-cancer-de-la-prostate\/quels-traitements-pour-le-cancer-de-la-prostate\/\" \/>\n<meta property=\"og:site_name\" content=\"HIFU-PROSTATE FR\" \/>\n<meta property=\"article:modified_time\" content=\"2025-11-12T15:35:21+00:00\" \/>\n<meta name=\"twitter:card\" content=\"summary_large_image\" \/>\n<meta name=\"twitter:label1\" content=\"Dur\u00e9e de lecture estim\u00e9e\" \/>\n\t<meta name=\"twitter:data1\" content=\"3 minutes\" \/>\n<script type=\"application\/ld+json\" class=\"yoast-schema-graph\">{\"@context\":\"https:\/\/schema.org\",\"@graph\":[{\"@type\":\"WebPage\",\"@id\":\"https:\/\/dev.hifu-prostate.fr\/fr\/en-savoir-plus-sur-le-cancer-de-la-prostate\/quels-traitements-pour-le-cancer-de-la-prostate\/\",\"url\":\"https:\/\/dev.hifu-prostate.fr\/fr\/en-savoir-plus-sur-le-cancer-de-la-prostate\/quels-traitements-pour-le-cancer-de-la-prostate\/\",\"name\":\"Quels traitements pour le cancer de la prostate ? | HIFU-PROSTATE FR\",\"isPartOf\":{\"@id\":\"https:\/\/dev.hifu-prostate.fr\/fr\/#website\"},\"datePublished\":\"2025-11-12T15:32:17+00:00\",\"dateModified\":\"2025-11-12T15:35:21+00:00\",\"breadcrumb\":{\"@id\":\"https:\/\/dev.hifu-prostate.fr\/fr\/en-savoir-plus-sur-le-cancer-de-la-prostate\/quels-traitements-pour-le-cancer-de-la-prostate\/#breadcrumb\"},\"inLanguage\":\"fr-FR\",\"potentialAction\":[{\"@type\":\"ReadAction\",\"target\":[\"https:\/\/dev.hifu-prostate.fr\/fr\/en-savoir-plus-sur-le-cancer-de-la-prostate\/quels-traitements-pour-le-cancer-de-la-prostate\/\"]}]},{\"@type\":\"BreadcrumbList\",\"@id\":\"https:\/\/dev.hifu-prostate.fr\/fr\/en-savoir-plus-sur-le-cancer-de-la-prostate\/quels-traitements-pour-le-cancer-de-la-prostate\/#breadcrumb\",\"itemListElement\":[{\"@type\":\"ListItem\",\"position\":1,\"name\":\"Accueil\",\"item\":\"https:\/\/dev.hifu-prostate.fr\/fr\/\"},{\"@type\":\"ListItem\",\"position\":2,\"name\":\"En savoir plus sur le cancer de la prostate\",\"item\":\"https:\/\/dev.hifu-prostate.fr\/fr\/en-savoir-plus-sur-le-cancer-de-la-prostate\/\"},{\"@type\":\"ListItem\",\"position\":3,\"name\":\"Quels traitements pour le cancer de la prostate ?\"}]},{\"@type\":\"WebSite\",\"@id\":\"https:\/\/dev.hifu-prostate.fr\/fr\/#website\",\"url\":\"https:\/\/dev.hifu-prostate.fr\/fr\/\",\"name\":\"HIFU-PROSTATE FR\",\"description\":\"HIFU-Prostate, votre expert du traitement du cancer de la prostate.\",\"publisher\":{\"@id\":\"https:\/\/dev.hifu-prostate.fr\/fr\/#organization\"},\"potentialAction\":[{\"@type\":\"SearchAction\",\"target\":{\"@type\":\"EntryPoint\",\"urlTemplate\":\"https:\/\/dev.hifu-prostate.fr\/fr\/?s={search_term_string}\"},\"query-input\":{\"@type\":\"PropertyValueSpecification\",\"valueRequired\":true,\"valueName\":\"search_term_string\"}}],\"inLanguage\":\"fr-FR\"},{\"@type\":\"Organization\",\"@id\":\"https:\/\/dev.hifu-prostate.fr\/fr\/#organization\",\"name\":\"HIFU-PROSTATE FR\",\"url\":\"https:\/\/dev.hifu-prostate.fr\/fr\/\",\"logo\":{\"@type\":\"ImageObject\",\"inLanguage\":\"fr-FR\",\"@id\":\"https:\/\/dev.hifu-prostate.fr\/fr\/#\/schema\/logo\/image\/\",\"url\":\"https:\/\/dev.hifu-prostate.fr\/fr\/wp-content\/uploads\/sites\/2\/2025\/11\/Logo-hifu-prostate-CMJN.svg\",\"contentUrl\":\"https:\/\/dev.hifu-prostate.fr\/fr\/wp-content\/uploads\/sites\/2\/2025\/11\/Logo-hifu-prostate-CMJN.svg\",\"width\":211,\"height\":69,\"caption\":\"HIFU-PROSTATE FR\"},\"image\":{\"@id\":\"https:\/\/dev.hifu-prostate.fr\/fr\/#\/schema\/logo\/image\/\"}}]}<\/script>\n<!-- \/ Yoast SEO plugin. -->","yoast_head_json":{"title":"Quels traitements pour le cancer de la prostate ? | HIFU-PROSTATE FR","robots":{"index":"noindex","follow":"follow","max-snippet":"max-snippet:-1","max-image-preview":"max-image-preview:large","max-video-preview":"max-video-preview:-1"},"og_locale":"fr_FR","og_type":"article","og_title":"Quels traitements pour le cancer de la prostate ? | HIFU-PROSTATE FR","og_description":"Quels traitements pour le cancer de la prostate ? Quel traitement du cancer de la prostate pour se soigner aux mieux ? Le choix du traitement du cancer de la prostate est souvent fonction du stade de l\u2019\u00e9volution de la maladie. Il est \u00e0 noter que le patient peut parfois avoir le choix de son [&hellip;]","og_url":"https:\/\/dev.hifu-prostate.fr\/fr\/en-savoir-plus-sur-le-cancer-de-la-prostate\/quels-traitements-pour-le-cancer-de-la-prostate\/","og_site_name":"HIFU-PROSTATE FR","article_modified_time":"2025-11-12T15:35:21+00:00","twitter_card":"summary_large_image","twitter_misc":{"Dur\u00e9e de lecture estim\u00e9e":"3 minutes"},"schema":{"@context":"https:\/\/schema.org","@graph":[{"@type":"WebPage","@id":"https:\/\/dev.hifu-prostate.fr\/fr\/en-savoir-plus-sur-le-cancer-de-la-prostate\/quels-traitements-pour-le-cancer-de-la-prostate\/","url":"https:\/\/dev.hifu-prostate.fr\/fr\/en-savoir-plus-sur-le-cancer-de-la-prostate\/quels-traitements-pour-le-cancer-de-la-prostate\/","name":"Quels traitements pour le cancer de la prostate ? | HIFU-PROSTATE FR","isPartOf":{"@id":"https:\/\/dev.hifu-prostate.fr\/fr\/#website"},"datePublished":"2025-11-12T15:32:17+00:00","dateModified":"2025-11-12T15:35:21+00:00","breadcrumb":{"@id":"https:\/\/dev.hifu-prostate.fr\/fr\/en-savoir-plus-sur-le-cancer-de-la-prostate\/quels-traitements-pour-le-cancer-de-la-prostate\/#breadcrumb"},"inLanguage":"fr-FR","potentialAction":[{"@type":"ReadAction","target":["https:\/\/dev.hifu-prostate.fr\/fr\/en-savoir-plus-sur-le-cancer-de-la-prostate\/quels-traitements-pour-le-cancer-de-la-prostate\/"]}]},{"@type":"BreadcrumbList","@id":"https:\/\/dev.hifu-prostate.fr\/fr\/en-savoir-plus-sur-le-cancer-de-la-prostate\/quels-traitements-pour-le-cancer-de-la-prostate\/#breadcrumb","itemListElement":[{"@type":"ListItem","position":1,"name":"Accueil","item":"https:\/\/dev.hifu-prostate.fr\/fr\/"},{"@type":"ListItem","position":2,"name":"En savoir plus sur le cancer de la prostate","item":"https:\/\/dev.hifu-prostate.fr\/fr\/en-savoir-plus-sur-le-cancer-de-la-prostate\/"},{"@type":"ListItem","position":3,"name":"Quels traitements pour le cancer de la prostate ?"}]},{"@type":"WebSite","@id":"https:\/\/dev.hifu-prostate.fr\/fr\/#website","url":"https:\/\/dev.hifu-prostate.fr\/fr\/","name":"HIFU-PROSTATE FR","description":"HIFU-Prostate, votre expert du traitement du cancer de la prostate.","publisher":{"@id":"https:\/\/dev.hifu-prostate.fr\/fr\/#organization"},"potentialAction":[{"@type":"SearchAction","target":{"@type":"EntryPoint","urlTemplate":"https:\/\/dev.hifu-prostate.fr\/fr\/?s={search_term_string}"},"query-input":{"@type":"PropertyValueSpecification","valueRequired":true,"valueName":"search_term_string"}}],"inLanguage":"fr-FR"},{"@type":"Organization","@id":"https:\/\/dev.hifu-prostate.fr\/fr\/#organization","name":"HIFU-PROSTATE FR","url":"https:\/\/dev.hifu-prostate.fr\/fr\/","logo":{"@type":"ImageObject","inLanguage":"fr-FR","@id":"https:\/\/dev.hifu-prostate.fr\/fr\/#\/schema\/logo\/image\/","url":"https:\/\/dev.hifu-prostate.fr\/fr\/wp-content\/uploads\/sites\/2\/2025\/11\/Logo-hifu-prostate-CMJN.svg","contentUrl":"https:\/\/dev.hifu-prostate.fr\/fr\/wp-content\/uploads\/sites\/2\/2025\/11\/Logo-hifu-prostate-CMJN.svg","width":211,"height":69,"caption":"HIFU-PROSTATE FR"},"image":{"@id":"https:\/\/dev.hifu-prostate.fr\/fr\/#\/schema\/logo\/image\/"}}]}},"_links":{"self":[{"href":"https:\/\/dev.hifu-prostate.fr\/fr\/wp-json\/wp\/v2\/pages\/9061","targetHints":{"allow":["GET"]}}],"collection":[{"href":"https:\/\/dev.hifu-prostate.fr\/fr\/wp-json\/wp\/v2\/pages"}],"about":[{"href":"https:\/\/dev.hifu-prostate.fr\/fr\/wp-json\/wp\/v2\/types\/page"}],"author":[{"embeddable":true,"href":"https:\/\/dev.hifu-prostate.fr\/fr\/wp-json\/wp\/v2\/users\/566"}],"replies":[{"embeddable":true,"href":"https:\/\/dev.hifu-prostate.fr\/fr\/wp-json\/wp\/v2\/comments?post=9061"}],"version-history":[{"count":4,"href":"https:\/\/dev.hifu-prostate.fr\/fr\/wp-json\/wp\/v2\/pages\/9061\/revisions"}],"predecessor-version":[{"id":9065,"href":"https:\/\/dev.hifu-prostate.fr\/fr\/wp-json\/wp\/v2\/pages\/9061\/revisions\/9065"}],"up":[{"embeddable":true,"href":"https:\/\/dev.hifu-prostate.fr\/fr\/wp-json\/wp\/v2\/pages\/8932"}],"wp:attachment":[{"href":"https:\/\/dev.hifu-prostate.fr\/fr\/wp-json\/wp\/v2\/media?parent=9061"}],"curies":[{"name":"wp","href":"https:\/\/api.w.org\/{rel}","templated":true}]}}