{"id":9069,"date":"2025-11-12T16:37:03","date_gmt":"2025-11-12T15:37:03","guid":{"rendered":"https:\/\/dev.hifu-prostate.fr\/fr\/?page_id=9069"},"modified":"2025-11-12T16:40:27","modified_gmt":"2025-11-12T15:40:27","slug":"les-stades-du-cancer-de-la-prostate","status":"publish","type":"page","link":"https:\/\/dev.hifu-prostate.fr\/fr\/en-savoir-plus-sur-le-cancer-de-la-prostate\/les-stades-du-cancer-de-la-prostate\/","title":{"rendered":"Les stades du cancer de la prostate"},"content":{"rendered":"\t\t<div data-elementor-type=\"wp-page\" data-elementor-id=\"9069\" class=\"elementor elementor-9069\" data-elementor-post-type=\"page\">\n\t\t\t\t<div class=\"elementor-element elementor-element-1633353 e-flex e-con-boxed e-con e-parent\" data-id=\"1633353\" data-element_type=\"container\">\n\t\t\t\t\t<div class=\"e-con-inner\">\n\t\t<div class=\"elementor-element elementor-element-88c71b3 e-con-full hp-leadline e-flex e-con e-child\" data-id=\"88c71b3\" data-element_type=\"container\">\n\t\t\t\t<div class=\"elementor-element elementor-element-d4b02b0 elementor-widget elementor-widget-html\" data-id=\"d4b02b0\" data-element_type=\"widget\" data-widget_type=\"html.default\">\n\t\t\t\t<div class=\"elementor-widget-container\">\n\t\t\t\t\t<h1 class=\"hp-lead-title\">\n  <strong>\nLes stades du cancer de la prostate\n<\/strong>\n<\/h1>\t\t\t\t<\/div>\n\t\t\t\t<\/div>\n\t\t\t\t<\/div>\n\t\t\t\t\t<\/div>\n\t\t\t\t<\/div>\n\t\t<div class=\"elementor-element elementor-element-9fe2eaf e-flex e-con-boxed e-con e-parent\" data-id=\"9fe2eaf\" data-element_type=\"container\">\n\t\t\t\t\t<div class=\"e-con-inner\">\n\t\t<div class=\"elementor-element elementor-element-80e1ab2 e-con-full e-flex e-con e-child\" data-id=\"80e1ab2\" data-element_type=\"container\">\n\t\t\t\t<div class=\"elementor-element elementor-element-39c4eb1 elementor-widget elementor-widget-text-editor\" data-id=\"39c4eb1\" data-element_type=\"widget\" data-widget_type=\"text-editor.default\">\n\t\t\t\t<div class=\"elementor-widget-container\">\n\t\t\t\t\t\t\t\t\t<p>Cancer le plus fr\u00e9quent chez l\u2019homme, le cancer de la prostate est cependant rare avant l\u2019\u00e2ge de 50 ans. Il est g\u00e9n\u00e9ralement diagnostiqu\u00e9 vers l\u2019\u00e2ge de 70 ans en moyenne. Afin d\u2019obtenir un meilleur taux de gu\u00e9rison du cancer de la prostate en adaptant le traitement \u00e0 l\u2019\u00e9volution, le corps m\u00e9dical a \u00e9tabli diff\u00e9rents stades du cancer de la prostate.<\/p>\t\t\t\t\t\t\t\t<\/div>\n\t\t\t\t<\/div>\n\t\t<div class=\"elementor-element elementor-element-8118d9a e-con-full e-flex e-con e-child\" data-id=\"8118d9a\" data-element_type=\"container\">\n\t\t\t\t<div class=\"elementor-element elementor-element-52dd3be hpe-title-underline-middle elementor-widget elementor-widget-heading\" data-id=\"52dd3be\" data-element_type=\"widget\" data-widget_type=\"heading.default\">\n\t\t\t\t<div class=\"elementor-widget-container\">\n\t\t\t\t\t<h2 class=\"elementor-heading-title elementor-size-default\">L\u2019\u00e9volution du cancer de la prostate<\/h2>\t\t\t\t<\/div>\n\t\t\t\t<\/div>\n\t\t\t\t<\/div>\n\t\t\t\t<div class=\"elementor-element elementor-element-2a6d664 elementor-widget elementor-widget-text-editor\" data-id=\"2a6d664\" data-element_type=\"widget\" data-widget_type=\"text-editor.default\">\n\t\t\t\t<div class=\"elementor-widget-container\">\n\t\t\t\t\t\t\t\t\t<p>Le cancer est une maladie qui \u00e9volue souvent sur plusieurs ann\u00e9es. Contrairement \u00e0 d\u2019autres types de cancer, celui de la prostate a une croissance relativement lente. Son \u00e9volution peut se faire sur 10 ans et plus. Proc\u00e9der \u00e0 la stadification permet d\u2019\u00e9valuer l\u2019\u00e9tendue de la maladie.<\/p><p>La tumeur initialement limit\u00e9e \u00e0 la prostate peut \u00e9voluer. La multiplication des cellules canc\u00e9reuses fait que ces derni\u00e8res peuvent se d\u00e9tacher de la prostate et envahir d\u2019autres parties du corps. En effet, au cours de l\u2019\u00e9volution de la maladie, les ganglions lymphatiques situ\u00e9s \u00e0 proximit\u00e9 de la prostate, les os, le foie voire m\u00eame les poumons peuvent \u00eatre atteints.<\/p><p>Afin de pouvoir adapter le traitement du cancer au patient malade, le classement de la maladie par stade s\u2019av\u00e8re indispensable. Cela favorise l\u2019accroissement du taux de gu\u00e9rison du cancer de la prostate.<\/p>\t\t\t\t\t\t\t\t<\/div>\n\t\t\t\t<\/div>\n\t\t<div class=\"elementor-element elementor-element-9a5c0ac e-con-full e-flex e-con e-child\" data-id=\"9a5c0ac\" data-element_type=\"container\">\n\t\t\t\t<div class=\"elementor-element elementor-element-390cb4a hpe-title-underline-middle elementor-widget elementor-widget-heading\" data-id=\"390cb4a\" data-element_type=\"widget\" data-widget_type=\"heading.default\">\n\t\t\t\t<div class=\"elementor-widget-container\">\n\t\t\t\t\t<h2 class=\"elementor-heading-title elementor-size-default\">Quels sont les stades du cancer de la prostate<\/h2>\t\t\t\t<\/div>\n\t\t\t\t<\/div>\n\t\t\t\t<\/div>\n\t\t\t\t<div class=\"elementor-element elementor-element-90832ef elementor-widget elementor-widget-text-editor\" data-id=\"90832ef\" data-element_type=\"widget\" data-widget_type=\"text-editor.default\">\n\t\t\t\t<div class=\"elementor-widget-container\">\n\t\t\t\t\t\t\t\t\t<p>Les diff\u00e9rents stades classent la maladie en fonction de la quantit\u00e9 de cellules canc\u00e9reuses pr\u00e9sentes dans le corps du patient et de son emplacement au moment du diagnostic initial.<br \/><br \/>Le syst\u00e8me de classement diff\u00e9rencie ici 4 stades. Le cancer de la prostate stade 4 correspond aux cas o\u00f9 la maladie est la plus fortement propag\u00e9e, le\u00a0<a href=\"https:\/\/dev.hifu-prostate.fr\/fr\/accueil\/en-savoir-plus-sur-le-cancer-de-la-prostate\/les-stades-du-cancer-de-la-prostate\/\">cancer de la prostate stade 1<\/a>\u00a0\u00e9tant le degr\u00e9 le plus faible.<\/p>\t\t\t\t\t\t\t\t<\/div>\n\t\t\t\t<\/div>\n\t\t\t\t<div class=\"elementor-element elementor-element-ff47d4a elementor-widget elementor-widget-heading\" data-id=\"ff47d4a\" data-element_type=\"widget\" data-widget_type=\"heading.default\">\n\t\t\t\t<div class=\"elementor-widget-container\">\n\t\t\t\t\t<h3 class=\"elementor-heading-title elementor-size-default\">Cancer de la prostate stades 1 et 2 : les cancers localis\u00e9s<\/h3>\t\t\t\t<\/div>\n\t\t\t\t<\/div>\n\t\t\t\t<div class=\"elementor-element elementor-element-aab725d elementor-widget elementor-widget-text-editor\" data-id=\"aab725d\" data-element_type=\"widget\" data-widget_type=\"text-editor.default\">\n\t\t\t\t<div class=\"elementor-widget-container\">\n\t\t\t\t\t\t\t\t\t<p>Le cancer de la prostate stade 1 concerne les patients dont la maladie n\u2019a pas \u00e9t\u00e9 d\u00e9tect\u00e9e au toucher rectal. Les cellules canc\u00e9reuses sont peu nombreuses dans ce cas. Le malade ne ressent ni ne pr\u00e9sente aucun sympt\u00f4me du cancer.<\/p><p>Le stade 2 correspond \u00e0 la situation o\u00f9 le toucher rectal r\u00e9v\u00e8le le cancer par la pr\u00e9sence d\u2019une masse dure. Dans ce cas, la maladie appara\u00eet localis\u00e9e \u00e0 la prostate et ne peut concerner qu\u2019un seul des deux lobes de la glande.<\/p>\t\t\t\t\t\t\t\t<\/div>\n\t\t\t\t<\/div>\n\t\t\t\t<div class=\"elementor-element elementor-element-03bf4c9 elementor-widget elementor-widget-heading\" data-id=\"03bf4c9\" data-element_type=\"widget\" data-widget_type=\"heading.default\">\n\t\t\t\t<div class=\"elementor-widget-container\">\n\t\t\t\t\t<h3 class=\"elementor-heading-title elementor-size-default\">Cancer de la prostate stades 3 et 4 : les cancers avanc\u00e9s<\/h3>\t\t\t\t<\/div>\n\t\t\t\t<\/div>\n\t\t\t\t<div class=\"elementor-element elementor-element-6ac416d elementor-widget elementor-widget-text-editor\" data-id=\"6ac416d\" data-element_type=\"widget\" data-widget_type=\"text-editor.default\">\n\t\t\t\t<div class=\"elementor-widget-container\">\n\t\t\t\t\t\t\t\t\t<p>Le stade 3 de la maladie s\u2019adresse aux patients dont la maladie conna\u00eet une \u00e9volution plus importante. \u00c0 ce stade du cancer de la prostate, les cellules canc\u00e9reuses se sont \u00e9tendues au-del\u00e0 de la glande voire ont atteint les v\u00e9sicules s\u00e9minales.<br \/><br \/>Lorsque la maladie a pris une plus grande ampleur et touche d\u2019autres parties du corps, il s\u2019agit alors du stade 4 du cancer de la prostate. Le cancer n\u2019est plus localis\u00e9 mais avanc\u00e9, touchant des organes voisins de la prostate comme le\u00a0rectum\u00a0ou la\u00a0vessie, voire plus encore (le foie, les os et parfois m\u00eame les poumons).<br \/><br \/>Le corps m\u00e9dical propose aujourd\u2019hui plusieurs traitements pour gu\u00e9rir la maladie, adapt\u00e9s \u00e0 chaque stade du cancer de la prostate.<br \/><br \/>La m\u00e9thode\u00a0<a href=\"https:\/\/dev.hifu-prostate.fr\/fr\/\">HIFU<\/a>, moins agressive, permet de traiter le cancer localis\u00e9 avec un traitement non invasif.<\/p><p>A lire : <a href=\"https:\/\/dev.hifu-prostate.fr\/fr\/accueil\/le-cancer-de-la-prostate\/les-traitements-du-cancer-de-la-prostate\/\">Les traitements contre le cancer de la prostate<\/a><\/p><p><a href=\"https:\/\/dev.hifu-prostate.fr\/fr\/accueil\/traitement-par-hifu\/\">En savoir plus sur la m\u00e9thode HIFU<\/a><\/p>\t\t\t\t\t\t\t\t<\/div>\n\t\t\t\t<\/div>\n\t\t\t\t<\/div>\n\t\t\t\t\t<\/div>\n\t\t\t\t<\/div>\n\t\t\t\t<\/div>\n\t\t","protected":false},"excerpt":{"rendered":"<p>Les stades du cancer de la prostate Cancer le plus fr\u00e9quent chez l\u2019homme, le cancer de la prostate est cependant rare avant l\u2019\u00e2ge de 50 ans. Il est g\u00e9n\u00e9ralement diagnostiqu\u00e9 vers l\u2019\u00e2ge de 70 ans en moyenne. Afin d\u2019obtenir un meilleur taux de gu\u00e9rison du cancer de la prostate en adaptant le traitement \u00e0 l\u2019\u00e9volution, [&hellip;]<\/p>\n","protected":false},"author":566,"featured_media":0,"parent":8932,"menu_order":0,"comment_status":"closed","ping_status":"closed","template":"","meta":{"footnotes":""},"class_list":["post-9069","page","type-page","status-publish","hentry"],"yoast_head":"<!-- This site is optimized with the Yoast SEO plugin v26.3 - https:\/\/yoast.com\/wordpress\/plugins\/seo\/ -->\n<title>Les stades du cancer de la prostate | HIFU-PROSTATE FR<\/title>\n<meta name=\"robots\" content=\"noindex, follow, max-snippet:-1, max-image-preview:large, max-video-preview:-1\" \/>\n<meta property=\"og:locale\" content=\"fr_FR\" \/>\n<meta property=\"og:type\" content=\"article\" \/>\n<meta property=\"og:title\" content=\"Les stades du cancer de la prostate | HIFU-PROSTATE FR\" \/>\n<meta property=\"og:description\" content=\"Les stades du cancer de la prostate Cancer le plus fr\u00e9quent chez l\u2019homme, le cancer de la prostate est cependant rare avant l\u2019\u00e2ge de 50 ans. Il est g\u00e9n\u00e9ralement diagnostiqu\u00e9 vers l\u2019\u00e2ge de 70 ans en moyenne. Afin d\u2019obtenir un meilleur taux de gu\u00e9rison du cancer de la prostate en adaptant le traitement \u00e0 l\u2019\u00e9volution, [&hellip;]\" \/>\n<meta property=\"og:url\" content=\"https:\/\/dev.hifu-prostate.fr\/fr\/en-savoir-plus-sur-le-cancer-de-la-prostate\/les-stades-du-cancer-de-la-prostate\/\" \/>\n<meta property=\"og:site_name\" content=\"HIFU-PROSTATE FR\" \/>\n<meta property=\"article:modified_time\" content=\"2025-11-12T15:40:27+00:00\" \/>\n<meta name=\"twitter:card\" content=\"summary_large_image\" \/>\n<meta name=\"twitter:label1\" content=\"Dur\u00e9e de lecture estim\u00e9e\" \/>\n\t<meta name=\"twitter:data1\" content=\"3 minutes\" \/>\n<script type=\"application\/ld+json\" class=\"yoast-schema-graph\">{\"@context\":\"https:\/\/schema.org\",\"@graph\":[{\"@type\":\"WebPage\",\"@id\":\"https:\/\/dev.hifu-prostate.fr\/fr\/en-savoir-plus-sur-le-cancer-de-la-prostate\/les-stades-du-cancer-de-la-prostate\/\",\"url\":\"https:\/\/dev.hifu-prostate.fr\/fr\/en-savoir-plus-sur-le-cancer-de-la-prostate\/les-stades-du-cancer-de-la-prostate\/\",\"name\":\"Les stades du cancer de la prostate | HIFU-PROSTATE FR\",\"isPartOf\":{\"@id\":\"https:\/\/dev.hifu-prostate.fr\/fr\/#website\"},\"datePublished\":\"2025-11-12T15:37:03+00:00\",\"dateModified\":\"2025-11-12T15:40:27+00:00\",\"breadcrumb\":{\"@id\":\"https:\/\/dev.hifu-prostate.fr\/fr\/en-savoir-plus-sur-le-cancer-de-la-prostate\/les-stades-du-cancer-de-la-prostate\/#breadcrumb\"},\"inLanguage\":\"fr-FR\",\"potentialAction\":[{\"@type\":\"ReadAction\",\"target\":[\"https:\/\/dev.hifu-prostate.fr\/fr\/en-savoir-plus-sur-le-cancer-de-la-prostate\/les-stades-du-cancer-de-la-prostate\/\"]}]},{\"@type\":\"BreadcrumbList\",\"@id\":\"https:\/\/dev.hifu-prostate.fr\/fr\/en-savoir-plus-sur-le-cancer-de-la-prostate\/les-stades-du-cancer-de-la-prostate\/#breadcrumb\",\"itemListElement\":[{\"@type\":\"ListItem\",\"position\":1,\"name\":\"Accueil\",\"item\":\"https:\/\/dev.hifu-prostate.fr\/fr\/\"},{\"@type\":\"ListItem\",\"position\":2,\"name\":\"En savoir plus sur le cancer de la prostate\",\"item\":\"https:\/\/dev.hifu-prostate.fr\/fr\/en-savoir-plus-sur-le-cancer-de-la-prostate\/\"},{\"@type\":\"ListItem\",\"position\":3,\"name\":\"Les stades du cancer de la prostate\"}]},{\"@type\":\"WebSite\",\"@id\":\"https:\/\/dev.hifu-prostate.fr\/fr\/#website\",\"url\":\"https:\/\/dev.hifu-prostate.fr\/fr\/\",\"name\":\"HIFU-PROSTATE FR\",\"description\":\"HIFU-Prostate, votre expert du traitement du cancer de la prostate.\",\"publisher\":{\"@id\":\"https:\/\/dev.hifu-prostate.fr\/fr\/#organization\"},\"potentialAction\":[{\"@type\":\"SearchAction\",\"target\":{\"@type\":\"EntryPoint\",\"urlTemplate\":\"https:\/\/dev.hifu-prostate.fr\/fr\/?s={search_term_string}\"},\"query-input\":{\"@type\":\"PropertyValueSpecification\",\"valueRequired\":true,\"valueName\":\"search_term_string\"}}],\"inLanguage\":\"fr-FR\"},{\"@type\":\"Organization\",\"@id\":\"https:\/\/dev.hifu-prostate.fr\/fr\/#organization\",\"name\":\"HIFU-PROSTATE FR\",\"url\":\"https:\/\/dev.hifu-prostate.fr\/fr\/\",\"logo\":{\"@type\":\"ImageObject\",\"inLanguage\":\"fr-FR\",\"@id\":\"https:\/\/dev.hifu-prostate.fr\/fr\/#\/schema\/logo\/image\/\",\"url\":\"https:\/\/dev.hifu-prostate.fr\/fr\/wp-content\/uploads\/sites\/2\/2025\/11\/Logo-hifu-prostate-CMJN.svg\",\"contentUrl\":\"https:\/\/dev.hifu-prostate.fr\/fr\/wp-content\/uploads\/sites\/2\/2025\/11\/Logo-hifu-prostate-CMJN.svg\",\"width\":211,\"height\":69,\"caption\":\"HIFU-PROSTATE FR\"},\"image\":{\"@id\":\"https:\/\/dev.hifu-prostate.fr\/fr\/#\/schema\/logo\/image\/\"}}]}<\/script>\n<!-- \/ Yoast SEO plugin. -->","yoast_head_json":{"title":"Les stades du cancer de la prostate | HIFU-PROSTATE FR","robots":{"index":"noindex","follow":"follow","max-snippet":"max-snippet:-1","max-image-preview":"max-image-preview:large","max-video-preview":"max-video-preview:-1"},"og_locale":"fr_FR","og_type":"article","og_title":"Les stades du cancer de la prostate | HIFU-PROSTATE FR","og_description":"Les stades du cancer de la prostate Cancer le plus fr\u00e9quent chez l\u2019homme, le cancer de la prostate est cependant rare avant l\u2019\u00e2ge de 50 ans. Il est g\u00e9n\u00e9ralement diagnostiqu\u00e9 vers l\u2019\u00e2ge de 70 ans en moyenne. Afin d\u2019obtenir un meilleur taux de gu\u00e9rison du cancer de la prostate en adaptant le traitement \u00e0 l\u2019\u00e9volution, [&hellip;]","og_url":"https:\/\/dev.hifu-prostate.fr\/fr\/en-savoir-plus-sur-le-cancer-de-la-prostate\/les-stades-du-cancer-de-la-prostate\/","og_site_name":"HIFU-PROSTATE FR","article_modified_time":"2025-11-12T15:40:27+00:00","twitter_card":"summary_large_image","twitter_misc":{"Dur\u00e9e de lecture estim\u00e9e":"3 minutes"},"schema":{"@context":"https:\/\/schema.org","@graph":[{"@type":"WebPage","@id":"https:\/\/dev.hifu-prostate.fr\/fr\/en-savoir-plus-sur-le-cancer-de-la-prostate\/les-stades-du-cancer-de-la-prostate\/","url":"https:\/\/dev.hifu-prostate.fr\/fr\/en-savoir-plus-sur-le-cancer-de-la-prostate\/les-stades-du-cancer-de-la-prostate\/","name":"Les stades du cancer de la prostate | HIFU-PROSTATE FR","isPartOf":{"@id":"https:\/\/dev.hifu-prostate.fr\/fr\/#website"},"datePublished":"2025-11-12T15:37:03+00:00","dateModified":"2025-11-12T15:40:27+00:00","breadcrumb":{"@id":"https:\/\/dev.hifu-prostate.fr\/fr\/en-savoir-plus-sur-le-cancer-de-la-prostate\/les-stades-du-cancer-de-la-prostate\/#breadcrumb"},"inLanguage":"fr-FR","potentialAction":[{"@type":"ReadAction","target":["https:\/\/dev.hifu-prostate.fr\/fr\/en-savoir-plus-sur-le-cancer-de-la-prostate\/les-stades-du-cancer-de-la-prostate\/"]}]},{"@type":"BreadcrumbList","@id":"https:\/\/dev.hifu-prostate.fr\/fr\/en-savoir-plus-sur-le-cancer-de-la-prostate\/les-stades-du-cancer-de-la-prostate\/#breadcrumb","itemListElement":[{"@type":"ListItem","position":1,"name":"Accueil","item":"https:\/\/dev.hifu-prostate.fr\/fr\/"},{"@type":"ListItem","position":2,"name":"En savoir plus sur le cancer de la prostate","item":"https:\/\/dev.hifu-prostate.fr\/fr\/en-savoir-plus-sur-le-cancer-de-la-prostate\/"},{"@type":"ListItem","position":3,"name":"Les stades du cancer de la prostate"}]},{"@type":"WebSite","@id":"https:\/\/dev.hifu-prostate.fr\/fr\/#website","url":"https:\/\/dev.hifu-prostate.fr\/fr\/","name":"HIFU-PROSTATE FR","description":"HIFU-Prostate, votre expert du traitement du cancer de la prostate.","publisher":{"@id":"https:\/\/dev.hifu-prostate.fr\/fr\/#organization"},"potentialAction":[{"@type":"SearchAction","target":{"@type":"EntryPoint","urlTemplate":"https:\/\/dev.hifu-prostate.fr\/fr\/?s={search_term_string}"},"query-input":{"@type":"PropertyValueSpecification","valueRequired":true,"valueName":"search_term_string"}}],"inLanguage":"fr-FR"},{"@type":"Organization","@id":"https:\/\/dev.hifu-prostate.fr\/fr\/#organization","name":"HIFU-PROSTATE FR","url":"https:\/\/dev.hifu-prostate.fr\/fr\/","logo":{"@type":"ImageObject","inLanguage":"fr-FR","@id":"https:\/\/dev.hifu-prostate.fr\/fr\/#\/schema\/logo\/image\/","url":"https:\/\/dev.hifu-prostate.fr\/fr\/wp-content\/uploads\/sites\/2\/2025\/11\/Logo-hifu-prostate-CMJN.svg","contentUrl":"https:\/\/dev.hifu-prostate.fr\/fr\/wp-content\/uploads\/sites\/2\/2025\/11\/Logo-hifu-prostate-CMJN.svg","width":211,"height":69,"caption":"HIFU-PROSTATE FR"},"image":{"@id":"https:\/\/dev.hifu-prostate.fr\/fr\/#\/schema\/logo\/image\/"}}]}},"_links":{"self":[{"href":"https:\/\/dev.hifu-prostate.fr\/fr\/wp-json\/wp\/v2\/pages\/9069","targetHints":{"allow":["GET"]}}],"collection":[{"href":"https:\/\/dev.hifu-prostate.fr\/fr\/wp-json\/wp\/v2\/pages"}],"about":[{"href":"https:\/\/dev.hifu-prostate.fr\/fr\/wp-json\/wp\/v2\/types\/page"}],"author":[{"embeddable":true,"href":"https:\/\/dev.hifu-prostate.fr\/fr\/wp-json\/wp\/v2\/users\/566"}],"replies":[{"embeddable":true,"href":"https:\/\/dev.hifu-prostate.fr\/fr\/wp-json\/wp\/v2\/comments?post=9069"}],"version-history":[{"count":4,"href":"https:\/\/dev.hifu-prostate.fr\/fr\/wp-json\/wp\/v2\/pages\/9069\/revisions"}],"predecessor-version":[{"id":9073,"href":"https:\/\/dev.hifu-prostate.fr\/fr\/wp-json\/wp\/v2\/pages\/9069\/revisions\/9073"}],"up":[{"embeddable":true,"href":"https:\/\/dev.hifu-prostate.fr\/fr\/wp-json\/wp\/v2\/pages\/8932"}],"wp:attachment":[{"href":"https:\/\/dev.hifu-prostate.fr\/fr\/wp-json\/wp\/v2\/media?parent=9069"}],"curies":[{"name":"wp","href":"https:\/\/api.w.org\/{rel}","templated":true}]}}