{"id":9106,"date":"2025-11-12T17:22:15","date_gmt":"2025-11-12T16:22:15","guid":{"rendered":"https:\/\/dev.hifu-prostate.fr\/fr\/?page_id=9106"},"modified":"2025-11-28T13:19:57","modified_gmt":"2025-11-28T12:19:57","slug":"politique-de-gestion-des-cookies","status":"publish","type":"page","link":"https:\/\/dev.hifu-prostate.fr\/fr\/politique-de-gestion-des-cookies\/","title":{"rendered":"Politique de gestion des Cookies"},"content":{"rendered":"\t\t<div data-elementor-type=\"wp-page\" data-elementor-id=\"9106\" class=\"elementor elementor-9106\" data-elementor-post-type=\"page\">\n\t\t\t\t<div class=\"elementor-element elementor-element-5a798c6e e-flex e-con-boxed e-con e-parent\" data-id=\"5a798c6e\" data-element_type=\"container\">\n\t\t\t\t\t<div class=\"e-con-inner\">\n\t\t\t\t<div class=\"elementor-element elementor-element-242fafbd elementor-align-left elementor-widget elementor-widget-breadcrumbs\" data-id=\"242fafbd\" data-element_type=\"widget\" data-widget_type=\"breadcrumbs.default\">\n\t\t\t\t<div class=\"elementor-widget-container\">\n\t\t\t\t\t<p id=\"breadcrumbs\"><span><span><a href=\"https:\/\/dev.hifu-prostate.fr\/fr\/\">Accueil<\/a><\/span><\/span><\/p>\t\t\t\t<\/div>\n\t\t\t\t<\/div>\n\t\t\t\t\t<\/div>\n\t\t\t\t<\/div>\n\t\t<div class=\"elementor-element elementor-element-b73cb8c e-flex e-con-boxed e-con e-parent\" data-id=\"b73cb8c\" data-element_type=\"container\">\n\t\t\t\t\t<div class=\"e-con-inner\">\n\t\t<div class=\"elementor-element elementor-element-4b4ce20 e-con-full hp-leadline e-flex e-con e-child\" data-id=\"4b4ce20\" data-element_type=\"container\">\n\t\t\t\t<div class=\"elementor-element elementor-element-7a23fe3 elementor-widget elementor-widget-html\" data-id=\"7a23fe3\" data-element_type=\"widget\" data-widget_type=\"html.default\">\n\t\t\t\t<div class=\"elementor-widget-container\">\n\t\t\t\t\t<h1 class=\"hp-lead-title\">\n  <strong>Politique de gestion des Cookies<\/strong>\n<\/h1>\t\t\t\t<\/div>\n\t\t\t\t<\/div>\n\t\t\t\t<\/div>\n\t\t\t\t\t<\/div>\n\t\t\t\t<\/div>\n\t\t<div class=\"elementor-element elementor-element-508a44e e-flex e-con-boxed e-con e-parent\" data-id=\"508a44e\" data-element_type=\"container\">\n\t\t\t\t\t<div class=\"e-con-inner\">\n\t\t<div class=\"elementor-element elementor-element-84ade2e e-con-full e-flex e-con e-child\" data-id=\"84ade2e\" data-element_type=\"container\">\n\t\t\t\t<div class=\"elementor-element elementor-element-f971ee2 hp-title-underline-left elementor-widget elementor-widget-heading\" data-id=\"f971ee2\" data-element_type=\"widget\" data-widget_type=\"heading.default\">\n\t\t\t\t<div class=\"elementor-widget-container\">\n\t\t\t\t\t<h2 class=\"elementor-heading-title elementor-size-default\">Avant-propos<\/h2>\t\t\t\t<\/div>\n\t\t\t\t<\/div>\n\t\t\t\t<\/div>\n\t\t<div class=\"elementor-element elementor-element-fa16abf e-con-full e-flex e-con e-child\" data-id=\"fa16abf\" data-element_type=\"container\">\n\t\t\t\t<div class=\"elementor-element elementor-element-d7afde0 elementor-widget elementor-widget-text-editor\" data-id=\"d7afde0\" data-element_type=\"widget\" data-widget_type=\"text-editor.default\">\n\t\t\t\t<div class=\"elementor-widget-container\">\n\t\t\t\t\t\t\t\t\t<p>La pr\u00e9sente politique des cookies est applicable d\u00e8s lors que vous consultez notre site Internet. EDAP TMS a adopt\u00e9 cette politique des cookies dans le but de\u00a0:<\/p><ul><li>Vous pr\u00e9sentez les cookies pouvant \u00eatre pr\u00e9sents sur notre site internet<\/li><li>Vous listez les diff\u00e9rents types de cookies<\/li><li>Vous d\u00e9taillez leur fonctionnement et leur utilit\u00e9<\/li><li>Vous expliquez comment param\u00e9trer vos choix en fonction de votre navigateur internet<\/li><\/ul>\t\t\t\t\t\t\t\t<\/div>\n\t\t\t\t<\/div>\n\t\t\t\t<\/div>\n\t\t<div class=\"elementor-element elementor-element-dee83b7 e-con-full e-flex e-con e-child\" data-id=\"dee83b7\" data-element_type=\"container\">\n\t\t\t\t<div class=\"elementor-element elementor-element-b286edc hp-title-underline-left elementor-widget elementor-widget-heading\" data-id=\"b286edc\" data-element_type=\"widget\" data-widget_type=\"heading.default\">\n\t\t\t\t<div class=\"elementor-widget-container\">\n\t\t\t\t\t<h2 class=\"elementor-heading-title elementor-size-default\">Qu\u2019est-ce qu\u2019un cookie ?<\/h2>\t\t\t\t<\/div>\n\t\t\t\t<\/div>\n\t\t\t\t<\/div>\n\t\t<div class=\"elementor-element elementor-element-b63150e e-con-full e-flex e-con e-child\" data-id=\"b63150e\" data-element_type=\"container\">\n\t\t\t\t<div class=\"elementor-element elementor-element-69cc2ef elementor-widget elementor-widget-text-editor\" data-id=\"69cc2ef\" data-element_type=\"widget\" data-widget_type=\"text-editor.default\">\n\t\t\t\t<div class=\"elementor-widget-container\">\n\t\t\t\t\t\t\t\t\t<p>Un cookie est un fichier texte enregistr\u00e9 automatiquement dans votre navigateur et sur votre disque dure par un site web lors de votre visite. Il permet \u00e0 votre ordinateur de stocker diff\u00e9rentes donn\u00e9es techniques comme le nombre de visites, la fr\u00e9quence d\u2019exposition \u00e0 une banni\u00e8re publicitaire, la connexion \u00e0 d\u2019autres sites. Il permet aussi de personnaliser vos prochaines connexions en m\u00e9morisant vos informations de connexions, vos pr\u00e9f\u00e9rences, etc.<\/p>\t\t\t\t\t\t\t\t<\/div>\n\t\t\t\t<\/div>\n\t\t\t\t<\/div>\n\t\t<div class=\"elementor-element elementor-element-45dc924 e-con-full e-flex e-con e-child\" data-id=\"45dc924\" data-element_type=\"container\">\n\t\t\t\t<div class=\"elementor-element elementor-element-a1c302c hp-title-underline-left elementor-widget elementor-widget-heading\" data-id=\"a1c302c\" data-element_type=\"widget\" data-widget_type=\"heading.default\">\n\t\t\t\t<div class=\"elementor-widget-container\">\n\t\t\t\t\t<h2 class=\"elementor-heading-title elementor-size-default\">Quels types de cookies utilisons-nous ?<\/h2>\t\t\t\t<\/div>\n\t\t\t\t<\/div>\n\t\t\t\t<\/div>\n\t\t<div class=\"elementor-element elementor-element-9a844ce e-con-full e-flex e-con e-child\" data-id=\"9a844ce\" data-element_type=\"container\">\n\t\t\t\t<div class=\"elementor-element elementor-element-927b6ea elementor-widget elementor-widget-text-editor\" data-id=\"927b6ea\" data-element_type=\"widget\" data-widget_type=\"text-editor.default\">\n\t\t\t\t<div class=\"elementor-widget-container\">\n\t\t\t\t\t\t\t\t\t<p>EDAP TMS a recens\u00e9 deux cat\u00e9gories de cookies d\u00e9crit ci-apr\u00e8s dont les finalit\u00e9s vont d\u00e9pendre de la nature des cookies. Il s\u2019agit des cookies dont nous avons connaissance.\u00a0 Nous vous informons, que l\u2019\u00e9mission et l\u2019utilisation de cookies par des tiers sont soumises \u00e0 leur propre politique de donn\u00e9es personnelles. Par cons\u00e9quent, si vous d\u00e9sirez en savoir plus sur l\u2019utilisation de vos donn\u00e9es personnelles par ces tiers, nous vous invitons \u00e0 vous rendre directement sur leur site internet.<\/p><ul><li>Les cookies de mesure de performance \u2013 analytique<\/li><li>Les cookies strictement n\u00e9cessaires<\/li><\/ul>\t\t\t\t\t\t\t\t<\/div>\n\t\t\t\t<\/div>\n\t\t\t\t<\/div>\n\t\t<div class=\"elementor-element elementor-element-e991701 e-con-full e-flex e-con e-child\" data-id=\"e991701\" data-element_type=\"container\">\n\t\t\t\t<div class=\"elementor-element elementor-element-d7b183f hp-title-underline-left elementor-widget elementor-widget-heading\" data-id=\"d7b183f\" data-element_type=\"widget\" data-widget_type=\"heading.default\">\n\t\t\t\t<div class=\"elementor-widget-container\">\n\t\t\t\t\t<h2 class=\"elementor-heading-title elementor-size-default\">Pourquoi utilisons-nous des cookies ?<\/h2>\t\t\t\t<\/div>\n\t\t\t\t<\/div>\n\t\t\t\t<\/div>\n\t\t<div class=\"elementor-element elementor-element-164e048 e-con-full e-flex e-con e-child\" data-id=\"164e048\" data-element_type=\"container\">\n\t\t\t\t<div class=\"elementor-element elementor-element-a96ca7d elementor-widget elementor-widget-text-editor\" data-id=\"a96ca7d\" data-element_type=\"widget\" data-widget_type=\"text-editor.default\">\n\t\t\t\t<div class=\"elementor-widget-container\">\n\t\t\t\t\t\t\t\t\t<p><strong>LES COOKIES DE MESURE DE PERFORMANCE \u2013 ANALYTIQUE<\/strong><\/p><p>Ces cookies collectent des informations anonymes sur votre utilisation de notre site internet EDAP TMS. Les informations collect\u00e9es par ces cookies sont utilis\u00e9es uniquement pour am\u00e9liorer votre utilisation de notre site internet et jamais \u00e0 des fins d\u2019identification.\u00a0C\u2019est un traceur qui collecte des informations comme le temps que vous avez pass\u00e9 sur notre site internet, sur quels boutons vous avez cliqu\u00e9, la mani\u00e8re dont vous \u00eates arriv\u00e9 sur le site internet (sites r\u00e9f\u00e9rents, r\u00e9seaux sociaux, moteurs de recherche, etc.).\u00a0Gr\u00e2ce \u00e0 ces cookies, nous mesurons via des statistiques de fr\u00e9quentation l\u2019efficacit\u00e9 de notre contenu interactif et nous am\u00e9liorons nos services.\u00a0Ces cookies peuvent parfois \u00eatre plac\u00e9s par des fournisseurs tiers tels que Google Analytics. Par cons\u00e9quent, nous vous informons que des transferts de donn\u00e9es hors Union Europ\u00e9enne peuvent \u00eatre effectu\u00e9s. Toutefois, nous vous assurons que ces transferts de donn\u00e9es personnelles sont effectu\u00e9s conform\u00e9ment au R\u00e8glement Europ\u00e9en sur la Protection des Donn\u00e9es (RGPD) \u00e0 savoir que nous nous assurons que ces pays assurent un niveau de protection des donn\u00e9es suffisant et appropri\u00e9.\u00a0Vous trouverez ci-dessous un tableau d\u00e9taillant\u00a0: le nom du cookie, son utilit\u00e9 ainsi que sa dur\u00e9e de vie.<\/p><div class=\"wp-block-columns\"><div class=\"wp-block-column\"><div class=\"wp-block-group\"><div class=\"wp-block-group__inner-container\"><figure class=\"wp-block-table is-style-stripes\"><table><tbody><tr><td>Cookies<\/td><td>Utilit\u00e9<\/td><td>Conservation<\/td><\/tr><tr><td>GTM-5SLNZX3<\/td><td>Recueillir des donn\u00e9es performance<\/td><td>14 mois maximum<\/td><\/tr><\/tbody><\/table><\/figure><\/div><\/div><\/div><\/div>\t\t\t\t\t\t\t\t<\/div>\n\t\t\t\t<\/div>\n\t\t\t\t<\/div>\n\t\t<div class=\"elementor-element elementor-element-8a4cdfc e-con-full e-flex e-con e-child\" data-id=\"8a4cdfc\" data-element_type=\"container\">\n\t\t\t\t<div class=\"elementor-element elementor-element-4d47ee6 hp-title-underline-left elementor-widget elementor-widget-heading\" data-id=\"4d47ee6\" data-element_type=\"widget\" data-widget_type=\"heading.default\">\n\t\t\t\t<div class=\"elementor-widget-container\">\n\t\t\t\t\t<h2 class=\"elementor-heading-title elementor-size-default\">Comment les g\u00e9rer ?<\/h2>\t\t\t\t<\/div>\n\t\t\t\t<\/div>\n\t\t\t\t<\/div>\n\t\t<div class=\"elementor-element elementor-element-060eccd e-con-full e-flex e-con e-child\" data-id=\"060eccd\" data-element_type=\"container\">\n\t\t\t\t<div class=\"elementor-element elementor-element-481b368 elementor-widget elementor-widget-text-editor\" data-id=\"481b368\" data-element_type=\"widget\" data-widget_type=\"text-editor.default\">\n\t\t\t\t<div class=\"elementor-widget-container\">\n\t\t\t\t\t\t\t\t\t<p>Nous vous mettons \u00e0 disposition tous les moyens n\u00e9cessaires pour g\u00e9rer votre consentement en mati\u00e8re de cookies. Ainsi nous vous offrons deux possibilit\u00e9s\u00a0:<\/p><p><strong>Modification gr\u00e2ce la plateforme de gestion des cookies YourOnlineChoices<\/strong><\/p><p>Cette plateforme, commun\u00e9ment appel\u00e9e YourOnlineChoices est d\u00e9di\u00e9e \u00e0 la publicit\u00e9 sur internet et \u00e0 la protection de la vie priv\u00e9e sur internet.\u00a0Gr\u00e2ce \u00e0 cette plateforme de l\u2019Union Europ\u00e9enne vous avez la possibilit\u00e9 de d\u00e9sactiv\u00e9e \u00e0 tout moment les cookies de performance-analytique, des r\u00e9seaux sociaux et de publicit\u00e9s.\u00a0Cette plateforme liste toutes les soci\u00e9t\u00e9s qui collectent et utilisent vos informations personnelles pour vous proposer de la publicit\u00e9 bas\u00e9e sur vos centres d\u2019int\u00e9r\u00eats li\u00e9e \u00e0 votre navigation.\u00a0YourOnlineChoices vous offre la possibilit\u00e9 de reprendre le contr\u00f4le sur vos donn\u00e9es personnelles en d\u00e9finissant vos pr\u00e9f\u00e9rences en termes de publicit\u00e9 comportementale.\u00a0Pour ce faire, veuillez cliquer sur le lien hypertexte suivant\u00a0:\u00a0<a href=\"https:\/\/www.youronlinechoices.com\/fr\/controler-ses-cookies\/\">YourOnlineChoice<\/a>.<\/p><p><strong>Modification gr\u00e2ce au param\u00e9trage de votre navigateur<\/strong><\/p><p>La plupart des navigateurs (<a href=\"https:\/\/support.google.com\/chrome\/answer\/95647?hl=fr&amp;hlrm=en\">Google Chrome<\/a>,\u00a0<a href=\"http:\/\/windows.microsoft.com\/fr-FR\/windows-vista\/Block-or-allow-Cookies\">Internet Explorer<\/a>,\u00a0<a href=\"http:\/\/support.mozilla.org\/fr\/kb\/cookies-informations-sites-enregistrent?redirectlocale=fr&amp;redirectslug=G%C3%A9rer+les+cookies\">Firefox<\/a>\u00a0et\u00a0<a href=\"http:\/\/help.opera.com\/Windows\/10.20\/fr\/cookies.html\">Op\u00e9ra<\/a>\u00a0) acceptent les cookies par d\u00e9faut. Cependant, vous pouvez d\u00e9cider de bloquer ces cookies ou demander \u00e0 votre navigateur de vous avertir lorsqu\u2019un site tente de d\u00e9poser un cookie sur votre appareil.\u00a0Pour changer la gestion des cookies de votre navigateur, vous pouvez modifier les r\u00e9glages dans l\u2019onglet confidentialit\u00e9.\u00a0Attention, certaines fonctionnalit\u00e9s du site peuvent ne plus fonctionner.\u00a0La configuration de chaque navigateur est diff\u00e9rente. Elle est d\u00e9crite dans le menu d\u2019aide de votre navigateur, qui vous permettra de savoir de quelle mani\u00e8re modifier vos souhaits en mati\u00e8re de cookies.<\/p><p><strong>Modification gr\u00e2ce au bandeau de gestion des cookies<\/strong><\/p><p>EDAP TMS a mis en place un bandeau de gestion des cookies conforme aux nouvelles recommandations de la CNIL. Ainsi, vous avez la possibilit\u00e9 d\u2019accepter, de personnaliser ou de refuser les cookies directement depuis notre site en exprimant votre choix \u00e0 l\u2019aide du bandeau qui appara\u00eet en haut de votre \u00e9cran.<\/p>\t\t\t\t\t\t\t\t<\/div>\n\t\t\t\t<\/div>\n\t\t\t\t<\/div>\n\t\t<div class=\"elementor-element elementor-element-0c35a0d e-con-full e-flex e-con e-child\" data-id=\"0c35a0d\" data-element_type=\"container\">\n\t\t\t\t<div class=\"elementor-element elementor-element-938a976 hp-title-underline-left elementor-widget elementor-widget-heading\" data-id=\"938a976\" data-element_type=\"widget\" data-widget_type=\"heading.default\">\n\t\t\t\t<div class=\"elementor-widget-container\">\n\t\t\t\t\t<h2 class=\"elementor-heading-title elementor-size-default\">Mise \u00e0 jour de la politique des cookies<\/h2>\t\t\t\t<\/div>\n\t\t\t\t<\/div>\n\t\t\t\t<\/div>\n\t\t<div class=\"elementor-element elementor-element-568c96a e-con-full e-flex e-con e-child\" data-id=\"568c96a\" data-element_type=\"container\">\n\t\t\t\t<div class=\"elementor-element elementor-element-515dc42 elementor-widget elementor-widget-text-editor\" data-id=\"515dc42\" data-element_type=\"widget\" data-widget_type=\"text-editor.default\">\n\t\t\t\t<div class=\"elementor-widget-container\">\n\t\t\t\t\t\t\t\t\t<p>La pr\u00e9sente politique des cookies peut \u00eatre amen\u00e9e \u00e0 \u00e9voluer. La derni\u00e8re mise \u00e0 jour a \u00e9t\u00e9 effectu\u00e9 le 6 d\u00e9cembre 2021.<\/p>\t\t\t\t\t\t\t\t<\/div>\n\t\t\t\t<\/div>\n\t\t\t\t<\/div>\n\t\t\t\t\t<\/div>\n\t\t\t\t<\/div>\n\t\t\t\t<\/div>\n\t\t","protected":false},"excerpt":{"rendered":"<p>Politique de gestion des Cookies Avant-propos La pr\u00e9sente politique des cookies est applicable d\u00e8s lors que vous consultez notre site Internet. EDAP TMS a adopt\u00e9 cette politique des cookies dans le but de\u00a0: Vous pr\u00e9sentez les cookies pouvant \u00eatre pr\u00e9sents sur notre site internet Vous listez les diff\u00e9rents types de cookies Vous d\u00e9taillez leur fonctionnement [&hellip;]<\/p>\n","protected":false},"author":566,"featured_media":0,"parent":0,"menu_order":0,"comment_status":"closed","ping_status":"closed","template":"","meta":{"footnotes":""},"class_list":["post-9106","page","type-page","status-publish","hentry"],"yoast_head":"<!-- This site is optimized with the Yoast SEO plugin v26.3 - https:\/\/yoast.com\/wordpress\/plugins\/seo\/ -->\n<title>Politique de gestion des Cookies | HIFU-PROSTATE FR<\/title>\n<meta name=\"robots\" content=\"noindex, follow, max-snippet:-1, max-image-preview:large, max-video-preview:-1\" \/>\n<meta property=\"og:locale\" content=\"fr_FR\" \/>\n<meta property=\"og:type\" content=\"article\" \/>\n<meta property=\"og:title\" content=\"Politique de gestion des Cookies | HIFU-PROSTATE FR\" \/>\n<meta property=\"og:description\" content=\"Politique de gestion des Cookies Avant-propos La pr\u00e9sente politique des cookies est applicable d\u00e8s lors que vous consultez notre site Internet. EDAP TMS a adopt\u00e9 cette politique des cookies dans le but de\u00a0: Vous pr\u00e9sentez les cookies pouvant \u00eatre pr\u00e9sents sur notre site internet Vous listez les diff\u00e9rents types de cookies Vous d\u00e9taillez leur fonctionnement [&hellip;]\" \/>\n<meta property=\"og:url\" content=\"https:\/\/dev.hifu-prostate.fr\/fr\/politique-de-gestion-des-cookies\/\" \/>\n<meta property=\"og:site_name\" content=\"HIFU-PROSTATE FR\" \/>\n<meta property=\"article:modified_time\" content=\"2025-11-28T12:19:57+00:00\" \/>\n<meta name=\"twitter:card\" content=\"summary_large_image\" \/>\n<meta name=\"twitter:label1\" content=\"Dur\u00e9e de lecture estim\u00e9e\" \/>\n\t<meta name=\"twitter:data1\" content=\"5 minutes\" \/>\n<script type=\"application\/ld+json\" class=\"yoast-schema-graph\">{\"@context\":\"https:\/\/schema.org\",\"@graph\":[{\"@type\":\"WebPage\",\"@id\":\"https:\/\/dev.hifu-prostate.fr\/fr\/politique-de-gestion-des-cookies\/\",\"url\":\"https:\/\/dev.hifu-prostate.fr\/fr\/politique-de-gestion-des-cookies\/\",\"name\":\"Politique de gestion des Cookies | HIFU-PROSTATE FR\",\"isPartOf\":{\"@id\":\"https:\/\/dev.hifu-prostate.fr\/fr\/#website\"},\"datePublished\":\"2025-11-12T16:22:15+00:00\",\"dateModified\":\"2025-11-28T12:19:57+00:00\",\"breadcrumb\":{\"@id\":\"https:\/\/dev.hifu-prostate.fr\/fr\/politique-de-gestion-des-cookies\/#breadcrumb\"},\"inLanguage\":\"fr-FR\",\"potentialAction\":[{\"@type\":\"ReadAction\",\"target\":[\"https:\/\/dev.hifu-prostate.fr\/fr\/politique-de-gestion-des-cookies\/\"]}]},{\"@type\":\"BreadcrumbList\",\"@id\":\"https:\/\/dev.hifu-prostate.fr\/fr\/politique-de-gestion-des-cookies\/#breadcrumb\",\"itemListElement\":[{\"@type\":\"ListItem\",\"position\":1,\"name\":\"Accueil\",\"item\":\"https:\/\/dev.hifu-prostate.fr\/fr\/\"},{\"@type\":\"ListItem\",\"position\":2,\"name\":\"Politique de gestion des Cookies\"}]},{\"@type\":\"WebSite\",\"@id\":\"https:\/\/dev.hifu-prostate.fr\/fr\/#website\",\"url\":\"https:\/\/dev.hifu-prostate.fr\/fr\/\",\"name\":\"HIFU-PROSTATE FR\",\"description\":\"HIFU-Prostate, votre expert du traitement du cancer de la prostate.\",\"publisher\":{\"@id\":\"https:\/\/dev.hifu-prostate.fr\/fr\/#organization\"},\"potentialAction\":[{\"@type\":\"SearchAction\",\"target\":{\"@type\":\"EntryPoint\",\"urlTemplate\":\"https:\/\/dev.hifu-prostate.fr\/fr\/?s={search_term_string}\"},\"query-input\":{\"@type\":\"PropertyValueSpecification\",\"valueRequired\":true,\"valueName\":\"search_term_string\"}}],\"inLanguage\":\"fr-FR\"},{\"@type\":\"Organization\",\"@id\":\"https:\/\/dev.hifu-prostate.fr\/fr\/#organization\",\"name\":\"HIFU-PROSTATE FR\",\"url\":\"https:\/\/dev.hifu-prostate.fr\/fr\/\",\"logo\":{\"@type\":\"ImageObject\",\"inLanguage\":\"fr-FR\",\"@id\":\"https:\/\/dev.hifu-prostate.fr\/fr\/#\/schema\/logo\/image\/\",\"url\":\"https:\/\/dev.hifu-prostate.fr\/fr\/wp-content\/uploads\/sites\/2\/2025\/11\/Logo-hifu-prostate-CMJN.svg\",\"contentUrl\":\"https:\/\/dev.hifu-prostate.fr\/fr\/wp-content\/uploads\/sites\/2\/2025\/11\/Logo-hifu-prostate-CMJN.svg\",\"width\":211,\"height\":69,\"caption\":\"HIFU-PROSTATE FR\"},\"image\":{\"@id\":\"https:\/\/dev.hifu-prostate.fr\/fr\/#\/schema\/logo\/image\/\"}}]}<\/script>\n<!-- \/ Yoast SEO plugin. -->","yoast_head_json":{"title":"Politique de gestion des Cookies | HIFU-PROSTATE FR","robots":{"index":"noindex","follow":"follow","max-snippet":"max-snippet:-1","max-image-preview":"max-image-preview:large","max-video-preview":"max-video-preview:-1"},"og_locale":"fr_FR","og_type":"article","og_title":"Politique de gestion des Cookies | HIFU-PROSTATE FR","og_description":"Politique de gestion des Cookies Avant-propos La pr\u00e9sente politique des cookies est applicable d\u00e8s lors que vous consultez notre site Internet. EDAP TMS a adopt\u00e9 cette politique des cookies dans le but de\u00a0: Vous pr\u00e9sentez les cookies pouvant \u00eatre pr\u00e9sents sur notre site internet Vous listez les diff\u00e9rents types de cookies Vous d\u00e9taillez leur fonctionnement [&hellip;]","og_url":"https:\/\/dev.hifu-prostate.fr\/fr\/politique-de-gestion-des-cookies\/","og_site_name":"HIFU-PROSTATE FR","article_modified_time":"2025-11-28T12:19:57+00:00","twitter_card":"summary_large_image","twitter_misc":{"Dur\u00e9e de lecture estim\u00e9e":"5 minutes"},"schema":{"@context":"https:\/\/schema.org","@graph":[{"@type":"WebPage","@id":"https:\/\/dev.hifu-prostate.fr\/fr\/politique-de-gestion-des-cookies\/","url":"https:\/\/dev.hifu-prostate.fr\/fr\/politique-de-gestion-des-cookies\/","name":"Politique de gestion des Cookies | HIFU-PROSTATE FR","isPartOf":{"@id":"https:\/\/dev.hifu-prostate.fr\/fr\/#website"},"datePublished":"2025-11-12T16:22:15+00:00","dateModified":"2025-11-28T12:19:57+00:00","breadcrumb":{"@id":"https:\/\/dev.hifu-prostate.fr\/fr\/politique-de-gestion-des-cookies\/#breadcrumb"},"inLanguage":"fr-FR","potentialAction":[{"@type":"ReadAction","target":["https:\/\/dev.hifu-prostate.fr\/fr\/politique-de-gestion-des-cookies\/"]}]},{"@type":"BreadcrumbList","@id":"https:\/\/dev.hifu-prostate.fr\/fr\/politique-de-gestion-des-cookies\/#breadcrumb","itemListElement":[{"@type":"ListItem","position":1,"name":"Accueil","item":"https:\/\/dev.hifu-prostate.fr\/fr\/"},{"@type":"ListItem","position":2,"name":"Politique de gestion des Cookies"}]},{"@type":"WebSite","@id":"https:\/\/dev.hifu-prostate.fr\/fr\/#website","url":"https:\/\/dev.hifu-prostate.fr\/fr\/","name":"HIFU-PROSTATE FR","description":"HIFU-Prostate, votre expert du traitement du cancer de la prostate.","publisher":{"@id":"https:\/\/dev.hifu-prostate.fr\/fr\/#organization"},"potentialAction":[{"@type":"SearchAction","target":{"@type":"EntryPoint","urlTemplate":"https:\/\/dev.hifu-prostate.fr\/fr\/?s={search_term_string}"},"query-input":{"@type":"PropertyValueSpecification","valueRequired":true,"valueName":"search_term_string"}}],"inLanguage":"fr-FR"},{"@type":"Organization","@id":"https:\/\/dev.hifu-prostate.fr\/fr\/#organization","name":"HIFU-PROSTATE FR","url":"https:\/\/dev.hifu-prostate.fr\/fr\/","logo":{"@type":"ImageObject","inLanguage":"fr-FR","@id":"https:\/\/dev.hifu-prostate.fr\/fr\/#\/schema\/logo\/image\/","url":"https:\/\/dev.hifu-prostate.fr\/fr\/wp-content\/uploads\/sites\/2\/2025\/11\/Logo-hifu-prostate-CMJN.svg","contentUrl":"https:\/\/dev.hifu-prostate.fr\/fr\/wp-content\/uploads\/sites\/2\/2025\/11\/Logo-hifu-prostate-CMJN.svg","width":211,"height":69,"caption":"HIFU-PROSTATE FR"},"image":{"@id":"https:\/\/dev.hifu-prostate.fr\/fr\/#\/schema\/logo\/image\/"}}]}},"_links":{"self":[{"href":"https:\/\/dev.hifu-prostate.fr\/fr\/wp-json\/wp\/v2\/pages\/9106","targetHints":{"allow":["GET"]}}],"collection":[{"href":"https:\/\/dev.hifu-prostate.fr\/fr\/wp-json\/wp\/v2\/pages"}],"about":[{"href":"https:\/\/dev.hifu-prostate.fr\/fr\/wp-json\/wp\/v2\/types\/page"}],"author":[{"embeddable":true,"href":"https:\/\/dev.hifu-prostate.fr\/fr\/wp-json\/wp\/v2\/users\/566"}],"replies":[{"embeddable":true,"href":"https:\/\/dev.hifu-prostate.fr\/fr\/wp-json\/wp\/v2\/comments?post=9106"}],"version-history":[{"count":10,"href":"https:\/\/dev.hifu-prostate.fr\/fr\/wp-json\/wp\/v2\/pages\/9106\/revisions"}],"predecessor-version":[{"id":9642,"href":"https:\/\/dev.hifu-prostate.fr\/fr\/wp-json\/wp\/v2\/pages\/9106\/revisions\/9642"}],"wp:attachment":[{"href":"https:\/\/dev.hifu-prostate.fr\/fr\/wp-json\/wp\/v2\/media?parent=9106"}],"curies":[{"name":"wp","href":"https:\/\/api.w.org\/{rel}","templated":true}]}}