{"id":9114,"date":"2025-11-12T17:27:18","date_gmt":"2025-11-12T16:27:18","guid":{"rendered":"https:\/\/dev.hifu-prostate.fr\/fr\/?page_id=9114"},"modified":"2025-11-28T13:16:37","modified_gmt":"2025-11-28T12:16:37","slug":"a-propos-dhifu-prostate","status":"publish","type":"page","link":"https:\/\/dev.hifu-prostate.fr\/fr\/a-propos-dhifu-prostate\/","title":{"rendered":"A propos d\u2019HIFU Prostate"},"content":{"rendered":"\t\t<div data-elementor-type=\"wp-page\" data-elementor-id=\"9114\" class=\"elementor elementor-9114\" data-elementor-post-type=\"page\">\n\t\t\t\t<div class=\"elementor-element elementor-element-3ae995f8 e-flex e-con-boxed e-con e-parent\" data-id=\"3ae995f8\" data-element_type=\"container\">\n\t\t\t\t\t<div class=\"e-con-inner\">\n\t\t\t\t<div class=\"elementor-element elementor-element-31c283fa elementor-align-left elementor-widget elementor-widget-breadcrumbs\" data-id=\"31c283fa\" data-element_type=\"widget\" data-widget_type=\"breadcrumbs.default\">\n\t\t\t\t<div class=\"elementor-widget-container\">\n\t\t\t\t\t<p id=\"breadcrumbs\"><span><span><a href=\"https:\/\/dev.hifu-prostate.fr\/fr\/\">Accueil<\/a><\/span><\/span><\/p>\t\t\t\t<\/div>\n\t\t\t\t<\/div>\n\t\t\t\t\t<\/div>\n\t\t\t\t<\/div>\n\t\t<div class=\"elementor-element elementor-element-c9d0aa9 e-flex e-con-boxed e-con e-parent\" data-id=\"c9d0aa9\" data-element_type=\"container\">\n\t\t\t\t\t<div class=\"e-con-inner\">\n\t\t<div class=\"elementor-element elementor-element-75269bc e-con-full hp-leadline e-flex e-con e-child\" data-id=\"75269bc\" data-element_type=\"container\">\n\t\t\t\t<div class=\"elementor-element elementor-element-628a7c1 elementor-widget elementor-widget-html\" data-id=\"628a7c1\" data-element_type=\"widget\" data-widget_type=\"html.default\">\n\t\t\t\t<div class=\"elementor-widget-container\">\n\t\t\t\t\t<h1 class=\"hp-lead-title\">\n  <strong>A propos d\u2019HIFU Prostate <\/strong>\n<\/h1>\t\t\t\t<\/div>\n\t\t\t\t<\/div>\n\t\t\t\t<\/div>\n\t\t\t\t\t<\/div>\n\t\t\t\t<\/div>\n\t\t<div class=\"elementor-element elementor-element-af269a6 e-flex e-con-boxed e-con e-parent\" data-id=\"af269a6\" data-element_type=\"container\">\n\t\t\t\t\t<div class=\"e-con-inner\">\n\t\t<div class=\"elementor-element elementor-element-fef8d8f e-con-full e-flex e-con e-child\" data-id=\"fef8d8f\" data-element_type=\"container\">\n\t\t\t\t<div class=\"elementor-element elementor-element-5836e6a hp-title-underline-left elementor-widget elementor-widget-heading\" data-id=\"5836e6a\" data-element_type=\"widget\" data-widget_type=\"heading.default\">\n\t\t\t\t<div class=\"elementor-widget-container\">\n\t\t\t\t\t<h2 class=\"elementor-heading-title elementor-size-default\">Le site internet HIFU Prostate <\/h2>\t\t\t\t<\/div>\n\t\t\t\t<\/div>\n\t\t\t\t<\/div>\n\t\t<div class=\"elementor-element elementor-element-d1a0253 e-con-full e-flex e-con e-child\" data-id=\"d1a0253\" data-element_type=\"container\">\n\t\t\t\t<div class=\"elementor-element elementor-element-adb8688 elementor-widget elementor-widget-text-editor\" data-id=\"adb8688\" data-element_type=\"widget\" data-widget_type=\"text-editor.default\">\n\t\t\t\t<div class=\"elementor-widget-container\">\n\t\t\t\t\t\t\t\t\t<p>Le site web HIFU Prostate a \u00e9t\u00e9 cr\u00e9\u00e9 pour fournir des informations utiles sur le cancer de la prostate aux patients et tout particuli\u00e8rement sur le traitement par HIFU. Les informations pr\u00e9sentes sur ce site sont \u00e0 destination du grand public ou aux m\u00e9decins d\u00e9sirant des informations sur le cancer de la prostate ou la technologie HIFU. Les informations disponibles sur ce site ne peuvent se substituer \u00e0 un diagnostic d\u2019un professionnel ou aux discussions que vous pouvez avoir avec votre m\u00e9decin ou urologue.<\/p>\t\t\t\t\t\t\t\t<\/div>\n\t\t\t\t<\/div>\n\t\t\t\t<\/div>\n\t\t<div class=\"elementor-element elementor-element-af36394 e-con-full e-flex e-con e-child\" data-id=\"af36394\" data-element_type=\"container\">\n\t\t\t\t<div class=\"elementor-element elementor-element-2517189 hp-title-underline-left elementor-widget elementor-widget-heading\" data-id=\"2517189\" data-element_type=\"widget\" data-widget_type=\"heading.default\">\n\t\t\t\t<div class=\"elementor-widget-container\">\n\t\t\t\t\t<h2 class=\"elementor-heading-title elementor-size-default\">Financement<\/h2>\t\t\t\t<\/div>\n\t\t\t\t<\/div>\n\t\t\t\t<\/div>\n\t\t<div class=\"elementor-element elementor-element-3b21aa0 e-con-full e-flex e-con e-child\" data-id=\"3b21aa0\" data-element_type=\"container\">\n\t\t\t\t<div class=\"elementor-element elementor-element-7c5c4fa elementor-widget elementor-widget-text-editor\" data-id=\"7c5c4fa\" data-element_type=\"widget\" data-widget_type=\"text-editor.default\">\n\t\t\t\t<div class=\"elementor-widget-container\">\n\t\t\t\t\t\t\t\t\t<p>HIFU Prostate est enti\u00e8rement financ\u00e9 par l\u2019entreprise EDAP TMS. Cette entreprise se situe au 4, rue du Dauphin\u00e9, 69120 Vaulx-en-Velin, France.<\/p>\t\t\t\t\t\t\t\t<\/div>\n\t\t\t\t<\/div>\n\t\t\t\t<\/div>\n\t\t<div class=\"elementor-element elementor-element-835155f e-con-full e-flex e-con e-child\" data-id=\"835155f\" data-element_type=\"container\">\n\t\t\t\t<div class=\"elementor-element elementor-element-ded9e3a hp-title-underline-left elementor-widget elementor-widget-heading\" data-id=\"ded9e3a\" data-element_type=\"widget\" data-widget_type=\"heading.default\">\n\t\t\t\t<div class=\"elementor-widget-container\">\n\t\t\t\t\t<h2 class=\"elementor-heading-title elementor-size-default\">Publicit\u00e9<\/h2>\t\t\t\t<\/div>\n\t\t\t\t<\/div>\n\t\t\t\t<\/div>\n\t\t<div class=\"elementor-element elementor-element-446d576 e-con-full e-flex e-con e-child\" data-id=\"446d576\" data-element_type=\"container\">\n\t\t\t\t<div class=\"elementor-element elementor-element-10ccdc4 elementor-widget elementor-widget-text-editor\" data-id=\"10ccdc4\" data-element_type=\"widget\" data-widget_type=\"text-editor.default\">\n\t\t\t\t<div class=\"elementor-widget-container\">\n\t\t\t\t\t\t\t\t\t<p>Il n\u2019y a pas de publicit\u00e9 sur le site internet HIFU Prostate.<\/p>\t\t\t\t\t\t\t\t<\/div>\n\t\t\t\t<\/div>\n\t\t\t\t<\/div>\n\t\t<div class=\"elementor-element elementor-element-528e4ee e-con-full e-flex e-con e-child\" data-id=\"528e4ee\" data-element_type=\"container\">\n\t\t\t\t<div class=\"elementor-element elementor-element-16618dc hp-title-underline-left elementor-widget elementor-widget-heading\" data-id=\"16618dc\" data-element_type=\"widget\" data-widget_type=\"heading.default\">\n\t\t\t\t<div class=\"elementor-widget-container\">\n\t\t\t\t\t<h2 class=\"elementor-heading-title elementor-size-default\">La soci\u00e9t\u00e9<\/h2>\t\t\t\t<\/div>\n\t\t\t\t<\/div>\n\t\t\t\t<\/div>\n\t\t<div class=\"elementor-element elementor-element-5f86943 e-con-full e-flex e-con e-child\" data-id=\"5f86943\" data-element_type=\"container\">\n\t\t\t\t<div class=\"elementor-element elementor-element-50ec033 elementor-widget elementor-widget-text-editor\" data-id=\"50ec033\" data-element_type=\"widget\" data-widget_type=\"text-editor.default\">\n\t\t\t\t<div class=\"elementor-widget-container\">\n\t\t\t\t\t\t\t\t\t<p>Leader dans les ultrasons th\u00e9rapeutiques et pr\u00e9sent sur le march\u00e9 depuis plus de 40 ans, EDAP TMS (NASDAQ:EDAP) d\u00e9veloppe, manufacture, promeut et distribue dans le monde entier des \u00e9quipements m\u00e9dicaux mini-invasifs en urologie qui utilisent des technologie \u00e0 base d\u2019ultrasons. En combinant les derni\u00e8res technologies en mati\u00e8re d\u2019imagerie et de th\u00e9rapie, EDAP introduit le Focal One \u00ae. En compl\u00e9ment de l\u2019\u00e9quipement existant Ablatherm<sup>\u00ae<\/sup>, Focal One \u00ae est indiqu\u00e9 dans le traitement localis\u00e9 du cancer de la prostate. En tant que pionnier et acteur cl\u00e9 dans le milieu de la lithotritie extracorporelle (ESWL), EDAP TMS d\u00e9livre \u00e9galement le Sonolith \u00ae qui utilise les ondes de choc.<\/p>\t\t\t\t\t\t\t\t<\/div>\n\t\t\t\t<\/div>\n\t\t\t\t<\/div>\n\t\t<div class=\"elementor-element elementor-element-de3293c e-con-full e-flex e-con e-child\" data-id=\"de3293c\" data-element_type=\"container\">\n\t\t\t\t<div class=\"elementor-element elementor-element-ad7531b hp-title-underline-left elementor-widget elementor-widget-heading\" data-id=\"ad7531b\" data-element_type=\"widget\" data-widget_type=\"heading.default\">\n\t\t\t\t<div class=\"elementor-widget-container\">\n\t\t\t\t\t<h2 class=\"elementor-heading-title elementor-size-default\">Partenariats de d\u00e9veloppement<\/h2>\t\t\t\t<\/div>\n\t\t\t\t<\/div>\n\t\t\t\t<\/div>\n\t\t<div class=\"elementor-element elementor-element-ded52aa e-con-full e-flex e-con e-child\" data-id=\"ded52aa\" data-element_type=\"container\">\n\t\t\t\t<div class=\"elementor-element elementor-element-93803ea elementor-widget elementor-widget-text-editor\" data-id=\"93803ea\" data-element_type=\"widget\" data-widget_type=\"text-editor.default\">\n\t\t\t\t<div class=\"elementor-widget-container\">\n\t\t\t\t\t\t\t\t\t<p>EDAP TMS d\u00e9veloppe ses \u00e9quipements m\u00e9dicaux avec le soutien de l\u2019Institut National de la Sant\u00e9 et de la Recherche m\u00e9dicale (INSERM) et de l\u2019\u00e9quipe de l\u2019h\u00f4pital Edouard Herriot \u00e0 lyon, en France. Des \u00e9quipes d\u2019experts de ces trois organisations travaillent depuis de nombreuses ann\u00e9es pour d\u00e9velopper les actuels et futurs \u00e9quipements m\u00e9dicaux. Le but de ces \u00e9quipements est de r\u00e9pondre aux besoins des professionnels de sant\u00e9 tout en pr\u00e9servant aux maximum la qualit\u00e9 de vie des patients.<\/p>\t\t\t\t\t\t\t\t<\/div>\n\t\t\t\t<\/div>\n\t\t\t\t<\/div>\n\t\t\t\t\t<\/div>\n\t\t\t\t<\/div>\n\t\t\t\t<\/div>\n\t\t","protected":false},"excerpt":{"rendered":"<p>A propos d\u2019HIFU Prostate Le site internet HIFU Prostate Le site web HIFU Prostate a \u00e9t\u00e9 cr\u00e9\u00e9 pour fournir des informations utiles sur le cancer de la prostate aux patients et tout particuli\u00e8rement sur le traitement par HIFU. Les informations pr\u00e9sentes sur ce site sont \u00e0 destination du grand public ou aux m\u00e9decins d\u00e9sirant des [&hellip;]<\/p>\n","protected":false},"author":566,"featured_media":0,"parent":0,"menu_order":0,"comment_status":"closed","ping_status":"closed","template":"","meta":{"footnotes":""},"class_list":["post-9114","page","type-page","status-publish","hentry"],"yoast_head":"<!-- This site is optimized with the Yoast SEO plugin v26.3 - https:\/\/yoast.com\/wordpress\/plugins\/seo\/ -->\n<title>A propos d\u2019HIFU Prostate | HIFU-PROSTATE FR<\/title>\n<meta name=\"robots\" content=\"noindex, follow, max-snippet:-1, max-image-preview:large, max-video-preview:-1\" \/>\n<meta property=\"og:locale\" content=\"fr_FR\" \/>\n<meta property=\"og:type\" content=\"article\" \/>\n<meta property=\"og:title\" content=\"A propos d\u2019HIFU Prostate | HIFU-PROSTATE FR\" \/>\n<meta property=\"og:description\" content=\"A propos d\u2019HIFU Prostate Le site internet HIFU Prostate Le site web HIFU Prostate a \u00e9t\u00e9 cr\u00e9\u00e9 pour fournir des informations utiles sur le cancer de la prostate aux patients et tout particuli\u00e8rement sur le traitement par HIFU. Les informations pr\u00e9sentes sur ce site sont \u00e0 destination du grand public ou aux m\u00e9decins d\u00e9sirant des [&hellip;]\" \/>\n<meta property=\"og:url\" content=\"https:\/\/dev.hifu-prostate.fr\/fr\/a-propos-dhifu-prostate\/\" \/>\n<meta property=\"og:site_name\" content=\"HIFU-PROSTATE FR\" \/>\n<meta property=\"article:modified_time\" content=\"2025-11-28T12:16:37+00:00\" \/>\n<meta name=\"twitter:card\" content=\"summary_large_image\" \/>\n<meta name=\"twitter:label1\" content=\"Dur\u00e9e de lecture estim\u00e9e\" \/>\n\t<meta name=\"twitter:data1\" content=\"2 minutes\" \/>\n<script type=\"application\/ld+json\" class=\"yoast-schema-graph\">{\"@context\":\"https:\/\/schema.org\",\"@graph\":[{\"@type\":\"WebPage\",\"@id\":\"https:\/\/dev.hifu-prostate.fr\/fr\/a-propos-dhifu-prostate\/\",\"url\":\"https:\/\/dev.hifu-prostate.fr\/fr\/a-propos-dhifu-prostate\/\",\"name\":\"A propos d\u2019HIFU Prostate | HIFU-PROSTATE FR\",\"isPartOf\":{\"@id\":\"https:\/\/dev.hifu-prostate.fr\/fr\/#website\"},\"datePublished\":\"2025-11-12T16:27:18+00:00\",\"dateModified\":\"2025-11-28T12:16:37+00:00\",\"breadcrumb\":{\"@id\":\"https:\/\/dev.hifu-prostate.fr\/fr\/a-propos-dhifu-prostate\/#breadcrumb\"},\"inLanguage\":\"fr-FR\",\"potentialAction\":[{\"@type\":\"ReadAction\",\"target\":[\"https:\/\/dev.hifu-prostate.fr\/fr\/a-propos-dhifu-prostate\/\"]}]},{\"@type\":\"BreadcrumbList\",\"@id\":\"https:\/\/dev.hifu-prostate.fr\/fr\/a-propos-dhifu-prostate\/#breadcrumb\",\"itemListElement\":[{\"@type\":\"ListItem\",\"position\":1,\"name\":\"Accueil\",\"item\":\"https:\/\/dev.hifu-prostate.fr\/fr\/\"},{\"@type\":\"ListItem\",\"position\":2,\"name\":\"A propos d\u2019HIFU Prostate\"}]},{\"@type\":\"WebSite\",\"@id\":\"https:\/\/dev.hifu-prostate.fr\/fr\/#website\",\"url\":\"https:\/\/dev.hifu-prostate.fr\/fr\/\",\"name\":\"HIFU-PROSTATE FR\",\"description\":\"HIFU-Prostate, votre expert du traitement du cancer de la prostate.\",\"publisher\":{\"@id\":\"https:\/\/dev.hifu-prostate.fr\/fr\/#organization\"},\"potentialAction\":[{\"@type\":\"SearchAction\",\"target\":{\"@type\":\"EntryPoint\",\"urlTemplate\":\"https:\/\/dev.hifu-prostate.fr\/fr\/?s={search_term_string}\"},\"query-input\":{\"@type\":\"PropertyValueSpecification\",\"valueRequired\":true,\"valueName\":\"search_term_string\"}}],\"inLanguage\":\"fr-FR\"},{\"@type\":\"Organization\",\"@id\":\"https:\/\/dev.hifu-prostate.fr\/fr\/#organization\",\"name\":\"HIFU-PROSTATE FR\",\"url\":\"https:\/\/dev.hifu-prostate.fr\/fr\/\",\"logo\":{\"@type\":\"ImageObject\",\"inLanguage\":\"fr-FR\",\"@id\":\"https:\/\/dev.hifu-prostate.fr\/fr\/#\/schema\/logo\/image\/\",\"url\":\"https:\/\/dev.hifu-prostate.fr\/fr\/wp-content\/uploads\/sites\/2\/2025\/11\/Logo-hifu-prostate-CMJN.svg\",\"contentUrl\":\"https:\/\/dev.hifu-prostate.fr\/fr\/wp-content\/uploads\/sites\/2\/2025\/11\/Logo-hifu-prostate-CMJN.svg\",\"width\":211,\"height\":69,\"caption\":\"HIFU-PROSTATE FR\"},\"image\":{\"@id\":\"https:\/\/dev.hifu-prostate.fr\/fr\/#\/schema\/logo\/image\/\"}}]}<\/script>\n<!-- \/ Yoast SEO plugin. -->","yoast_head_json":{"title":"A propos d\u2019HIFU Prostate | HIFU-PROSTATE FR","robots":{"index":"noindex","follow":"follow","max-snippet":"max-snippet:-1","max-image-preview":"max-image-preview:large","max-video-preview":"max-video-preview:-1"},"og_locale":"fr_FR","og_type":"article","og_title":"A propos d\u2019HIFU Prostate | HIFU-PROSTATE FR","og_description":"A propos d\u2019HIFU Prostate Le site internet HIFU Prostate Le site web HIFU Prostate a \u00e9t\u00e9 cr\u00e9\u00e9 pour fournir des informations utiles sur le cancer de la prostate aux patients et tout particuli\u00e8rement sur le traitement par HIFU. Les informations pr\u00e9sentes sur ce site sont \u00e0 destination du grand public ou aux m\u00e9decins d\u00e9sirant des [&hellip;]","og_url":"https:\/\/dev.hifu-prostate.fr\/fr\/a-propos-dhifu-prostate\/","og_site_name":"HIFU-PROSTATE FR","article_modified_time":"2025-11-28T12:16:37+00:00","twitter_card":"summary_large_image","twitter_misc":{"Dur\u00e9e de lecture estim\u00e9e":"2 minutes"},"schema":{"@context":"https:\/\/schema.org","@graph":[{"@type":"WebPage","@id":"https:\/\/dev.hifu-prostate.fr\/fr\/a-propos-dhifu-prostate\/","url":"https:\/\/dev.hifu-prostate.fr\/fr\/a-propos-dhifu-prostate\/","name":"A propos d\u2019HIFU Prostate | HIFU-PROSTATE FR","isPartOf":{"@id":"https:\/\/dev.hifu-prostate.fr\/fr\/#website"},"datePublished":"2025-11-12T16:27:18+00:00","dateModified":"2025-11-28T12:16:37+00:00","breadcrumb":{"@id":"https:\/\/dev.hifu-prostate.fr\/fr\/a-propos-dhifu-prostate\/#breadcrumb"},"inLanguage":"fr-FR","potentialAction":[{"@type":"ReadAction","target":["https:\/\/dev.hifu-prostate.fr\/fr\/a-propos-dhifu-prostate\/"]}]},{"@type":"BreadcrumbList","@id":"https:\/\/dev.hifu-prostate.fr\/fr\/a-propos-dhifu-prostate\/#breadcrumb","itemListElement":[{"@type":"ListItem","position":1,"name":"Accueil","item":"https:\/\/dev.hifu-prostate.fr\/fr\/"},{"@type":"ListItem","position":2,"name":"A propos d\u2019HIFU Prostate"}]},{"@type":"WebSite","@id":"https:\/\/dev.hifu-prostate.fr\/fr\/#website","url":"https:\/\/dev.hifu-prostate.fr\/fr\/","name":"HIFU-PROSTATE FR","description":"HIFU-Prostate, votre expert du traitement du cancer de la prostate.","publisher":{"@id":"https:\/\/dev.hifu-prostate.fr\/fr\/#organization"},"potentialAction":[{"@type":"SearchAction","target":{"@type":"EntryPoint","urlTemplate":"https:\/\/dev.hifu-prostate.fr\/fr\/?s={search_term_string}"},"query-input":{"@type":"PropertyValueSpecification","valueRequired":true,"valueName":"search_term_string"}}],"inLanguage":"fr-FR"},{"@type":"Organization","@id":"https:\/\/dev.hifu-prostate.fr\/fr\/#organization","name":"HIFU-PROSTATE FR","url":"https:\/\/dev.hifu-prostate.fr\/fr\/","logo":{"@type":"ImageObject","inLanguage":"fr-FR","@id":"https:\/\/dev.hifu-prostate.fr\/fr\/#\/schema\/logo\/image\/","url":"https:\/\/dev.hifu-prostate.fr\/fr\/wp-content\/uploads\/sites\/2\/2025\/11\/Logo-hifu-prostate-CMJN.svg","contentUrl":"https:\/\/dev.hifu-prostate.fr\/fr\/wp-content\/uploads\/sites\/2\/2025\/11\/Logo-hifu-prostate-CMJN.svg","width":211,"height":69,"caption":"HIFU-PROSTATE FR"},"image":{"@id":"https:\/\/dev.hifu-prostate.fr\/fr\/#\/schema\/logo\/image\/"}}]}},"_links":{"self":[{"href":"https:\/\/dev.hifu-prostate.fr\/fr\/wp-json\/wp\/v2\/pages\/9114","targetHints":{"allow":["GET"]}}],"collection":[{"href":"https:\/\/dev.hifu-prostate.fr\/fr\/wp-json\/wp\/v2\/pages"}],"about":[{"href":"https:\/\/dev.hifu-prostate.fr\/fr\/wp-json\/wp\/v2\/types\/page"}],"author":[{"embeddable":true,"href":"https:\/\/dev.hifu-prostate.fr\/fr\/wp-json\/wp\/v2\/users\/566"}],"replies":[{"embeddable":true,"href":"https:\/\/dev.hifu-prostate.fr\/fr\/wp-json\/wp\/v2\/comments?post=9114"}],"version-history":[{"count":10,"href":"https:\/\/dev.hifu-prostate.fr\/fr\/wp-json\/wp\/v2\/pages\/9114\/revisions"}],"predecessor-version":[{"id":9626,"href":"https:\/\/dev.hifu-prostate.fr\/fr\/wp-json\/wp\/v2\/pages\/9114\/revisions\/9626"}],"wp:attachment":[{"href":"https:\/\/dev.hifu-prostate.fr\/fr\/wp-json\/wp\/v2\/media?parent=9114"}],"curies":[{"name":"wp","href":"https:\/\/api.w.org\/{rel}","templated":true}]}}